{"id":2058,"date":"2021-03-04T17:47:53","date_gmt":"2021-03-04T17:47:53","guid":{"rendered":"https:\/\/archimede.ch\/certification-europrivacy-et-gap-analyses\/"},"modified":"2025-06-18T05:27:57","modified_gmt":"2025-06-18T03:27:57","slug":"certification-europrivacy-et-gap-analyses","status":"publish","type":"page","link":"https:\/\/archimede.ch\/fr\/certification-europrivacy-et-gap-analyses","title":{"rendered":"Certification Europrivacy et analyse d&rsquo;\u00e9carts"},"content":{"rendered":"<p>[et_pb_section fb_built=\u00a0\u00bb1&Prime; _builder_version=\u00a0\u00bb4.0.9&Prime; background_image=\u00a0\u00bbhttps:\/\/archimede.ch\/wp-content\/uploads\/2019\/12\/BG-content-22.jpg\u00a0\u00bb parallax=\u00a0\u00bbon\u00a0\u00bb custom_margin=\u00a0\u00bb||||false|false\u00a0\u00bb custom_padding=\u00a0\u00bb0em||5em||false|false\u00a0\u00bb bottom_divider_style=\u00a0\u00bbmountains2&Prime; bottom_divider_color=\u00a0\u00bb#88C4DD\u00a0\u00bb da_disable_devices=\u00a0\u00bboff|off|off\u00a0\u00bb collapsed=\u00a0\u00bboff\u00a0\u00bb global_colors_info=\u00a0\u00bb{}\u00a0\u00bb da_is_popup=\u00a0\u00bboff\u00a0\u00bb da_exit_intent=\u00a0\u00bboff\u00a0\u00bb da_has_close=\u00a0\u00bbon\u00a0\u00bb da_alt_close=\u00a0\u00bboff\u00a0\u00bb da_dark_close=\u00a0\u00bboff\u00a0\u00bb da_not_modal=\u00a0\u00bbon\u00a0\u00bb da_is_singular=\u00a0\u00bboff\u00a0\u00bb da_with_loader=\u00a0\u00bboff\u00a0\u00bb da_has_shadow=\u00a0\u00bbon\u00a0\u00bb][et_pb_row _builder_version=\u00a0\u00bb4.3.4&Prime; global_colors_info=\u00a0\u00bb{}\u00a0\u00bb][et_pb_column type=\u00a0\u00bb4_4&Prime; _builder_version=\u00a0\u00bb4.0.9&Prime; custom_padding=\u00a0\u00bb|22px||0px|false|false\u00a0\u00bb border_width_right=\u00a0\u00bb1px\u00a0\u00bb border_color_right=\u00a0\u00bb#e5e5e5&Prime; global_colors_info=\u00a0\u00bb{}\u00a0\u00bb][et_pb_code _builder_version=\u00a0\u00bb4.0.9&Prime; global_colors_info=\u00a0\u00bb{}\u00a0\u00bb][\/et_pb_code][et_pb_text _builder_version=\u00a0\u00bb4.2.1&Prime; text_font=\u00a0\u00bb||||||||\u00a0\u00bb text_line_height=\u00a0\u00bb2em\u00a0\u00bb header_font=\u00a0\u00bb||||||||\u00a0\u00bb header_2_font=\u00a0\u00bbMontserrat|300|||||||\u00a0\u00bb header_2_font_size=\u00a0\u00bb40px\u00a0\u00bb header_2_line_height=\u00a0\u00bb1.4em\u00a0\u00bb header_5_font=\u00a0\u00bb||||||||\u00a0\u00bb header_5_text_color=\u00a0\u00bb#7f8dff\u00a0\u00bb header_5_line_height=\u00a0\u00bb2em\u00a0\u00bb text_orientation=\u00a0\u00bbcenter\u00a0\u00bb module_alignment=\u00a0\u00bbcenter\u00a0\u00bb header_2_font_size_tablet=\u00a0\u00bb\u00a0\u00bb header_2_font_size_phone=\u00a0\u00bb30px\u00a0\u00bb header_2_font_size_last_edited=\u00a0\u00bbon|phone\u00a0\u00bb locked=\u00a0\u00bboff\u00a0\u00bb global_colors_info=\u00a0\u00bb{}\u00a0\u00bb]<\/p>\n<h2 style=\"text-align: left;\">Certification Europrivacy et analyse d&rsquo;\u00e9carts<\/h2>\n<p>[\/et_pb_text][et_pb_image src=\u00a0\u00bbhttps:\/\/archimede.ch\/wp-content\/uploads\/2020\/03\/dreamstime_xl_124747841-scaled-e1585660020293.jpg\u00a0\u00bb _builder_version=\u00a0\u00bb4.3.4&Prime; global_colors_info=\u00a0\u00bb{}\u00a0\u00bb][\/et_pb_image][et_pb_text _builder_version=\u00a0\u00bb4.9.3&Prime; custom_padding=\u00a0\u00bb0px|||||\u00a0\u00bb global_colors_info=\u00a0\u00bb{}\u00a0\u00bb]<\/p>\n<div class=\"item1\">\n<h2 data-aos=\"fade-right\" data-aos-delay=\"150\">AUDITER ET CERTIFIER VOTRE CONFORMIT\u00c9 EN MATI\u00c8RE DE PROTECTION DES DONN\u00c9ES AVEC EUROPRIVACY<\/h2>\n<div class=\"inner-header aos-init aos-animate\" data-aos=\"fade-right\" data-aos-delay=\"150\"><strong>Europrivacy<\/strong> est le syst\u00e8me de certification de r\u00e9f\u00e9rence pour certifier la conformit\u00e9 des traitements de donn\u00e9es avec le R\u00e8glement G\u00e9n\u00e9ral europ\u00e9en sur la Protection des Donn\u00e9es (RGPD) et les r\u00e9glementations nationales et sectorielles compl\u00e9mentaires en mati\u00e8re de protection des donn\u00e9es. Archimede Solutions a particip\u00e9 au d\u00e9veloppement d&rsquo;Europrivacy depuis sa conception. Nous sommes un partenaire qualifi\u00e9 et officiel d&rsquo;Europrivacy et sommes membre du Comit\u00e9 International d&rsquo;Experts d&rsquo;Europrivacy.<\/div>\n<h2 class=\"inner-header aos-init aos-animate\" data-aos=\"fade-right\" data-aos-delay=\"150\">Une proposition de valeur exceptionnelle<\/h2>\n<div class=\"inner-header aos-init aos-animate\" data-aos=\"fade-right\" data-aos-delay=\"150\">Europrivacy vous permet de :<\/p>\n<h2 style=\"padding-left: 30px;\"><strong style=\"font-size: 14px;\"><span style=\"font-size: large;\">1 \u2013 Identifier et r\u00e9duire les risques juridiques et financiers<br \/>2 \u2013 \u00c9valuer, valider et d\u00e9montrer la conformit\u00e9 au RGPD<br \/>3 \u2013 Construire la confiance<br \/>4 \u2013 D\u00e9velopper des avantages concurrentiels<br \/>5 \u2013 Am\u00e9liorer la r\u00e9putation et l&rsquo;acc\u00e8s au march\u00e9<br \/>6 \u2013 Faciliter les transferts de donn\u00e9es transfrontaliers<br \/>7 \u2013 Transformer l&rsquo;effort de conformit\u00e9 en un atout<br \/>8 \u2013\u00a0B\u00e9n\u00e9ficier de mises \u00e0 jour continues de la conformit\u00e9s<\/span><\/strong><\/h2>\n<h2>12 bonnes raisons de choisir Europrivacy<\/h2>\n<h2 style=\"padding-left: 30px;\"><strong style=\"font-size: 14px;\"><span style=\"font-size: large;\">1 \u2013 Europ\u00e9en et RGPD by design <\/span><\/strong><span style=\"font-size: large;\">(d\u00e9velopp\u00e9 par le programme de recherche europ\u00e9en).<\/span><strong style=\"font-size: 14px;\"><span style=\"font-size: large;\"><br \/>2\u00a0\u2013\u00a0Mis \u00e0 jour en permanence <\/span><\/strong><span style=\"font-size: large;\">pour s&rsquo;aligner sur l&rsquo;\u00e9volution r\u00e9glementaire et jurisprudentielle.<\/span><strong style=\"font-size: 14px;\"><span style=\"font-size: large;\"><br \/>3\u00a0\u2013\u00a0Extensible aux obligations nationales et sectorielles compl\u00e9mentaires<\/span><\/strong><span style=\"font-size: large;\">, y compris la loi f\u00e9d\u00e9rale suisse sur la protection des donn\u00e9es.<\/span><strong style=\"font-size: 14px;\"><span style=\"font-size: large;\"><br \/>4\u00a0\u2013\u00a0Applicable aux technologies \u00e9mergentes.<br \/>5\u00a0\u2013\u00a0Hautement fiable <\/span><\/strong><span style=\"font-size: large;\">gr\u00e2ce \u00e0 une \u00e9valuation syst\u00e9matique.<\/span><strong style=\"font-size: 14px;\"><span style=\"font-size: large;\"><br \/>6\u00a0\u2013\u00a0Efficient en termes de temps et de co\u00fbts<\/span><\/strong><span style=\"font-size: large;\"> gr\u00e2ce \u00e0 sa m\u00e9thodologie innovante.<\/span><strong style=\"font-size: 14px;\"><span style=\"font-size: large;\"><br \/>7\u00a0\u2013\u00a0Conforme aux normes ISO <\/span><\/strong><span style=\"font-size: large;\">et facilement combinable avec ISO\/IEC 27001.<\/span><strong style=\"font-size: 14px;\"><span style=\"font-size: large;\"><br \/>8\u00a0\u2013\u00a0Universel <\/span><\/strong><span style=\"font-size: large;\">et applicable \u00e0 presque toutes les activit\u00e9s de traitement des donn\u00e9es.<\/span><strong style=\"font-size: 14px;\"><span style=\"font-size: large;\"><br \/>9\u00a0\u2013\u00a0Ind\u00e9pendant <\/span><\/strong><span style=\"font-size: large;\">et g\u00e9r\u00e9 par un conseil international d&rsquo;experts.<\/span><strong style=\"font-size: 14px;\"><span style=\"font-size: large;\"><br \/>10\u00a0\u2013\u00a0Ressources, outils et soutien en ligne.<br \/>11\u00a0\u2013\u00a0Ecosyst\u00e8me mondial <\/span><\/strong><span style=\"font-size: large;\">de partenaires et d&rsquo;experts qualifi\u00e9s.<\/span><strong style=\"font-size: 14px;\"><span style=\"font-size: large;\"><br \/>12\u00a0\u2013\u00a0Ancr\u00e9 dans la recherche et l&rsquo;innovation.<\/span><\/strong><\/h2>\n<\/div>\n<div data-aos=\"fade-right\" data-aos-delay=\"150\">\n<h2>Votre parcours intelligent vers la certification RGPD<\/h2>\n<h2 style=\"padding-left: 30px;\"><strong style=\"font-size: 14px;\"><span style=\"font-size: large;\">1 \u2013 Vous s\u00e9lectionnez les activit\u00e9s de traitement de donn\u00e9es prioritaires \u00e0 certifier et vous nous contactez.<br \/>2\u00a0\u2013\u00a0Nous vous accompagnons avec le Welcome Pack Europrivacy et pr\u00e9parons vos traitements de donn\u00e9es pour leur certification.<br \/>3 \u2013 Nous vous aidons \u00e0 mettre en place une strat\u00e9gie et un plan de certification.<\/span><\/strong><\/h2>\n<\/div>\n<p><span style=\"font-size: 14px;\"><a href=\"https:\/\/europrivacy.org\/fr\">Europrivacy<\/a> est g\u00e9r\u00e9 par le \u00a0<\/span><a style=\"font-size: 14px; text-align: justify;\" href=\"https:\/\/europrivacy.org\/en\/organization\/european-center-for-certification\" target=\"_blank\" rel=\"noopener noreferrer\"> Centre Europ\u00e9en de Certification et de Protection de la vie priv\u00e9e (ECCP) <\/a><span style=\"font-size: 14px; text-align: justify;\">\u00a0situ\u00e9 au Luxembourg avec le soutien d&rsquo;un Comit\u00e9 international d&rsquo;experts en protection des donn\u00e9es et <\/span><span style=\"font-size: 14px; text-align: justify;\">en cybers\u00e9curit\u00e9.\u00a0\u00a0<\/span><\/p>\n<p><span style=\"font-size: 14px; text-align: justify;\"><img loading=\"lazy\" decoding=\"async\" class=\"wp-image-1546 alignnone size-full\" style=\"display: block; margin-left: auto; margin-right: auto;\" src=\"https:\/\/archimede.ch\/wp-content\/uploads\/2020\/03\/EP-logo-300-x-300.png\" alt=\"\" width=\"216\" height=\"216\" srcset=\"https:\/\/archimede.ch\/wp-content\/uploads\/2020\/03\/EP-logo-300-x-300.png 288w, https:\/\/archimede.ch\/wp-content\/uploads\/2020\/03\/EP-logo-300-x-300-150x150.png 150w\" sizes=\"(max-width: 216px) 100vw, 216px\" \/><\/span><\/p>\n<\/div>\n<p>[\/et_pb_text][\/et_pb_column][\/et_pb_row][\/et_pb_section][et_pb_section fb_built=\u00a0\u00bb1&Prime; admin_label=\u00a0\u00bbFooter\u00a0\u00bb _builder_version=\u00a0\u00bb4.0.9&Prime; background_color=\u00a0\u00bb#88c4dd\u00a0\u00bb custom_padding=\u00a0\u00bb0em||0em||true|false\u00a0\u00bb top_divider_color=\u00a0\u00bb#ffffff\u00a0\u00bb top_divider_flip=\u00a0\u00bbvertical\u00a0\u00bb top_divider_arrangement=\u00a0\u00bbabove_content\u00a0\u00bb da_disable_devices=\u00a0\u00bboff|off|off\u00a0\u00bb global_module=\u00a0\u00bb832&Prime; saved_tabs=\u00a0\u00bball\u00a0\u00bb locked=\u00a0\u00bboff\u00a0\u00bb global_colors_info=\u00a0\u00bb{}\u00a0\u00bb da_is_popup=\u00a0\u00bboff\u00a0\u00bb da_exit_intent=\u00a0\u00bboff\u00a0\u00bb da_has_close=\u00a0\u00bbon\u00a0\u00bb da_alt_close=\u00a0\u00bboff\u00a0\u00bb da_dark_close=\u00a0\u00bboff\u00a0\u00bb da_not_modal=\u00a0\u00bbon\u00a0\u00bb da_is_singular=\u00a0\u00bboff\u00a0\u00bb da_with_loader=\u00a0\u00bboff\u00a0\u00bb da_has_shadow=\u00a0\u00bbon\u00a0\u00bb][et_pb_row _builder_version=\u00a0\u00bb4.9.7&Prime; custom_margin=\u00a0\u00bb||||false|false\u00a0\u00bb global_colors_info=\u00a0\u00bb{}\u00a0\u00bb][et_pb_column type=\u00a0\u00bb4_4&Prime; _builder_version=\u00a0\u00bb4.3.4&Prime; global_colors_info=\u00a0\u00bb{}\u00a0\u00bb][et_pb_text _builder_version=\u00a0\u00bb4.3.4&Prime; text_text_color=\u00a0\u00bb#b2b2b2&Prime; header_text_color=\u00a0\u00bb#939393&Prime; background_color=\u00a0\u00bb#ffffff\u00a0\u00bb custom_margin=\u00a0\u00bb||-3px|||\u00a0\u00bb custom_padding=\u00a0\u00bb35px||||false|false\u00a0\u00bb global_colors_info=\u00a0\u00bb{}\u00a0\u00bb]<\/p>\n<h1 style=\"text-align: center;\">Contactez-nous<\/h1>\n<p>[\/et_pb_text][et_pb_code _builder_version=\u00a0\u00bb4.10.4&Prime; background_color=\u00a0\u00bb#ffffff\u00a0\u00bb custom_padding=\u00a0\u00bb50px|28px|50px|28px|true|true\u00a0\u00bb global_colors_info=\u00a0\u00bb{}\u00a0\u00bb]<pee>\t\t<!-- style sheets -->\n\t\t<link type=\"text\/css\" rel=\"stylesheet\" href=\"https:\/\/archimede.ch\/wp-content\/plugins\/infotech-addons\/css\/shortcode-captcha_contact_form.css\">\n\n\t\t<!-- javascript -->\n\t\t<script type=\"text\/javascript\">\n\t\t\tvar url_plugin = \"https:\/\/archimede.ch\/wp-content\/plugins\/infotech-addons\";\n\t\t\tvar url_httpwwwdomain = \"https:\/\/archimede.ch\";\n\t\t\tvar language = \"english\";\n\t\t<\/script>\n\n\t\t\t\t\t\t<!-- -->\n\t\t\t\t<div class=\"captcha_contact_form\" token=\"3e6776fa8234499d8d044d579e1d4aa02c8c57ec0f2295e1f74a514bcfa3c6e5\" >\n\t\t\t\t\t<div class=\"et_pb_with_border\">\n\t\t\t\t\t\t<div class=\"et-pb-contact-message form_message\"><\/div><!--end .et-pb-contact-message -->\n\t\t\t\t\t\t<div class=\"et_pb_contact\">\n\t\t\t\t\t\t\t<form id=\"contact\" class=\"et_pb_contact_form\">\n\t\t\t\t\t\t\t\t<p class=\"et_pb_contact_field et_pb_contact_field_0 et_pb_contact_field_half\" >\n\t\t\t\t\t\t\t\t\t<label for=\"et_pb_contact_name_0\" class=\"et_pb_contact_form_label\">Name<\/label>\n\t\t\t\t\t\t\t\t\t<input id=\"name\" class=\"input\" type=\"text\" placeholder=\"Name\">\n\t\t\t\t\t\t\t\t<\/p>\n\t\t\t\t\t\t\t\t<p class=\"et_pb_contact_field et_pb_contact_field_1 et_pb_contact_field_half et_pb_contact_field_last\" >\n\t\t\t\t\t\t\t\t\t<label for=\"et_pb_contact_email_0\" class=\"et_pb_contact_form_label\">Email<\/label>\n\t\t\t\t\t\t\t\t\t<input id=\"email\" class=\"input\" type=\"text\" placeholder=\"Email\">\n\t\t\t\t\t\t\t\t<\/p>\n\t\t\t\t\t\t\t\t<p class=\"et_pb_contact_field et_pb_contact_field_2 et_pb_contact_field_last\" >\n\t\t\t\t\t\t\t\t\t<label for=\"et_pb_contact_message_0\" class=\"et_pb_contact_form_label\">Message<\/label>\n\t\t\t\t\t\t\t\t\t<textarea id=\"message\" class=\"et_pb_contact_message input\" placeholder=\"Message\"><\/textarea>\n\t\t\t\t\t\t\t\t<\/p>\n\t\t\t\t\t\t\t\t<div id=\"mtcaptcha-1\" class='mtcaptcha'><\/div><!--end .mtcaptcha -->\n\t\t\t\t\t\t\t\t<div class=\"et_contact_bottom_container\">\n\t\t\t\t\t\t\t\t\t<button class=\"et_pb_contact_submit et_pb_button\" type=\"submit\">Submit<\/button>\n\t\t\t\t\t\t\t\t<\/div>\n\t\t\t\t\t\t\t\t<img decoding=\"async\" class=\"loader\" src=\"https:\/\/archimede.ch\/wp-content\/plugins\/infotech-addons\/images\/loader-squares_43x11.gif\" \/>\n\t\t\t\t\t\t\t\t\n\t\t\t\t\t\t\t<\/form><!--end #contact --> \n\t\t\t\t\t\t<\/div> <!-- .et_pb_contact -->\n\t\t\t\t\t<\/div><!--end .et_pb_with_border -->\n\t\t\t\t<\/div><!--end .captcha_contact_form -->\n\t\t\t\t\n\t\t\t\t<!-- javascript -->\n\t\t\t\t<script type=\"text\/javascript\" src=\"https:\/\/archimede.ch\/wp-content\/plugins\/infotech-addons\/js\/shortcode-captcha_contact_form_contact.js\"><\/script>\n\t\t\t\t\t\t<!-- javascript -->\n\t\t<script type=\"text\/javascript\">\n\t\t\t\/\/variables\n\t\t\tvar url_globalWPFolder = \"https:\/\/archimede.ch\";\n\t\t\t\/\/MTCaptcha\n\t\t\tvar mtcaptchaConfig = {\n\t\t\t\t\"sitekey\": \"MTPublic-diFSr0yxD\",\n\t\t\t\t\"renderQueue\": ['mtcaptcha-1', 'mtcaptcha-2'],\t\t\t};\n\t\t\t(function(){var mt_service = document.createElement('script');mt_service.async = true;mt_service.src = 'https:\/\/service.mtcaptcha.com\/mtcv1\/client\/mtcaptcha.min.js';(document.getElementsByTagName('head')[0] || document.getElementsByTagName('body')[0]).appendChild(mt_service);\n\t\t\tvar mt_service2 = document.createElement('script');mt_service2.async = true;mt_service2.src = 'https:\/\/service2.mtcaptcha.com\/mtcv1\/client\/mtcaptcha2.min.js';(document.getElementsByTagName('head')[0] || document.getElementsByTagName('body')[0]).appendChild(mt_service2);}) ();\n\n\t\t\tfunction load_css( ){\n\t\t\t\ttry {\n\t\t\t\t\t\/\/ Get HTML head element\n\t\t\t\t\tvar head = document.getElementsByTagName('HEAD')[0];\n\n\t\t\t\t\t\/\/ Create new link Element\n\t\t\t\t\tvar link = document.createElement('link');\n\n\t\t\t\t\t\/\/ set the attributes for link element \n\t\t\t\t\tlink.rel = 'stylesheet';\n\t\t\t\t\tlink.type = 'text\/css';\n\t\t\t\t\tlink.href = url_globalWPFolder+'\/wp-content\/themes\/Divi\/style-static.min.css';\n\n\t\t\t\t\t\/\/ Append link element to HTML head\n\t\t\t\t\thead.appendChild( link );\n\t\t\t\t}\/\/end try\n\t\t\t\tcatch( try_catch_error ){\n\t\t\t\t\tconsole.log( \"function load_css() error\" );\n\t\t\t\t\tconsole.log( try_catch_error.message );\n\t\t\t\t}\/\/end catch\n\t\t\t}\n\n\t\t\t\/\/on ready\n\t\t\tjQuery( document ).ready(function(){\n\t\t\t\tload_css();\n\t\t\t});\n\t\t<\/script>\n\t\t<\/pee>[\/et_pb_code][et_pb_code _builder_version=\u00a0\u00bb4.3.4&Prime; global_colors_info=\u00a0\u00bb{}\u00a0\u00bb][\/et_pb_code][\/et_pb_column][\/et_pb_row][\/et_pb_section]<\/p>\n","protected":false},"excerpt":{"rendered":"<p>Certification Europrivacy et analyse d&rsquo;\u00e9carts AUDITER ET CERTIFIER VOTRE CONFORMIT\u00c9 EN MATI\u00c8RE DE PROTECTION DES DONN\u00c9ES AVEC EUROPRIVACY Europrivacy est le syst\u00e8me de certification de r\u00e9f\u00e9rence pour certifier la conformit\u00e9 des traitements de donn\u00e9es avec le R\u00e8glement G\u00e9n\u00e9ral europ\u00e9en sur la Protection des Donn\u00e9es (RGPD) et les r\u00e9glementations nationales et sectorielles compl\u00e9mentaires en mati\u00e8re de [&hellip;]<\/p>\n","protected":false},"author":2,"featured_media":0,"parent":0,"menu_order":0,"comment_status":"closed","ping_status":"closed","template":"","meta":{"_et_pb_use_builder":"on","_et_pb_old_content":"","_et_gb_content_width":"","footnotes":""},"class_list":["post-2058","page","type-page","status-publish","hentry"],"yoast_head":"<!-- This site is optimized with the Yoast SEO Premium plugin v25.5 (Yoast SEO v27.4) - https:\/\/yoast.com\/product\/yoast-seo-premium-wordpress\/ -->\n<title>Certification Europrivacy et analyse d&#039;\u00e9carts - Archimede Solutions<\/title>\n<meta name=\"description\" content=\"Archimede Solutions research and data protection services for the European General Data Protection Regulation and ICT technologies.\" \/>\n<meta name=\"robots\" content=\"index, follow, max-snippet:-1, max-image-preview:large, max-video-preview:-1\" \/>\n<link rel=\"canonical\" href=\"https:\/\/archimede.ch\/fr\/certification-europrivacy-et-gap-analyses\" \/>\n<meta property=\"og:locale\" content=\"fr_FR\" \/>\n<meta property=\"og:type\" content=\"article\" \/>\n<meta property=\"og:title\" content=\"Certification Europrivacy et analyse d&#039;\u00e9carts\" \/>\n<meta property=\"og:description\" content=\"Archimede Solutions research and data protection services for the European General Data Protection Regulation and ICT technologies.\" \/>\n<meta property=\"og:url\" content=\"https:\/\/archimede.ch\/fr\/certification-europrivacy-et-gap-analyses\" \/>\n<meta property=\"og:site_name\" content=\"Archimede Solutions\" \/>\n<meta property=\"article:modified_time\" content=\"2025-06-18T03:27:57+00:00\" \/>\n<meta property=\"og:image\" content=\"https:\/\/archimede.ch\/wp-content\/uploads\/2020\/03\/EP-logo-300-x-300.png\" \/>\n\t<meta property=\"og:image:width\" content=\"288\" \/>\n\t<meta property=\"og:image:height\" content=\"288\" \/>\n\t<meta property=\"og:image:type\" content=\"image\/png\" \/>\n<meta name=\"twitter:card\" content=\"summary_large_image\" \/>\n<meta name=\"twitter:label1\" content=\"Dur\u00e9e de lecture estim\u00e9e\" \/>\n\t<meta name=\"twitter:data1\" content=\"3 minutes\" \/>\n<script type=\"application\/ld+json\" class=\"yoast-schema-graph\">{\"@context\":\"https:\\\/\\\/schema.org\",\"@graph\":[{\"@type\":\"WebPage\",\"@id\":\"https:\\\/\\\/archimede.ch\\\/fr\\\/certification-europrivacy-et-gap-analyses\",\"url\":\"https:\\\/\\\/archimede.ch\\\/fr\\\/certification-europrivacy-et-gap-analyses\",\"name\":\"Certification Europrivacy et analyse d'\u00e9carts - Archimede Solutions\",\"isPartOf\":{\"@id\":\"https:\\\/\\\/archimede.ch\\\/#website\"},\"primaryImageOfPage\":{\"@id\":\"https:\\\/\\\/archimede.ch\\\/fr\\\/certification-europrivacy-et-gap-analyses#primaryimage\"},\"image\":{\"@id\":\"https:\\\/\\\/archimede.ch\\\/fr\\\/certification-europrivacy-et-gap-analyses#primaryimage\"},\"thumbnailUrl\":\"https:\\\/\\\/archimede.ch\\\/wp-content\\\/uploads\\\/2020\\\/03\\\/EP-logo-300-x-300.png\",\"datePublished\":\"2021-03-04T17:47:53+00:00\",\"dateModified\":\"2025-06-18T03:27:57+00:00\",\"description\":\"Archimede Solutions research and data protection services for the European General Data Protection Regulation and ICT technologies.\",\"breadcrumb\":{\"@id\":\"https:\\\/\\\/archimede.ch\\\/fr\\\/certification-europrivacy-et-gap-analyses#breadcrumb\"},\"inLanguage\":\"fr-FR\",\"potentialAction\":[{\"@type\":\"ReadAction\",\"target\":[\"https:\\\/\\\/archimede.ch\\\/fr\\\/certification-europrivacy-et-gap-analyses\"]}]},{\"@type\":\"ImageObject\",\"inLanguage\":\"fr-FR\",\"@id\":\"https:\\\/\\\/archimede.ch\\\/fr\\\/certification-europrivacy-et-gap-analyses#primaryimage\",\"url\":\"https:\\\/\\\/archimede.ch\\\/wp-content\\\/uploads\\\/2020\\\/03\\\/EP-logo-300-x-300.png\",\"contentUrl\":\"https:\\\/\\\/archimede.ch\\\/wp-content\\\/uploads\\\/2020\\\/03\\\/EP-logo-300-x-300.png\"},{\"@type\":\"BreadcrumbList\",\"@id\":\"https:\\\/\\\/archimede.ch\\\/fr\\\/certification-europrivacy-et-gap-analyses#breadcrumb\",\"itemListElement\":[{\"@type\":\"ListItem\",\"position\":1,\"name\":\"Home\",\"item\":\"https:\\\/\\\/archimede.ch\\\/fr\"},{\"@type\":\"ListItem\",\"position\":2,\"name\":\"Certification Europrivacy et analyse d&#8217;\u00e9carts\"}]},{\"@type\":\"WebSite\",\"@id\":\"https:\\\/\\\/archimede.ch\\\/#website\",\"url\":\"https:\\\/\\\/archimede.ch\\\/\",\"name\":\"Archimede Solutions\",\"description\":\"an\u00a0always innovating company in audit, certification and services\",\"publisher\":{\"@id\":\"https:\\\/\\\/archimede.ch\\\/#organization\"},\"potentialAction\":[{\"@type\":\"SearchAction\",\"target\":{\"@type\":\"EntryPoint\",\"urlTemplate\":\"https:\\\/\\\/archimede.ch\\\/?s={search_term_string}\"},\"query-input\":{\"@type\":\"PropertyValueSpecification\",\"valueRequired\":true,\"valueName\":\"search_term_string\"}}],\"inLanguage\":\"fr-FR\"},{\"@type\":\"Organization\",\"@id\":\"https:\\\/\\\/archimede.ch\\\/#organization\",\"name\":\"Archimede Solutions\",\"url\":\"https:\\\/\\\/archimede.ch\\\/\",\"logo\":{\"@type\":\"ImageObject\",\"inLanguage\":\"fr-FR\",\"@id\":\"https:\\\/\\\/archimede.ch\\\/#\\\/schema\\\/logo\\\/image\\\/\",\"url\":\"https:\\\/\\\/archimede.ch\\\/wp-content\\\/uploads\\\/2019\\\/12\\\/cropped-Fichier-6.png\",\"contentUrl\":\"https:\\\/\\\/archimede.ch\\\/wp-content\\\/uploads\\\/2019\\\/12\\\/cropped-Fichier-6.png\",\"width\":512,\"height\":512,\"caption\":\"Archimede Solutions\"},\"image\":{\"@id\":\"https:\\\/\\\/archimede.ch\\\/#\\\/schema\\\/logo\\\/image\\\/\"}}]}<\/script>\n<!-- \/ Yoast SEO Premium plugin. -->","yoast_head_json":{"title":"Certification Europrivacy et analyse d'\u00e9carts - Archimede Solutions","description":"Archimede Solutions research and data protection services for the European General Data Protection Regulation and ICT technologies.","robots":{"index":"index","follow":"follow","max-snippet":"max-snippet:-1","max-image-preview":"max-image-preview:large","max-video-preview":"max-video-preview:-1"},"canonical":"https:\/\/archimede.ch\/fr\/certification-europrivacy-et-gap-analyses","og_locale":"fr_FR","og_type":"article","og_title":"Certification Europrivacy et analyse d'\u00e9carts","og_description":"Archimede Solutions research and data protection services for the European General Data Protection Regulation and ICT technologies.","og_url":"https:\/\/archimede.ch\/fr\/certification-europrivacy-et-gap-analyses","og_site_name":"Archimede Solutions","article_modified_time":"2025-06-18T03:27:57+00:00","og_image":[{"width":288,"height":288,"url":"https:\/\/archimede.ch\/wp-content\/uploads\/2020\/03\/EP-logo-300-x-300.png","type":"image\/png"}],"twitter_card":"summary_large_image","twitter_misc":{"Dur\u00e9e de lecture estim\u00e9e":"3 minutes"},"schema":{"@context":"https:\/\/schema.org","@graph":[{"@type":"WebPage","@id":"https:\/\/archimede.ch\/fr\/certification-europrivacy-et-gap-analyses","url":"https:\/\/archimede.ch\/fr\/certification-europrivacy-et-gap-analyses","name":"Certification Europrivacy et analyse d'\u00e9carts - Archimede Solutions","isPartOf":{"@id":"https:\/\/archimede.ch\/#website"},"primaryImageOfPage":{"@id":"https:\/\/archimede.ch\/fr\/certification-europrivacy-et-gap-analyses#primaryimage"},"image":{"@id":"https:\/\/archimede.ch\/fr\/certification-europrivacy-et-gap-analyses#primaryimage"},"thumbnailUrl":"https:\/\/archimede.ch\/wp-content\/uploads\/2020\/03\/EP-logo-300-x-300.png","datePublished":"2021-03-04T17:47:53+00:00","dateModified":"2025-06-18T03:27:57+00:00","description":"Archimede Solutions research and data protection services for the European General Data Protection Regulation and ICT technologies.","breadcrumb":{"@id":"https:\/\/archimede.ch\/fr\/certification-europrivacy-et-gap-analyses#breadcrumb"},"inLanguage":"fr-FR","potentialAction":[{"@type":"ReadAction","target":["https:\/\/archimede.ch\/fr\/certification-europrivacy-et-gap-analyses"]}]},{"@type":"ImageObject","inLanguage":"fr-FR","@id":"https:\/\/archimede.ch\/fr\/certification-europrivacy-et-gap-analyses#primaryimage","url":"https:\/\/archimede.ch\/wp-content\/uploads\/2020\/03\/EP-logo-300-x-300.png","contentUrl":"https:\/\/archimede.ch\/wp-content\/uploads\/2020\/03\/EP-logo-300-x-300.png"},{"@type":"BreadcrumbList","@id":"https:\/\/archimede.ch\/fr\/certification-europrivacy-et-gap-analyses#breadcrumb","itemListElement":[{"@type":"ListItem","position":1,"name":"Home","item":"https:\/\/archimede.ch\/fr"},{"@type":"ListItem","position":2,"name":"Certification Europrivacy et analyse d&#8217;\u00e9carts"}]},{"@type":"WebSite","@id":"https:\/\/archimede.ch\/#website","url":"https:\/\/archimede.ch\/","name":"Archimede Solutions","description":"an\u00a0always innovating company in audit, certification and services","publisher":{"@id":"https:\/\/archimede.ch\/#organization"},"potentialAction":[{"@type":"SearchAction","target":{"@type":"EntryPoint","urlTemplate":"https:\/\/archimede.ch\/?s={search_term_string}"},"query-input":{"@type":"PropertyValueSpecification","valueRequired":true,"valueName":"search_term_string"}}],"inLanguage":"fr-FR"},{"@type":"Organization","@id":"https:\/\/archimede.ch\/#organization","name":"Archimede Solutions","url":"https:\/\/archimede.ch\/","logo":{"@type":"ImageObject","inLanguage":"fr-FR","@id":"https:\/\/archimede.ch\/#\/schema\/logo\/image\/","url":"https:\/\/archimede.ch\/wp-content\/uploads\/2019\/12\/cropped-Fichier-6.png","contentUrl":"https:\/\/archimede.ch\/wp-content\/uploads\/2019\/12\/cropped-Fichier-6.png","width":512,"height":512,"caption":"Archimede Solutions"},"image":{"@id":"https:\/\/archimede.ch\/#\/schema\/logo\/image\/"}}]}},"_links":{"self":[{"href":"https:\/\/archimede.ch\/fr\/wp-json\/wp\/v2\/pages\/2058","targetHints":{"allow":["GET"]}}],"collection":[{"href":"https:\/\/archimede.ch\/fr\/wp-json\/wp\/v2\/pages"}],"about":[{"href":"https:\/\/archimede.ch\/fr\/wp-json\/wp\/v2\/types\/page"}],"author":[{"embeddable":true,"href":"https:\/\/archimede.ch\/fr\/wp-json\/wp\/v2\/users\/2"}],"replies":[{"embeddable":true,"href":"https:\/\/archimede.ch\/fr\/wp-json\/wp\/v2\/comments?post=2058"}],"version-history":[{"count":24,"href":"https:\/\/archimede.ch\/fr\/wp-json\/wp\/v2\/pages\/2058\/revisions"}],"predecessor-version":[{"id":3520,"href":"https:\/\/archimede.ch\/fr\/wp-json\/wp\/v2\/pages\/2058\/revisions\/3520"}],"wp:attachment":[{"href":"https:\/\/archimede.ch\/fr\/wp-json\/wp\/v2\/media?parent=2058"}],"curies":[{"name":"wp","href":"https:\/\/api.w.org\/{rel}","templated":true}]}}