{"id":2016,"date":"2021-03-04T15:18:54","date_gmt":"2021-03-04T15:18:54","guid":{"rendered":"https:\/\/archimede.ch\/avantages-de-la-certification\/"},"modified":"2025-06-18T00:19:49","modified_gmt":"2025-06-17T22:19:49","slug":"avantages-de-la-certification","status":"publish","type":"page","link":"https:\/\/archimede.ch\/fr\/avantages-de-la-certification","title":{"rendered":"Avantages de la certification"},"content":{"rendered":"<p>[et_pb_section fb_built=\u00a0\u00bb1&Prime; _builder_version=\u00a0\u00bb4.0.9&Prime; background_image=\u00a0\u00bbhttps:\/\/archimede.ch\/wp-content\/uploads\/2019\/12\/BG-content-22.jpg\u00a0\u00bb parallax=\u00a0\u00bbon\u00a0\u00bb custom_margin=\u00a0\u00bb||||false|false\u00a0\u00bb custom_padding=\u00a0\u00bb0em||12em||false|false\u00a0\u00bb bottom_divider_style=\u00a0\u00bbmountains2&Prime; bottom_divider_color=\u00a0\u00bb#88C4DD\u00a0\u00bb da_disable_devices=\u00a0\u00bboff|off|off\u00a0\u00bb collapsed=\u00a0\u00bboff\u00a0\u00bb da_is_popup=\u00a0\u00bboff\u00a0\u00bb da_exit_intent=\u00a0\u00bboff\u00a0\u00bb da_has_close=\u00a0\u00bbon\u00a0\u00bb da_alt_close=\u00a0\u00bboff\u00a0\u00bb da_dark_close=\u00a0\u00bboff\u00a0\u00bb da_not_modal=\u00a0\u00bbon\u00a0\u00bb da_is_singular=\u00a0\u00bboff\u00a0\u00bb da_with_loader=\u00a0\u00bboff\u00a0\u00bb da_has_shadow=\u00a0\u00bbon\u00a0\u00bb][et_pb_row column_structure=\u00a0\u00bb1_4,3_4&Prime; _builder_version=\u00a0\u00bb4.2.1&Prime;][et_pb_column type=\u00a0\u00bb1_4&Prime; _builder_version=\u00a0\u00bb4.0.9&Prime; custom_padding=\u00a0\u00bb|22px||0px|false|false\u00a0\u00bb border_width_right=\u00a0\u00bb1px\u00a0\u00bb border_color_right=\u00a0\u00bb#e5e5e5&Prime;][et_pb_code disabled_on=\u00a0\u00bbon|on|off\u00a0\u00bb _builder_version=\u00a0\u00bb4.3.4&Prime; custom_margin=\u00a0\u00bb1em||||false|false\u00a0\u00bb custom_padding=\u00a0\u00bb||||false|false\u00a0\u00bb saved_tabs=\u00a0\u00bball\u00a0\u00bb]<\/p>\n<ul style=\"list-style: none;\"><!-- [et_pb_line_break_holder] --><!-- [et_pb_line_break_holder] --><\/p>\n<li><a href=\"https:\/\/archimede.ch\/avantages-de-la-certification\/?lang=fr\">Avantages de la certification<\/a><\/li>\n<p><!-- [et_pb_line_break_holder] --><!-- [et_pb_line_break_holder] --><!-- [et_pb_line_break_holder] --><\/p>\n<li><a href=\"https:\/\/archimede.ch\/valeurs-et-principes\/?lang=fr\">Valeurs et principes<\/a><\/li>\n<p><!-- [et_pb_line_break_holder] --><!-- [et_pb_line_break_holder] --><!-- [et_pb_line_break_holder] --><\/p>\n<li><a href=\"https:\/\/archimede.ch\/prix-et-couts\/?lang=fr\">Prix et co\u00fbts<\/a><\/li>\n<p><!-- [et_pb_line_break_holder] --><!-- [et_pb_line_break_holder] --><!-- [et_pb_line_break_holder] --><\/p>\n<li><a href=\"https:\/\/archimede.ch\/declaration-dindependance-et-dimpartialite\/?lang=fr\">D\u00e9claration d&rsquo;ind\u00e9pendance et d&rsquo;impartialit\u00e9<\/a><\/li>\n<p><!-- [et_pb_line_break_holder] --><!-- [et_pb_line_break_holder] --><!-- [et_pb_line_break_holder] --><\/p>\n<li><a href=\"https:\/\/archimede.ch\/comite-dimpartialite\/?lang=fr\">Comit\u00e9 d&rsquo;impartialit\u00e9<\/a><\/li>\n<p><!-- [et_pb_line_break_holder] --><!-- [et_pb_line_break_holder] --><!-- [et_pb_line_break_holder] --><\/p>\n<li><a href=\"https:\/\/archimede.ch\/processus-de-certification\/?lang=fr\">Processus de certification<\/a><\/li>\n<p><!-- [et_pb_line_break_holder] --><!-- [et_pb_line_break_holder] --><!-- [et_pb_line_break_holder] --><\/p>\n<li><a href=\"https:\/\/archimede.ch\/reclamations-et-appels\/?lang=fr\">R\u00e9clamations et appels<\/a><\/li>\n<p><!-- [et_pb_line_break_holder] --><!-- [et_pb_line_break_holder] --><!-- [et_pb_line_break_holder] --><\/p>\n<li><a href=\"https:\/\/archimede.ch\/utilisation-des-marques-de-conformite-et-des-references-de-certification\/?lang=fr\">Utilisation des marques de conformit\u00e9 et des r\u00e9f\u00e9rences de certifications <\/a><\/li>\n<p><!-- [et_pb_line_break_holder] --><!-- [et_pb_line_break_holder] --><!-- [et_pb_line_break_holder] --><\/p>\n<li><a href=\"https:\/\/archimede.ch\/registre-de-certification\/?lang=fr\">Registre de certification<\/a><\/li>\n<p><!-- [et_pb_line_break_holder] --><!-- [et_pb_line_break_holder] --><!-- [et_pb_line_break_holder] --><\/p>\n<li><a href=\"https:\/\/archimede.ch\/organigramme\/?lang=fr\">Organigramme<\/a><\/li>\n<p><!-- [et_pb_line_break_holder] --><!-- [et_pb_line_break_holder] --><!-- \n\n<li><a href=\"https:\/\/archimede.ch\/activites-de-recherche\/?lang=fr\">Activit\u00e9s de recherche<\/a><\/li>\n\n--><!-- [et_pb_line_break_holder] --><\/ul>\n<p><!-- [et_pb_line_break_holder] --><!-- [et_pb_line_break_holder] --><!-- [et_pb_line_break_holder] --><pee>\n<style><!-- [et_pb_line_break_holder] -->\/* unvisited link *\/<!-- [et_pb_line_break_holder] -->a:link {<!-- [et_pb_line_break_holder] -->  color: rgb(131,131,131);<!-- [et_pb_line_break_holder] -->}<!-- [et_pb_line_break_holder] --><!-- [et_pb_line_break_holder] -->\/* mouse over link *\/<!-- [et_pb_line_break_holder] -->a:hover {<!-- [et_pb_line_break_holder] -->  color: #09CCCF;<!-- [et_pb_line_break_holder] -->}<!-- [et_pb_line_break_holder] --><!-- [et_pb_line_break_holder] -->\/* selected link *\/<!-- [et_pb_line_break_holder] -->a:active {<!-- [et_pb_line_break_holder] -->  color: #09CCCF;<!-- [et_pb_line_break_holder] -->  font-weight: 500;<!-- [et_pb_line_break_holder] -->}<!-- [et_pb_line_break_holder] -->  <\/style>\n<\/pee>[\/et_pb_code][et_pb_code _builder_version=\u00a0\u00bb4.0.9&Prime;][\/et_pb_code][\/et_pb_column][et_pb_column type=\u00a0\u00bb3_4&Prime; _builder_version=\u00a0\u00bb4.0.9&Prime;][et_pb_text _builder_version=\u00a0\u00bb4.2.1&Prime; text_font=\u00a0\u00bb||||||||\u00a0\u00bb text_font_size=\u00a0\u00bb16px\u00a0\u00bb text_line_height=\u00a0\u00bb2em\u00a0\u00bb header_font=\u00a0\u00bb||||||||\u00a0\u00bb header_2_font=\u00a0\u00bbMontserrat|300|||||||\u00a0\u00bb header_2_font_size=\u00a0\u00bb40px\u00a0\u00bb header_2_line_height=\u00a0\u00bb1.4em\u00a0\u00bb header_5_font=\u00a0\u00bb||||||||\u00a0\u00bb header_5_text_color=\u00a0\u00bb#7f8dff\u00a0\u00bb header_5_line_height=\u00a0\u00bb2em\u00a0\u00bb text_orientation=\u00a0\u00bbcenter\u00a0\u00bb module_alignment=\u00a0\u00bbcenter\u00a0\u00bb header_2_font_size_tablet=\u00a0\u00bb\u00a0\u00bb header_2_font_size_phone=\u00a0\u00bb30px\u00a0\u00bb header_2_font_size_last_edited=\u00a0\u00bbon|phone\u00a0\u00bb locked=\u00a0\u00bboff\u00a0\u00bb]<\/p>\n<h2 style=\"text-align: left;\">Avantages de la certification<\/h2>\n<p>[\/et_pb_text][et_pb_text _builder_version=\u00a0\u00bb4.9.3&Prime;]<\/p>\n<p style=\"text-align: justify;\">\u00a0La certification en mati\u00e8re de protection des donn\u00e9es offre d&rsquo;importants avantages en :<\/p>\n<ul  style=\"padding-left:40px\";\n><\/p>\n<li><strong>R\u00e9duisant les risques juridiques, financiers et de r\u00e9putation ;<\/strong><\/li>\n<li><strong> D\u00e9montrant la conformit\u00e9 avec le RGPD ;<\/strong><\/li>\n<li><strong> B\u00e9n\u00e9ficiant d&rsquo;un acc\u00e8s plus facile au march\u00e9 et d&rsquo;un avantage concurrentiel ;<\/strong><\/li>\n<li><strong>En \u00e9tablissant une relation de confiance avec vos clients et partenaires ;<\/strong><\/li>\n<\/ul>\n<p style=\"text-align: justify;\">Une certification GDPR offre une autre s\u00e9rie d&rsquo;avantages:<\/p>\n<ul  style=\"padding-left:40px\";\n><\/p>\n<li style=\"text-align: justify;\">Elle permet aux b\u00e9n\u00e9ficiaires d&rsquo;\u00eatre reconnus comme responsables de traitement fiables par les clients europ\u00e9ens;<\/li>\n<li style=\"text-align: justify;\">Elle facilite le transfert transfrontalier des donn\u00e9es et des services de traitement des donn\u00e9es;<\/li>\n<li style=\"text-align: justify;\">Elle r\u00e9duit les risques juridiques et financiers.<\/li>\n<\/ul>\n<p style=\"text-align: justify;\">Le syst\u00e8me de certification <a style=\"color: #0c71c3;\" href=\"https:\/\/www.europrivacy.com\/\" target=\"_blank\" rel=\"noopener noreferrer\"><span style=\"text-decoration: underline;\" ><strong>Europrivacy <\/strong><\/a>couvre le RGPD et les obligations nationales compl\u00e9mentaires avec des avantages cl\u00e9s :<\/p>\n<p style=\"padding-left: 30px; text-align: justify;\"><strong>\u2022 Un haut niveau de fiabilit\u00e9 <\/strong>\u00a0gr\u00e2ce \u00e0 une m\u00e9thodologie innovante permettant une \u00e9valuation plus syst\u00e9matique et plus compl\u00e8te de la conformit\u00e9.<\/p>\n<p style=\"padding-left: 30px; text-align: justify;\">\u2022 Il couvre simultan\u00e9ment \u00a0<strong>les r\u00e9glementations europ\u00e9ennes (RGPD) et nationales compl\u00e9mentaires en mati\u00e8re de protection des donn\u00e9es.<\/strong>.<\/p>\n<p style=\"padding-left: 30px; text-align: justify;\">\u2022 Il peut \u00eatre appliqu\u00e9 \u00e0 divers traitements de donn\u00e9es li\u00e9s aux <strong>produits, aux services, aux entreprises et aux syst\u00e8mes de gestion de l&rsquo;information.<\/strong>.<\/p>\n<p style=\"padding-left: 30px; text-align: justify;\">\u2022 Il couvre les technologies \u00e9mergentes telles que l&rsquo;analyse des donn\u00e9es, la cha\u00eene de blocs et l&rsquo;Internet des objets.<\/p>\n<p style=\"padding-left: 30px; text-align: justify;\">\u2022 Il est \u00a0<strong>conforme \u00e0 la norme ISO <\/strong>\u00a0et peut \u00eatre \u00a0<strong>acilement combin\u00e9 avec les certifications ISO\/IEC 27001 <\/strong>\u00a0et ISO\/IEC 27701.<\/p>\n<p  text-align: justify;\">Il est \u00a0<strong>soutenu par des experts chevronn\u00e9s <\/strong>\u00a0ayant des ann\u00e9es d&rsquo;exp\u00e9rience en mati\u00e8re de protection des donn\u00e9es personnelles, englobant le droit europ\u00e9en, suisse et international.<\/p>\n<p style=\"text-align: justify;\">Le syst\u00e8me de certification Europrivacy a \u00e9t\u00e9 d\u00e9velopp\u00e9 dans le cadre d&rsquo;un projet de recherche europ\u00e9en H2020 cofinanc\u00e9 par la Commission europ\u00e9enne et la Conf\u00e9d\u00e9ration suisse. Il est g\u00e9r\u00e9 par le <a style=\"color: #0c71c3;\" href=\"https:\/\/europrivacy.org\/en\/organization\/european-center-for-certification\" target=\"_blank\" rel=\"noopener noreferrer\"><span style=\"text-decoration: underline;\" ><strong>Centre Europ\u00e9en de Certification et de Protection de la vie priv\u00e9e (ECCP) <\/a><\/strong> \u00e0 Luxembourg et maintenu par un comit\u00e9 international d&rsquo;experts en protection des donn\u00e9es.<\/p>\n<p>[\/et_pb_text][\/et_pb_column][\/et_pb_row][\/et_pb_section][et_pb_section fb_built=\u00a0\u00bb1&Prime; admin_label=\u00a0\u00bbFooter\u00a0\u00bb _builder_version=\u00a0\u00bb4.0.9&Prime; background_color=\u00a0\u00bb#88c4dd\u00a0\u00bb custom_padding=\u00a0\u00bb10em||10em||true|false\u00a0\u00bb top_divider_color=\u00a0\u00bb#ffffff\u00a0\u00bb top_divider_flip=\u00a0\u00bbvertical\u00a0\u00bb top_divider_arrangement=\u00a0\u00bbabove_content\u00a0\u00bb da_disable_devices=\u00a0\u00bboff|off|off\u00a0\u00bb saved_tabs=\u00a0\u00bball\u00a0\u00bb locked=\u00a0\u00bboff\u00a0\u00bb da_is_popup=\u00a0\u00bboff\u00a0\u00bb da_exit_intent=\u00a0\u00bboff\u00a0\u00bb da_has_close=\u00a0\u00bbon\u00a0\u00bb da_alt_close=\u00a0\u00bboff\u00a0\u00bb da_dark_close=\u00a0\u00bboff\u00a0\u00bb da_not_modal=\u00a0\u00bbon\u00a0\u00bb da_is_singular=\u00a0\u00bboff\u00a0\u00bb da_with_loader=\u00a0\u00bboff\u00a0\u00bb da_has_shadow=\u00a0\u00bbon\u00a0\u00bb][et_pb_row _builder_version=\u00a0\u00bb4.9.2&Prime; custom_margin=\u00a0\u00bb||||false|false\u00a0\u00bb][et_pb_column type=\u00a0\u00bb4_4&Prime; _builder_version=\u00a0\u00bb4.3.4&Prime;][et_pb_text _builder_version=\u00a0\u00bb4.3.4&Prime; text_text_color=\u00a0\u00bb#b2b2b2&Prime; header_text_color=\u00a0\u00bb#939393&Prime; background_color=\u00a0\u00bb#ffffff\u00a0\u00bb custom_margin=\u00a0\u00bb||-3px|||\u00a0\u00bb custom_padding=\u00a0\u00bb35px||||false|false\u00a0\u00bb]<\/p>\n<h1 style=\"text-align: center;\">N&rsquo;h\u00e9sitez pas \u00e0 nous contacter<\/h1>\n<p>[\/et_pb_text][et_pb_code _builder_version=\u00a0\u00bb4.3.4&Prime; background_color=\u00a0\u00bb#ffffff\u00a0\u00bb custom_padding=\u00a0\u00bb50px|28px|50px|28px|true|true\u00a0\u00bb]\t\t<!-- style sheets -->\n\t\t<link type=\"text\/css\" rel=\"stylesheet\" href=\"https:\/\/archimede.ch\/wp-content\/plugins\/infotech-addons\/css\/shortcode-captcha_contact_form.css\">\n\n\t\t<!-- javascript -->\n\t\t<script type=\"text\/javascript\">\n\t\t\tvar url_plugin = \"https:\/\/archimede.ch\/wp-content\/plugins\/infotech-addons\";\n\t\t\tvar url_httpwwwdomain = \"https:\/\/archimede.ch\";\n\t\t\tvar language = \"english\";\n\t\t<\/script>\n\n\t\t\t\t\t\t<!-- -->\n\t\t\t\t<div class=\"captcha_contact_form\" token=\"a49f38422acf03b44c9eafee02efb62f1b16d2dd7d706c1714f60008c11a7fd4\" >\n\t\t\t\t\t<div class=\"et_pb_with_border\">\n\t\t\t\t\t\t<div class=\"et-pb-contact-message form_message\"><\/div><!--end .et-pb-contact-message -->\n\t\t\t\t\t\t<div class=\"et_pb_contact\">\n\t\t\t\t\t\t\t<form id=\"contact\" class=\"et_pb_contact_form\">\n\t\t\t\t\t\t\t\t<p class=\"et_pb_contact_field et_pb_contact_field_0 et_pb_contact_field_half\" >\n\t\t\t\t\t\t\t\t\t<label for=\"et_pb_contact_name_0\" class=\"et_pb_contact_form_label\">Name<\/label>\n\t\t\t\t\t\t\t\t\t<input id=\"name\" class=\"input\" type=\"text\" placeholder=\"Name\">\n\t\t\t\t\t\t\t\t<\/p>\n\t\t\t\t\t\t\t\t<p class=\"et_pb_contact_field et_pb_contact_field_1 et_pb_contact_field_half et_pb_contact_field_last\" >\n\t\t\t\t\t\t\t\t\t<label for=\"et_pb_contact_email_0\" class=\"et_pb_contact_form_label\">Email<\/label>\n\t\t\t\t\t\t\t\t\t<input id=\"email\" class=\"input\" type=\"text\" placeholder=\"Email\">\n\t\t\t\t\t\t\t\t<\/p>\n\t\t\t\t\t\t\t\t<p class=\"et_pb_contact_field et_pb_contact_field_2 et_pb_contact_field_last\" >\n\t\t\t\t\t\t\t\t\t<label for=\"et_pb_contact_message_0\" class=\"et_pb_contact_form_label\">Message<\/label>\n\t\t\t\t\t\t\t\t\t<textarea id=\"message\" class=\"et_pb_contact_message input\" placeholder=\"Message\"><\/textarea>\n\t\t\t\t\t\t\t\t<\/p>\n\t\t\t\t\t\t\t\t<div id=\"mtcaptcha-1\" class='mtcaptcha'><\/div><!--end .mtcaptcha -->\n\t\t\t\t\t\t\t\t<div class=\"et_contact_bottom_container\">\n\t\t\t\t\t\t\t\t\t<button class=\"et_pb_contact_submit et_pb_button\" type=\"submit\">Submit<\/button>\n\t\t\t\t\t\t\t\t<\/div>\n\t\t\t\t\t\t\t\t<img decoding=\"async\" class=\"loader\" src=\"https:\/\/archimede.ch\/wp-content\/plugins\/infotech-addons\/images\/loader-squares_43x11.gif\" \/>\n\t\t\t\t\t\t\t\t\n\t\t\t\t\t\t\t<\/form><!--end #contact --> \n\t\t\t\t\t\t<\/div> <!-- .et_pb_contact -->\n\t\t\t\t\t<\/div><!--end .et_pb_with_border -->\n\t\t\t\t<\/div><!--end .captcha_contact_form -->\n\t\t\t\t\n\t\t\t\t<!-- javascript -->\n\t\t\t\t<script type=\"text\/javascript\" src=\"https:\/\/archimede.ch\/wp-content\/plugins\/infotech-addons\/js\/shortcode-captcha_contact_form_contact.js\"><\/script>\n\t\t\t\t\t\t<!-- javascript -->\n\t\t<script type=\"text\/javascript\">\n\t\t\t\/\/variables\n\t\t\tvar url_globalWPFolder = \"https:\/\/archimede.ch\";\n\t\t\t\/\/MTCaptcha\n\t\t\tvar mtcaptchaConfig = {\n\t\t\t\t\"sitekey\": \"MTPublic-diFSr0yxD\",\n\t\t\t\t\"renderQueue\": ['mtcaptcha-1', 'mtcaptcha-2'],\t\t\t};\n\t\t\t(function(){var mt_service = document.createElement('script');mt_service.async = true;mt_service.src = 'https:\/\/service.mtcaptcha.com\/mtcv1\/client\/mtcaptcha.min.js';(document.getElementsByTagName('head')[0] || document.getElementsByTagName('body')[0]).appendChild(mt_service);\n\t\t\tvar mt_service2 = document.createElement('script');mt_service2.async = true;mt_service2.src = 'https:\/\/service2.mtcaptcha.com\/mtcv1\/client\/mtcaptcha2.min.js';(document.getElementsByTagName('head')[0] || document.getElementsByTagName('body')[0]).appendChild(mt_service2);}) ();\n\n\t\t\tfunction load_css( ){\n\t\t\t\ttry {\n\t\t\t\t\t\/\/ Get HTML head element\n\t\t\t\t\tvar head = document.getElementsByTagName('HEAD')[0];\n\n\t\t\t\t\t\/\/ Create new link Element\n\t\t\t\t\tvar link = document.createElement('link');\n\n\t\t\t\t\t\/\/ set the attributes for link element \n\t\t\t\t\tlink.rel = 'stylesheet';\n\t\t\t\t\tlink.type = 'text\/css';\n\t\t\t\t\tlink.href = url_globalWPFolder+'\/wp-content\/themes\/Divi\/style-static.min.css';\n\n\t\t\t\t\t\/\/ Append link element to HTML head\n\t\t\t\t\thead.appendChild( link );\n\t\t\t\t}\/\/end try\n\t\t\t\tcatch( try_catch_error ){\n\t\t\t\t\tconsole.log( \"function load_css() error\" );\n\t\t\t\t\tconsole.log( try_catch_error.message );\n\t\t\t\t}\/\/end catch\n\t\t\t}\n\n\t\t\t\/\/on ready\n\t\t\tjQuery( document ).ready(function(){\n\t\t\t\tload_css();\n\t\t\t});\n\t\t<\/script>\n\t\t[\/et_pb_code][et_pb_code _builder_version=\u00a0\u00bb4.3.4&Prime;][\/et_pb_code][\/et_pb_column][\/et_pb_row][\/et_pb_section]<\/p>\n","protected":false},"excerpt":{"rendered":"<p>Avantages de la certification\u00a0La certification en mati\u00e8re de protection des donn\u00e9es offre d&rsquo;importants avantages en : R\u00e9duisant les risques juridiques, financiers et de r\u00e9putation ; D\u00e9montrant la conformit\u00e9 avec le RGPD ; B\u00e9n\u00e9ficiant d&rsquo;un acc\u00e8s plus facile au march\u00e9 et d&rsquo;un avantage concurrentiel ; En \u00e9tablissant une relation de confiance avec vos clients et partenaires [&hellip;]<\/p>\n","protected":false},"author":2,"featured_media":0,"parent":0,"menu_order":0,"comment_status":"closed","ping_status":"closed","template":"","meta":{"_et_pb_use_builder":"on","_et_pb_old_content":"","_et_gb_content_width":"","footnotes":""},"class_list":["post-2016","page","type-page","status-publish","hentry"],"yoast_head":"<!-- This site is optimized with the Yoast SEO Premium plugin v25.5 (Yoast SEO v27.4) - https:\/\/yoast.com\/product\/yoast-seo-premium-wordpress\/ -->\n<title>Avantages de la certification - Archimede Solutions<\/title>\n<meta name=\"description\" content=\"Archimede Solutions research and data protection services for the European General Data Protection Regulation and ICT technologies.\" \/>\n<meta name=\"robots\" content=\"index, follow, max-snippet:-1, max-image-preview:large, max-video-preview:-1\" \/>\n<link rel=\"canonical\" href=\"https:\/\/archimede.ch\/fr\/avantages-de-la-certification\" \/>\n<meta property=\"og:locale\" content=\"fr_FR\" \/>\n<meta property=\"og:type\" content=\"article\" \/>\n<meta property=\"og:title\" content=\"Avantages de la certification\" \/>\n<meta property=\"og:description\" content=\"Archimede Solutions research and data protection services for the European General Data Protection Regulation and ICT technologies.\" \/>\n<meta property=\"og:url\" content=\"https:\/\/archimede.ch\/fr\/avantages-de-la-certification\" \/>\n<meta property=\"og:site_name\" content=\"Archimede Solutions\" \/>\n<meta property=\"article:modified_time\" content=\"2025-06-17T22:19:49+00:00\" \/>\n<meta name=\"twitter:card\" content=\"summary_large_image\" \/>\n<meta name=\"twitter:label1\" content=\"Dur\u00e9e de lecture estim\u00e9e\" \/>\n\t<meta name=\"twitter:data1\" content=\"2 minutes\" \/>\n<script type=\"application\/ld+json\" class=\"yoast-schema-graph\">{\"@context\":\"https:\\\/\\\/schema.org\",\"@graph\":[{\"@type\":\"WebPage\",\"@id\":\"https:\\\/\\\/archimede.ch\\\/fr\\\/avantages-de-la-certification\",\"url\":\"https:\\\/\\\/archimede.ch\\\/fr\\\/avantages-de-la-certification\",\"name\":\"Avantages de la certification - Archimede Solutions\",\"isPartOf\":{\"@id\":\"https:\\\/\\\/archimede.ch\\\/#website\"},\"datePublished\":\"2021-03-04T15:18:54+00:00\",\"dateModified\":\"2025-06-17T22:19:49+00:00\",\"description\":\"Archimede Solutions research and data protection services for the European General Data Protection Regulation and ICT technologies.\",\"breadcrumb\":{\"@id\":\"https:\\\/\\\/archimede.ch\\\/fr\\\/avantages-de-la-certification#breadcrumb\"},\"inLanguage\":\"fr-FR\",\"potentialAction\":[{\"@type\":\"ReadAction\",\"target\":[\"https:\\\/\\\/archimede.ch\\\/fr\\\/avantages-de-la-certification\"]}]},{\"@type\":\"BreadcrumbList\",\"@id\":\"https:\\\/\\\/archimede.ch\\\/fr\\\/avantages-de-la-certification#breadcrumb\",\"itemListElement\":[{\"@type\":\"ListItem\",\"position\":1,\"name\":\"Home\",\"item\":\"https:\\\/\\\/archimede.ch\\\/fr\"},{\"@type\":\"ListItem\",\"position\":2,\"name\":\"Avantages de la certification\"}]},{\"@type\":\"WebSite\",\"@id\":\"https:\\\/\\\/archimede.ch\\\/#website\",\"url\":\"https:\\\/\\\/archimede.ch\\\/\",\"name\":\"Archimede Solutions\",\"description\":\"an\u00a0always innovating company in audit, certification and services\",\"publisher\":{\"@id\":\"https:\\\/\\\/archimede.ch\\\/#organization\"},\"potentialAction\":[{\"@type\":\"SearchAction\",\"target\":{\"@type\":\"EntryPoint\",\"urlTemplate\":\"https:\\\/\\\/archimede.ch\\\/?s={search_term_string}\"},\"query-input\":{\"@type\":\"PropertyValueSpecification\",\"valueRequired\":true,\"valueName\":\"search_term_string\"}}],\"inLanguage\":\"fr-FR\"},{\"@type\":\"Organization\",\"@id\":\"https:\\\/\\\/archimede.ch\\\/#organization\",\"name\":\"Archimede Solutions\",\"url\":\"https:\\\/\\\/archimede.ch\\\/\",\"logo\":{\"@type\":\"ImageObject\",\"inLanguage\":\"fr-FR\",\"@id\":\"https:\\\/\\\/archimede.ch\\\/#\\\/schema\\\/logo\\\/image\\\/\",\"url\":\"https:\\\/\\\/archimede.ch\\\/wp-content\\\/uploads\\\/2019\\\/12\\\/cropped-Fichier-6.png\",\"contentUrl\":\"https:\\\/\\\/archimede.ch\\\/wp-content\\\/uploads\\\/2019\\\/12\\\/cropped-Fichier-6.png\",\"width\":512,\"height\":512,\"caption\":\"Archimede Solutions\"},\"image\":{\"@id\":\"https:\\\/\\\/archimede.ch\\\/#\\\/schema\\\/logo\\\/image\\\/\"}}]}<\/script>\n<!-- \/ Yoast SEO Premium plugin. -->","yoast_head_json":{"title":"Avantages de la certification - Archimede Solutions","description":"Archimede Solutions research and data protection services for the European General Data Protection Regulation and ICT technologies.","robots":{"index":"index","follow":"follow","max-snippet":"max-snippet:-1","max-image-preview":"max-image-preview:large","max-video-preview":"max-video-preview:-1"},"canonical":"https:\/\/archimede.ch\/fr\/avantages-de-la-certification","og_locale":"fr_FR","og_type":"article","og_title":"Avantages de la certification","og_description":"Archimede Solutions research and data protection services for the European General Data Protection Regulation and ICT technologies.","og_url":"https:\/\/archimede.ch\/fr\/avantages-de-la-certification","og_site_name":"Archimede Solutions","article_modified_time":"2025-06-17T22:19:49+00:00","twitter_card":"summary_large_image","twitter_misc":{"Dur\u00e9e de lecture estim\u00e9e":"2 minutes"},"schema":{"@context":"https:\/\/schema.org","@graph":[{"@type":"WebPage","@id":"https:\/\/archimede.ch\/fr\/avantages-de-la-certification","url":"https:\/\/archimede.ch\/fr\/avantages-de-la-certification","name":"Avantages de la certification - Archimede Solutions","isPartOf":{"@id":"https:\/\/archimede.ch\/#website"},"datePublished":"2021-03-04T15:18:54+00:00","dateModified":"2025-06-17T22:19:49+00:00","description":"Archimede Solutions research and data protection services for the European General Data Protection Regulation and ICT technologies.","breadcrumb":{"@id":"https:\/\/archimede.ch\/fr\/avantages-de-la-certification#breadcrumb"},"inLanguage":"fr-FR","potentialAction":[{"@type":"ReadAction","target":["https:\/\/archimede.ch\/fr\/avantages-de-la-certification"]}]},{"@type":"BreadcrumbList","@id":"https:\/\/archimede.ch\/fr\/avantages-de-la-certification#breadcrumb","itemListElement":[{"@type":"ListItem","position":1,"name":"Home","item":"https:\/\/archimede.ch\/fr"},{"@type":"ListItem","position":2,"name":"Avantages de la certification"}]},{"@type":"WebSite","@id":"https:\/\/archimede.ch\/#website","url":"https:\/\/archimede.ch\/","name":"Archimede Solutions","description":"an\u00a0always innovating company in audit, certification and services","publisher":{"@id":"https:\/\/archimede.ch\/#organization"},"potentialAction":[{"@type":"SearchAction","target":{"@type":"EntryPoint","urlTemplate":"https:\/\/archimede.ch\/?s={search_term_string}"},"query-input":{"@type":"PropertyValueSpecification","valueRequired":true,"valueName":"search_term_string"}}],"inLanguage":"fr-FR"},{"@type":"Organization","@id":"https:\/\/archimede.ch\/#organization","name":"Archimede Solutions","url":"https:\/\/archimede.ch\/","logo":{"@type":"ImageObject","inLanguage":"fr-FR","@id":"https:\/\/archimede.ch\/#\/schema\/logo\/image\/","url":"https:\/\/archimede.ch\/wp-content\/uploads\/2019\/12\/cropped-Fichier-6.png","contentUrl":"https:\/\/archimede.ch\/wp-content\/uploads\/2019\/12\/cropped-Fichier-6.png","width":512,"height":512,"caption":"Archimede Solutions"},"image":{"@id":"https:\/\/archimede.ch\/#\/schema\/logo\/image\/"}}]}},"_links":{"self":[{"href":"https:\/\/archimede.ch\/fr\/wp-json\/wp\/v2\/pages\/2016","targetHints":{"allow":["GET"]}}],"collection":[{"href":"https:\/\/archimede.ch\/fr\/wp-json\/wp\/v2\/pages"}],"about":[{"href":"https:\/\/archimede.ch\/fr\/wp-json\/wp\/v2\/types\/page"}],"author":[{"embeddable":true,"href":"https:\/\/archimede.ch\/fr\/wp-json\/wp\/v2\/users\/2"}],"replies":[{"embeddable":true,"href":"https:\/\/archimede.ch\/fr\/wp-json\/wp\/v2\/comments?post=2016"}],"version-history":[{"count":21,"href":"https:\/\/archimede.ch\/fr\/wp-json\/wp\/v2\/pages\/2016\/revisions"}],"predecessor-version":[{"id":3454,"href":"https:\/\/archimede.ch\/fr\/wp-json\/wp\/v2\/pages\/2016\/revisions\/3454"}],"wp:attachment":[{"href":"https:\/\/archimede.ch\/fr\/wp-json\/wp\/v2\/media?parent=2016"}],"curies":[{"name":"wp","href":"https:\/\/api.w.org\/{rel}","templated":true}]}}