{"id":1448,"date":"2020-02-27T13:19:17","date_gmt":"2020-02-27T13:19:17","guid":{"rendered":"https:\/\/archimede.ch\/test\/"},"modified":"2025-06-17T23:08:29","modified_gmt":"2025-06-17T21:08:29","slug":"a-propos","status":"publish","type":"page","link":"https:\/\/archimede.ch\/fr\/a-propos","title":{"rendered":"A propos"},"content":{"rendered":"<p>[et_pb_section fb_built=\u00a0\u00bb1&Prime; _builder_version=\u00a0\u00bb4.0.9&Prime; background_image=\u00a0\u00bbhttps:\/\/archimede.ch\/wp-content\/uploads\/2019\/12\/BG-content-22.jpg\u00a0\u00bb parallax=\u00a0\u00bbon\u00a0\u00bb custom_margin=\u00a0\u00bb||||false|false\u00a0\u00bb custom_padding=\u00a0\u00bb0em||12em||false|false\u00a0\u00bb bottom_divider_style=\u00a0\u00bbmountains2&Prime; bottom_divider_color=\u00a0\u00bb#88C4DD\u00a0\u00bb da_disable_devices=\u00a0\u00bboff|off|off\u00a0\u00bb collapsed=\u00a0\u00bboff\u00a0\u00bb da_is_popup=\u00a0\u00bboff\u00a0\u00bb da_exit_intent=\u00a0\u00bboff\u00a0\u00bb da_has_close=\u00a0\u00bbon\u00a0\u00bb da_alt_close=\u00a0\u00bboff\u00a0\u00bb da_dark_close=\u00a0\u00bboff\u00a0\u00bb da_not_modal=\u00a0\u00bbon\u00a0\u00bb da_is_singular=\u00a0\u00bboff\u00a0\u00bb da_with_loader=\u00a0\u00bboff\u00a0\u00bb da_has_shadow=\u00a0\u00bbon\u00a0\u00bb][et_pb_row _builder_version=\u00a0\u00bb4.2.1&Prime; custom_margin=\u00a0\u00bb-2px|auto||auto||\u00a0\u00bb][et_pb_column type=\u00a0\u00bb4_4&Prime; _builder_version=\u00a0\u00bb4.2.1&Prime; custom_padding=\u00a0\u00bb|22px||0px|false|false\u00a0\u00bb][et_pb_code _builder_version=\u00a0\u00bb4.0.9&Prime;][\/et_pb_code][et_pb_text _builder_version=\u00a0\u00bb4.2.1&Prime; text_font=\u00a0\u00bb||||||||\u00a0\u00bb text_font_size=\u00a0\u00bb16px\u00a0\u00bb text_line_height=\u00a0\u00bb2em\u00a0\u00bb header_font=\u00a0\u00bb||||||||\u00a0\u00bb header_2_font=\u00a0\u00bbMontserrat|300|||||||\u00a0\u00bb header_2_font_size=\u00a0\u00bb40px\u00a0\u00bb header_2_line_height=\u00a0\u00bb1.4em\u00a0\u00bb header_5_font=\u00a0\u00bb||||||||\u00a0\u00bb header_5_text_color=\u00a0\u00bb#7f8dff\u00a0\u00bb header_5_line_height=\u00a0\u00bb2em\u00a0\u00bb text_orientation=\u00a0\u00bbcenter\u00a0\u00bb module_alignment=\u00a0\u00bbcenter\u00a0\u00bb header_2_font_size_tablet=\u00a0\u00bb\u00a0\u00bb header_2_font_size_phone=\u00a0\u00bb30px\u00a0\u00bb header_2_font_size_last_edited=\u00a0\u00bbon|phone\u00a0\u00bb locked=\u00a0\u00bboff\u00a0\u00bb]<\/p>\n<h2 style=\"text-align: left;\">Archim\u00e8de Solutions<\/h2>\n<p>[\/et_pb_text][et_pb_text _builder_version=\u00a0\u00bb4.9.3&Prime; custom_padding=\u00a0\u00bb0px|||||\u00a0\u00bb]<\/p>\n<div>Archim\u00e8de Solutions est une soci\u00e9t\u00e9 europ\u00e9enne \u00a0<span>avec une forte expertise dans la protection des donn\u00e9es personnelles et la recherche,<\/span>\u00a0<span style=\"font-size: 14px;\">dont le si\u00e8ge social est situ\u00e9 depuis 2020 \u00e0 Gen\u00e8ve, \u00e0 proximit\u00e9 des organisations internationales. \u00a0<\/span><span style=\"font-size: 14px;\">Archim\u00e8de Solutions fournit des services hautement qualifi\u00e9s et personnalis\u00e9s allant d\u2019une \u00e9valuation de l&rsquo;impact sur la protection des donn\u00e9es (AIPD), \u00e0 l&rsquo;analyse des Gaps, l&rsquo;audit et la certification. Son expertise englobe les r\u00e9glementations internationales, europ\u00e9ennes et nationales en mati\u00e8re de protection des donn\u00e9es, notamment le R\u00e8glement G\u00e9n\u00e9ral europ\u00e9en sur la Protection des Donn\u00e9es (RGPD), la Loi f\u00e9d\u00e9rale suisse sur la protection des donn\u00e9es (LPD), ainsi que les normes telles que ISO\/IEC 27001 et ISO\/IEC 27701. \u00a0<\/span><span style=\"font-size: 14px;\">Archim\u00e8de Solutions est \u00e9galement activement engag\u00e9 dans plusieurs projets de recherche europ\u00e9ens avec un accent sur la protection des donn\u00e9es personnelles, la cybers\u00e9curit\u00e9, et l&rsquo;engagement des utilisateurs finaux. Elle a soutenu le d\u00e9veloppement du syst\u00e8me de certification Europrivacy sur la conformit\u00e9 RGPD, ainsi que plusieurs outils et services innovants.<\/span><\/div>\n<div><span style=\"font-size: 14px;\">\u00a0<\/span><\/div>\n<div><\/div>\n<h2>Vision et mission<\/h2>\n<div>La mission et la vision d&rsquo;Archim\u00e8de Solutions sont :<\/div>\n<div style=\"padding-left: 30px;\"><strong>\u2022 de vous apporter les experts les plus qualifi\u00e9s <\/strong> en mati\u00e8re de vie priv\u00e9e, de protection des donn\u00e9es personnelles et de cybers\u00e9curit\u00e9 ;<\/div>\n<div style=\"padding-left: 30px;\"><strong>\u2022 de fournir des services flexibles et personnalis\u00e9s <\/strong> avec une structure de co\u00fbts optimis\u00e9e ;<\/div>\n<div style=\"padding-left: 30px;\"><strong>\u2022 de construire un monde plus intelligent et plus respectueux de la vie priv\u00e9e.<\/strong><\/div>\n<div style=\"padding-left: 30px;\"><\/div>\n<div style=\"padding-left: 30px;\"><\/div>\n<div style=\"padding-left: 30px;\"><\/div>\n<div><\/div>\n<div><\/div>\n<div><\/div>\n<div><\/div>\n<h2>Principaux services<\/h2>\n<div style=\"padding-left: 30px;\"><a href=\"https:\/\/archimede.ch\/service-dpo\/?lang=fr\" <span style=\"text-decoration: underline;\"><strong>\u2022 Protection de la vie priv\u00e9e et des donn\u00e9es personnelles <\/strong><\/a>: AIPD, Gap analyses, audits, etc.<\/div>\n<div style=\"padding-left: 30px;\"><a href=\"https:\/\/archimede.ch\/activites-de-recherche\/?lang=fr\" <span style=\"text-decoration: underline;\"><strong>\u2022 Recherche et innovation <\/strong><\/a>\u00a0avec une participation active aux projets de recherche europ\u00e9ens H2020.<\/div>\n<div style=\"padding-left: 30px;\"><a href=\"https:\/\/archimede.ch\/fr\/experts-international?lang=fr\" <span style=\"text-decoration: underline;\"><strong>\u2022 R\u00e9seau mondial d\u2019experts <\/strong><\/a>englobant la protection des donn\u00e9es, les technologies TIC, le droit international, la n\u00e9gociation, la strat\u00e9gie et la gestion.<\/div>\n<div style=\"padding-left: 30px;\"><a href=\"https:\/\/archimede.ch\/sensibilisation-et-impact\/?lang=fr\" <span style=\"text-decoration: underline;\"><strong> \u2022Communication and diss\u00e9mination.<\/strong><\/a><\/div>\n<div style=\"padding-left: 30px;\"><a  <span style=\"text-decoration: underline;\" href=\"https:\/\/archimede.ch\/services-de-gestion-et-dadministration\/?lang=fr\"><strong>\u2022 Services de gestion et administration.<\/strong><\/a><\/div>\n<p>[\/et_pb_text][et_pb_image src=\u00a0\u00bbhttps:\/\/archimede.ch\/wp-content\/uploads\/2020\/03\/AS-logo-horizontal-v3.png\u00a0\u00bb _builder_version=\u00a0\u00bb4.3.4&Prime; max_width=\u00a0\u00bb41%\u00a0\u00bb module_alignment=\u00a0\u00bbcenter\u00a0\u00bb][\/et_pb_image][\/et_pb_column][\/et_pb_row][\/et_pb_section][et_pb_section fb_built=\u00a0\u00bb1&Prime; admin_label=\u00a0\u00bbFooter\u00a0\u00bb _builder_version=\u00a0\u00bb4.0.9&Prime; background_color=\u00a0\u00bb#88c4dd\u00a0\u00bb custom_padding=\u00a0\u00bb10em||10em||true|false\u00a0\u00bb top_divider_color=\u00a0\u00bb#ffffff\u00a0\u00bb top_divider_flip=\u00a0\u00bbvertical\u00a0\u00bb top_divider_arrangement=\u00a0\u00bbabove_content\u00a0\u00bb da_disable_devices=\u00a0\u00bboff|off|off\u00a0\u00bb saved_tabs=\u00a0\u00bball\u00a0\u00bb locked=\u00a0\u00bboff\u00a0\u00bb da_is_popup=\u00a0\u00bboff\u00a0\u00bb da_exit_intent=\u00a0\u00bboff\u00a0\u00bb da_has_close=\u00a0\u00bbon\u00a0\u00bb da_alt_close=\u00a0\u00bboff\u00a0\u00bb da_dark_close=\u00a0\u00bboff\u00a0\u00bb da_not_modal=\u00a0\u00bbon\u00a0\u00bb da_is_singular=\u00a0\u00bboff\u00a0\u00bb da_with_loader=\u00a0\u00bboff\u00a0\u00bb da_has_shadow=\u00a0\u00bbon\u00a0\u00bb][et_pb_row _builder_version=\u00a0\u00bb4.9.7&Prime; custom_margin=\u00a0\u00bb||||false|false\u00a0\u00bb hover_enabled=\u00a0\u00bb0&Prime; sticky_enabled=\u00a0\u00bb0&Prime;][et_pb_column type=\u00a0\u00bb4_4&Prime; _builder_version=\u00a0\u00bb4.3.4&Prime;][et_pb_text _builder_version=\u00a0\u00bb4.3.4&Prime; text_text_color=\u00a0\u00bb#b2b2b2&Prime; header_text_color=\u00a0\u00bb#939393&Prime; background_color=\u00a0\u00bb#ffffff\u00a0\u00bb custom_margin=\u00a0\u00bb||-3px|||\u00a0\u00bb custom_padding=\u00a0\u00bb35px||||false|false\u00a0\u00bb]<\/p>\n<h1 style=\"text-align: center;\">N&rsquo;h\u00e9sitez pas \u00e0 nous contacter <\/h1>\n<p>[\/et_pb_text][et_pb_code _builder_version=\u00a0\u00bb4.3.4&Prime; background_color=\u00a0\u00bb#ffffff\u00a0\u00bb custom_padding=\u00a0\u00bb50px|28px|50px|28px|true|true\u00a0\u00bb]\t\t<!-- style sheets -->\n\t\t<link type=\"text\/css\" rel=\"stylesheet\" href=\"https:\/\/archimede.ch\/wp-content\/plugins\/infotech-addons\/css\/shortcode-captcha_contact_form.css\">\n\n\t\t<!-- javascript -->\n\t\t<script type=\"text\/javascript\">\n\t\t\tvar url_plugin = \"https:\/\/archimede.ch\/wp-content\/plugins\/infotech-addons\";\n\t\t\tvar url_httpwwwdomain = \"https:\/\/archimede.ch\";\n\t\t\tvar language = \"english\";\n\t\t<\/script>\n\n\t\t\t\t\t\t<!-- -->\n\t\t\t\t<div class=\"captcha_contact_form\" token=\"09b5891bd425b81a81e438adaa5389f2f623d829a158c97431650da05f156633\" >\n\t\t\t\t\t<div class=\"et_pb_with_border\">\n\t\t\t\t\t\t<div class=\"et-pb-contact-message form_message\"><\/div><!--end .et-pb-contact-message -->\n\t\t\t\t\t\t<div class=\"et_pb_contact\">\n\t\t\t\t\t\t\t<form id=\"contact\" class=\"et_pb_contact_form\">\n\t\t\t\t\t\t\t\t<p class=\"et_pb_contact_field et_pb_contact_field_0 et_pb_contact_field_half\" >\n\t\t\t\t\t\t\t\t\t<label for=\"et_pb_contact_name_0\" class=\"et_pb_contact_form_label\">Name<\/label>\n\t\t\t\t\t\t\t\t\t<input id=\"name\" class=\"input\" type=\"text\" placeholder=\"Name\">\n\t\t\t\t\t\t\t\t<\/p>\n\t\t\t\t\t\t\t\t<p class=\"et_pb_contact_field et_pb_contact_field_1 et_pb_contact_field_half et_pb_contact_field_last\" >\n\t\t\t\t\t\t\t\t\t<label for=\"et_pb_contact_email_0\" class=\"et_pb_contact_form_label\">Email<\/label>\n\t\t\t\t\t\t\t\t\t<input id=\"email\" class=\"input\" type=\"text\" placeholder=\"Email\">\n\t\t\t\t\t\t\t\t<\/p>\n\t\t\t\t\t\t\t\t<p class=\"et_pb_contact_field et_pb_contact_field_2 et_pb_contact_field_last\" >\n\t\t\t\t\t\t\t\t\t<label for=\"et_pb_contact_message_0\" class=\"et_pb_contact_form_label\">Message<\/label>\n\t\t\t\t\t\t\t\t\t<textarea id=\"message\" class=\"et_pb_contact_message input\" placeholder=\"Message\"><\/textarea>\n\t\t\t\t\t\t\t\t<\/p>\n\t\t\t\t\t\t\t\t<div id=\"mtcaptcha-1\" class='mtcaptcha'><\/div><!--end .mtcaptcha -->\n\t\t\t\t\t\t\t\t<div class=\"et_contact_bottom_container\">\n\t\t\t\t\t\t\t\t\t<button class=\"et_pb_contact_submit et_pb_button\" type=\"submit\">Submit<\/button>\n\t\t\t\t\t\t\t\t<\/div>\n\t\t\t\t\t\t\t\t<img decoding=\"async\" class=\"loader\" src=\"https:\/\/archimede.ch\/wp-content\/plugins\/infotech-addons\/images\/loader-squares_43x11.gif\" \/>\n\t\t\t\t\t\t\t\t\n\t\t\t\t\t\t\t<\/form><!--end #contact --> \n\t\t\t\t\t\t<\/div> <!-- .et_pb_contact -->\n\t\t\t\t\t<\/div><!--end .et_pb_with_border -->\n\t\t\t\t<\/div><!--end .captcha_contact_form -->\n\t\t\t\t\n\t\t\t\t<!-- javascript -->\n\t\t\t\t<script type=\"text\/javascript\" src=\"https:\/\/archimede.ch\/wp-content\/plugins\/infotech-addons\/js\/shortcode-captcha_contact_form_contact.js\"><\/script>\n\t\t\t\t\t\t<!-- javascript -->\n\t\t<script type=\"text\/javascript\">\n\t\t\t\/\/variables\n\t\t\tvar url_globalWPFolder = \"https:\/\/archimede.ch\";\n\t\t\t\/\/MTCaptcha\n\t\t\tvar mtcaptchaConfig = {\n\t\t\t\t\"sitekey\": \"MTPublic-diFSr0yxD\",\n\t\t\t\t\"renderQueue\": ['mtcaptcha-1', 'mtcaptcha-2'],\t\t\t};\n\t\t\t(function(){var mt_service = document.createElement('script');mt_service.async = true;mt_service.src = 'https:\/\/service.mtcaptcha.com\/mtcv1\/client\/mtcaptcha.min.js';(document.getElementsByTagName('head')[0] || document.getElementsByTagName('body')[0]).appendChild(mt_service);\n\t\t\tvar mt_service2 = document.createElement('script');mt_service2.async = true;mt_service2.src = 'https:\/\/service2.mtcaptcha.com\/mtcv1\/client\/mtcaptcha2.min.js';(document.getElementsByTagName('head')[0] || document.getElementsByTagName('body')[0]).appendChild(mt_service2);}) ();\n\n\t\t\tfunction load_css( ){\n\t\t\t\ttry {\n\t\t\t\t\t\/\/ Get HTML head element\n\t\t\t\t\tvar head = document.getElementsByTagName('HEAD')[0];\n\n\t\t\t\t\t\/\/ Create new link Element\n\t\t\t\t\tvar link = document.createElement('link');\n\n\t\t\t\t\t\/\/ set the attributes for link element \n\t\t\t\t\tlink.rel = 'stylesheet';\n\t\t\t\t\tlink.type = 'text\/css';\n\t\t\t\t\tlink.href = url_globalWPFolder+'\/wp-content\/themes\/Divi\/style-static.min.css';\n\n\t\t\t\t\t\/\/ Append link element to HTML head\n\t\t\t\t\thead.appendChild( link );\n\t\t\t\t}\/\/end try\n\t\t\t\tcatch( try_catch_error ){\n\t\t\t\t\tconsole.log( \"function load_css() error\" );\n\t\t\t\t\tconsole.log( try_catch_error.message );\n\t\t\t\t}\/\/end catch\n\t\t\t}\n\n\t\t\t\/\/on ready\n\t\t\tjQuery( document ).ready(function(){\n\t\t\t\tload_css();\n\t\t\t});\n\t\t<\/script>\n\t\t[\/et_pb_code][et_pb_code _builder_version=\u00a0\u00bb4.3.4&Prime;][\/et_pb_code][\/et_pb_column][\/et_pb_row][\/et_pb_section]<\/p>\n","protected":false},"excerpt":{"rendered":"<p>Archim\u00e8de SolutionsArchim\u00e8de Solutions est une soci\u00e9t\u00e9 europ\u00e9enne \u00a0avec une forte expertise dans la protection des donn\u00e9es personnelles et la recherche,\u00a0dont le si\u00e8ge social est situ\u00e9 depuis 2020 \u00e0 Gen\u00e8ve, \u00e0 proximit\u00e9 des organisations internationales. \u00a0Archim\u00e8de Solutions fournit des services hautement qualifi\u00e9s et personnalis\u00e9s allant d\u2019une \u00e9valuation de l&rsquo;impact sur la protection des donn\u00e9es (AIPD), \u00e0 [&hellip;]<\/p>\n","protected":false},"author":2,"featured_media":0,"parent":0,"menu_order":0,"comment_status":"closed","ping_status":"closed","template":"","meta":{"_et_pb_use_builder":"on","_et_pb_old_content":"","_et_gb_content_width":"","footnotes":""},"class_list":["post-1448","page","type-page","status-publish","hentry"],"yoast_head":"<!-- This site is optimized with the Yoast SEO Premium plugin v25.5 (Yoast SEO v27.3) - https:\/\/yoast.com\/product\/yoast-seo-premium-wordpress\/ -->\n<title>A propos - Archimede Solutions<\/title>\n<meta name=\"description\" content=\"Archimede Solutions research and data protection services for the European General Data Protection Regulation and ICT technologies.\" \/>\n<meta name=\"robots\" content=\"index, follow, max-snippet:-1, max-image-preview:large, max-video-preview:-1\" \/>\n<link rel=\"canonical\" href=\"https:\/\/archimede.ch\/fr\/a-propos\" \/>\n<meta property=\"og:locale\" content=\"fr_FR\" \/>\n<meta property=\"og:type\" content=\"article\" \/>\n<meta property=\"og:title\" content=\"A propos\" \/>\n<meta property=\"og:description\" content=\"Archimede Solutions research and data protection services for the European General Data Protection Regulation and ICT technologies.\" \/>\n<meta property=\"og:url\" content=\"https:\/\/archimede.ch\/fr\/a-propos\" \/>\n<meta property=\"og:site_name\" content=\"Archimede Solutions\" \/>\n<meta property=\"article:modified_time\" content=\"2025-06-17T21:08:29+00:00\" \/>\n<meta name=\"twitter:card\" content=\"summary_large_image\" \/>\n<meta name=\"twitter:label1\" content=\"Dur\u00e9e de lecture estim\u00e9e\" \/>\n\t<meta name=\"twitter:data1\" content=\"2 minutes\" \/>\n<script type=\"application\/ld+json\" class=\"yoast-schema-graph\">{\"@context\":\"https:\\\/\\\/schema.org\",\"@graph\":[{\"@type\":\"WebPage\",\"@id\":\"https:\\\/\\\/archimede.ch\\\/fr\\\/a-propos\",\"url\":\"https:\\\/\\\/archimede.ch\\\/fr\\\/a-propos\",\"name\":\"A propos - Archimede Solutions\",\"isPartOf\":{\"@id\":\"https:\\\/\\\/archimede.ch\\\/#website\"},\"datePublished\":\"2020-02-27T13:19:17+00:00\",\"dateModified\":\"2025-06-17T21:08:29+00:00\",\"description\":\"Archimede Solutions research and data protection services for the European General Data Protection Regulation and ICT technologies.\",\"breadcrumb\":{\"@id\":\"https:\\\/\\\/archimede.ch\\\/fr\\\/a-propos#breadcrumb\"},\"inLanguage\":\"fr-FR\",\"potentialAction\":[{\"@type\":\"ReadAction\",\"target\":[\"https:\\\/\\\/archimede.ch\\\/fr\\\/a-propos\"]}]},{\"@type\":\"BreadcrumbList\",\"@id\":\"https:\\\/\\\/archimede.ch\\\/fr\\\/a-propos#breadcrumb\",\"itemListElement\":[{\"@type\":\"ListItem\",\"position\":1,\"name\":\"Home\",\"item\":\"https:\\\/\\\/archimede.ch\\\/fr\"},{\"@type\":\"ListItem\",\"position\":2,\"name\":\"A propos\"}]},{\"@type\":\"WebSite\",\"@id\":\"https:\\\/\\\/archimede.ch\\\/#website\",\"url\":\"https:\\\/\\\/archimede.ch\\\/\",\"name\":\"Archimede Solutions\",\"description\":\"an\u00a0always innovating company in audit, certification and services\",\"publisher\":{\"@id\":\"https:\\\/\\\/archimede.ch\\\/#organization\"},\"potentialAction\":[{\"@type\":\"SearchAction\",\"target\":{\"@type\":\"EntryPoint\",\"urlTemplate\":\"https:\\\/\\\/archimede.ch\\\/?s={search_term_string}\"},\"query-input\":{\"@type\":\"PropertyValueSpecification\",\"valueRequired\":true,\"valueName\":\"search_term_string\"}}],\"inLanguage\":\"fr-FR\"},{\"@type\":\"Organization\",\"@id\":\"https:\\\/\\\/archimede.ch\\\/#organization\",\"name\":\"Archimede Solutions\",\"url\":\"https:\\\/\\\/archimede.ch\\\/\",\"logo\":{\"@type\":\"ImageObject\",\"inLanguage\":\"fr-FR\",\"@id\":\"https:\\\/\\\/archimede.ch\\\/#\\\/schema\\\/logo\\\/image\\\/\",\"url\":\"https:\\\/\\\/archimede.ch\\\/wp-content\\\/uploads\\\/2019\\\/12\\\/cropped-Fichier-6.png\",\"contentUrl\":\"https:\\\/\\\/archimede.ch\\\/wp-content\\\/uploads\\\/2019\\\/12\\\/cropped-Fichier-6.png\",\"width\":512,\"height\":512,\"caption\":\"Archimede Solutions\"},\"image\":{\"@id\":\"https:\\\/\\\/archimede.ch\\\/#\\\/schema\\\/logo\\\/image\\\/\"}}]}<\/script>\n<!-- \/ Yoast SEO Premium plugin. -->","yoast_head_json":{"title":"A propos - Archimede Solutions","description":"Archimede Solutions research and data protection services for the European General Data Protection Regulation and ICT technologies.","robots":{"index":"index","follow":"follow","max-snippet":"max-snippet:-1","max-image-preview":"max-image-preview:large","max-video-preview":"max-video-preview:-1"},"canonical":"https:\/\/archimede.ch\/fr\/a-propos","og_locale":"fr_FR","og_type":"article","og_title":"A propos","og_description":"Archimede Solutions research and data protection services for the European General Data Protection Regulation and ICT technologies.","og_url":"https:\/\/archimede.ch\/fr\/a-propos","og_site_name":"Archimede Solutions","article_modified_time":"2025-06-17T21:08:29+00:00","twitter_card":"summary_large_image","twitter_misc":{"Dur\u00e9e de lecture estim\u00e9e":"2 minutes"},"schema":{"@context":"https:\/\/schema.org","@graph":[{"@type":"WebPage","@id":"https:\/\/archimede.ch\/fr\/a-propos","url":"https:\/\/archimede.ch\/fr\/a-propos","name":"A propos - Archimede Solutions","isPartOf":{"@id":"https:\/\/archimede.ch\/#website"},"datePublished":"2020-02-27T13:19:17+00:00","dateModified":"2025-06-17T21:08:29+00:00","description":"Archimede Solutions research and data protection services for the European General Data Protection Regulation and ICT technologies.","breadcrumb":{"@id":"https:\/\/archimede.ch\/fr\/a-propos#breadcrumb"},"inLanguage":"fr-FR","potentialAction":[{"@type":"ReadAction","target":["https:\/\/archimede.ch\/fr\/a-propos"]}]},{"@type":"BreadcrumbList","@id":"https:\/\/archimede.ch\/fr\/a-propos#breadcrumb","itemListElement":[{"@type":"ListItem","position":1,"name":"Home","item":"https:\/\/archimede.ch\/fr"},{"@type":"ListItem","position":2,"name":"A propos"}]},{"@type":"WebSite","@id":"https:\/\/archimede.ch\/#website","url":"https:\/\/archimede.ch\/","name":"Archimede Solutions","description":"an\u00a0always innovating company in audit, certification and services","publisher":{"@id":"https:\/\/archimede.ch\/#organization"},"potentialAction":[{"@type":"SearchAction","target":{"@type":"EntryPoint","urlTemplate":"https:\/\/archimede.ch\/?s={search_term_string}"},"query-input":{"@type":"PropertyValueSpecification","valueRequired":true,"valueName":"search_term_string"}}],"inLanguage":"fr-FR"},{"@type":"Organization","@id":"https:\/\/archimede.ch\/#organization","name":"Archimede Solutions","url":"https:\/\/archimede.ch\/","logo":{"@type":"ImageObject","inLanguage":"fr-FR","@id":"https:\/\/archimede.ch\/#\/schema\/logo\/image\/","url":"https:\/\/archimede.ch\/wp-content\/uploads\/2019\/12\/cropped-Fichier-6.png","contentUrl":"https:\/\/archimede.ch\/wp-content\/uploads\/2019\/12\/cropped-Fichier-6.png","width":512,"height":512,"caption":"Archimede Solutions"},"image":{"@id":"https:\/\/archimede.ch\/#\/schema\/logo\/image\/"}}]}},"_links":{"self":[{"href":"https:\/\/archimede.ch\/fr\/wp-json\/wp\/v2\/pages\/1448","targetHints":{"allow":["GET"]}}],"collection":[{"href":"https:\/\/archimede.ch\/fr\/wp-json\/wp\/v2\/pages"}],"about":[{"href":"https:\/\/archimede.ch\/fr\/wp-json\/wp\/v2\/types\/page"}],"author":[{"embeddable":true,"href":"https:\/\/archimede.ch\/fr\/wp-json\/wp\/v2\/users\/2"}],"replies":[{"embeddable":true,"href":"https:\/\/archimede.ch\/fr\/wp-json\/wp\/v2\/comments?post=1448"}],"version-history":[{"count":58,"href":"https:\/\/archimede.ch\/fr\/wp-json\/wp\/v2\/pages\/1448\/revisions"}],"predecessor-version":[{"id":3432,"href":"https:\/\/archimede.ch\/fr\/wp-json\/wp\/v2\/pages\/1448\/revisions\/3432"}],"wp:attachment":[{"href":"https:\/\/archimede.ch\/fr\/wp-json\/wp\/v2\/media?parent=1448"}],"curies":[{"name":"wp","href":"https:\/\/api.w.org\/{rel}","templated":true}]}}