{"id":1999,"date":"2021-03-04T13:39:55","date_gmt":"2021-03-04T13:39:55","guid":{"rendered":"https:\/\/archimede.ch\/politica-de-privacidad-y-cookies\/"},"modified":"2025-06-18T05:43:17","modified_gmt":"2025-06-18T03:43:17","slug":"politica-de-privacidad-y-cookies","status":"publish","type":"page","link":"https:\/\/archimede.ch\/es\/politica-de-privacidad-y-cookies","title":{"rendered":"Pol\u00edtica de privacidad"},"content":{"rendered":"<p>[et_pb_section fb_built=\u00bb1&#8243; _builder_version=\u00bb4.0.9&#8243; background_image=\u00bbhttps:\/\/archimede.ch\/wp-content\/uploads\/2019\/12\/BG-content-22.jpg\u00bb parallax=\u00bbon\u00bb custom_margin=\u00bb||||false|false\u00bb custom_padding=\u00bb0em||12em||false|false\u00bb bottom_divider_style=\u00bbmountains2&#8243; bottom_divider_color=\u00bb#88C4DD\u00bb da_disable_devices=\u00bboff|off|off\u00bb collapsed=\u00bboff\u00bb da_is_popup=\u00bboff\u00bb da_exit_intent=\u00bboff\u00bb da_has_close=\u00bbon\u00bb da_alt_close=\u00bboff\u00bb da_dark_close=\u00bboff\u00bb da_not_modal=\u00bbon\u00bb da_is_singular=\u00bboff\u00bb da_with_loader=\u00bboff\u00bb da_has_shadow=\u00bbon\u00bb][et_pb_row _builder_version=\u00bb4.9.3&#8243; custom_margin=\u00bb||||false|false\u00bb][et_pb_column type=\u00bb4_4&#8243; _builder_version=\u00bb4.0.9&#8243; custom_padding=\u00bb|22px||0px|false|false\u00bb border_width_right=\u00bb1px\u00bb border_color_right=\u00bb#e5e5e5&#8243;][et_pb_code _builder_version=\u00bb4.0.9&#8243;][\/et_pb_code][et_pb_text _builder_version=\u00bb4.2.1&#8243; text_font=\u00bb||||||||\u00bb text_font_size=\u00bb16px\u00bb text_line_height=\u00bb2em\u00bb header_font=\u00bb||||||||\u00bb header_2_font=\u00bbMontserrat|300|||||||\u00bb header_2_font_size=\u00bb40px\u00bb header_2_line_height=\u00bb1.4em\u00bb header_5_font=\u00bb||||||||\u00bb header_5_text_color=\u00bb#7f8dff\u00bb header_5_line_height=\u00bb2em\u00bb text_orientation=\u00bbcenter\u00bb module_alignment=\u00bbcenter\u00bb header_2_font_size_tablet=\u00bb\u00bb header_2_font_size_phone=\u00bb30px\u00bb header_2_font_size_last_edited=\u00bbon|phone\u00bb locked=\u00bboff\u00bb]<\/p>\n<h2 style=\"text-align: left;\">Pol\u00edtica de privacidad &amp; y cookies<\/h2>\n<p>[\/et_pb_text][et_pb_text _builder_version=\u00bb4.9.3&#8243;]<\/p>\n<p style=\"text-align: justify;\"><span style=\"font-weight: 400;\">Esta Pol\u00edtica de Privacidad y Cookies describe c\u00f3mo Archimede Solutions, que es el Controlador de Datos de este sitio web, recoge y procesa los datos personales\u00a0<\/span><span style=\"font-size: 14px;\">Archimede Solutions respeta y se compromete a proteger su informaci\u00f3n personal. Nuestras pol\u00edticas de privacidad reflejan los principios y est\u00e1ndares globales actuales sobre el tratamiento de la informaci\u00f3n personal, incluyendo las normas suizas y europeas sobre la protecci\u00f3n de los datos personales, &#8211; aviso y elecci\u00f3n del uso de los datos, acceso e integridad de los datos, seguridad, transferencia posterior y aplicaci\u00f3n\/supervisi\u00f3n. A continuaci\u00f3n, se exponen algunos de los aspectos m\u00e1s destacados de nuestra Declaraci\u00f3n de Privacidad en L\u00ednea.\u00a0<\/span><\/p>\n<p style=\"text-align: justify;\"><b>Minimizaci\u00f3n de datos <\/b><b><br \/>\n<\/b><\/p>\n<p style=\"text-align: justify;\"><span style=\"font-weight: 400;\">Archimede Solutions evita recopilar datos personales innecesarios y sigue pol\u00edticas de \u00abprotecci\u00f3n de datos por dise\u00f1o\u00bb y \u00abminimizaci\u00f3n de datos\u00bb para el procesamiento y la retenci\u00f3n de datos.<\/span><\/p>\n<p style=\"text-align: justify;\"><b>Finalidad y uso de la informaci\u00f3n recopilada <\/b><b><br \/>\n<\/b><\/p>\n<p style=\"text-align: justify;\"><span style=\"font-weight: 400;\">Archimede Solutions procesa los datos personales con el \u00fanico prop\u00f3sito de sus objetivos, actividades y servicios, incluyendo:<\/span><\/p>\n<ul style=\"padding-left: 40px;\">\n<li>Registro, autenticaci\u00f3n y gesti\u00f3n de derechos de acceso;<\/li>\n<li>Solicitudes de afiliaci\u00f3n y gesti\u00f3n administrativa;<\/li>\n<li>Facturaci\u00f3n y cobro a los usuarios de los Servicios de Archimede Solutions;<\/li>\n<li>Permitir a los usuarios y a Archimede Solutions interactuar y comunicarse entre s\u00ed;<\/li>\n<li>Informar a los usuarios y visitantes de Archimede Solutions sobre los eventos y actividades relacionados con Archimede Solutions;<\/li>\n<li>Mejorar la experiencia de los usuarios y la calidad de los servicios prestados;<\/li>\n<li>Autenticar, asegurar y recopilar estad\u00edsticas sobre las conexiones remotas.<\/li>\n<\/ul>\n<p style=\"text-align: justify;\"><b>C\u00f3mo se pueden colectar los datos <\/b><b><br \/>\n<\/b><\/p>\n<p style=\"text-align: justify;\"><span style=\"font-weight: 400;\">Archimede Solutions puede recibir informaci\u00f3n y datos personales a trav\u00e9s de sus sitios web, notificaciones por correo electr\u00f3nico y otros medios de interacci\u00f3n, y pueden incluir:<\/span><\/p>\n<ul style=\"padding-left: 40px;\">\n<li><strong>Informaci\u00f3n proporcionada por los usuarios <\/strong>\u00a0al utilizar nuestros servicios;<\/li>\n<li><strong>Informaci\u00f3n proporcionada por los dispositivos de los usuarios <\/strong>\u00a0para su conectividad, como su direcci\u00f3n IP (estos datos pueden quedar registrados por razones de seguridad);<\/li>\n<li><strong>Cookies y tecnolog\u00edas similares, <\/strong> cuyo uso est\u00e1 voluntariamente limitado y minimizado en nuestra p\u00e1gina web.<\/li>\n<\/ul>\n<p style=\"text-align: justify;\"><b>Pol\u00edtica de cookies <\/b><b><br \/>\n<\/b><\/p>\n<p style=\"text-align: justify;\"><span style=\"font-weight: 400;\">Este sitio web minimiza voluntariamente el uso de cookies. Puede utilizar cookies de sesi\u00f3n para apoyar la experiencia del usuario y el rendimiento del sitio web, pero no despliega ninguna cookie de perfil individual en los dispositivos de los usuarios y evita el uso de cookies de terceros. <span style=\"font-weight: 400;\">Estas son las cookies que utilizamos: <\/span><\/span><\/p>\n<ul style=\"padding-left: 40px;\">\n<li><span style=\"font-weight: 400;\">La cookie<\/span><b> has_js <\/b><span style=\"font-weight: 400;\">(almacenamiento local): Registra si su navegador tiene activado JavaScript. Esta cookie es vital para que el sitio web funcione correctamente. No recoge ning\u00fan dato personal.<\/span><\/li>\n<li><span style=\"font-weight: 400;\">La cookie<\/span><b> SESS*\u00a0<\/b><span style=\"font-weight: 400;\">(almacenamiento local): Se utiliza para identificar la sesi\u00f3n de inicio de sesi\u00f3n del usuario del sitio web (en su caso).<\/span><\/li>\n<li><span style=\"font-size: 14px;\">Las<\/span><b style=\"font-size: 14px;\">\u00a0cookies acordadas, cookies acordadas-categor\u00edas\u00a0<\/b><span style=\"font-size: 14px;\"> (almacenamiento local): Estas cookies se crean para almacenar sus preferencias de cookies.\u00a0<\/span><\/li>\n<\/ul>\n<p style=\"text-align: justify;\"><b>Pol\u00edtica hacia los ni\u00f1os <\/b><b><br \/>\n<\/b><\/p>\n<p style=\"text-align: justify;\"><span style=\"font-weight: 400;\">En principio, los servicios de Archimede Solutions no est\u00e1n dirigidos a menores de edad. Cualquier participante en un servicio de Archimede Solutions que sea menor de edad deber\u00e1 contar con el acuerdo de sus padres antes de compartir cualquier dato personal con nosotros. Cualquier persona que tenga conocimiento de que un menor de 16 a\u00f1os nos ha proporcionado datos personales sin el acuerdo de sus padres debe ponerse en contacto con nosotros.<\/span><\/p>\n<p style=\"text-align: justify;\"><b> Almacenamiento de datos y per\u00edodo de conservaci\u00f3n<\/b><b><br \/>\n<\/b><\/p>\n<p style=\"text-align: justify;\"><span style=\"font-weight: 400;\">Los servidores <span>de Archimede Solutions est\u00e1n situados en Europa<\/span>. El periodo de retenci\u00f3n de datos se minimiza y los datos que ya no son \u00fatiles se eliminan. El per\u00edodo de conservaci\u00f3n de los datos se determina teniendo en cuenta los requisitos legales, de seguridad, de gesti\u00f3n y de otros servicios leg\u00edtimos.<\/span><\/p>\n<p style=\"text-align: justify;\"><b>Intercambio y transferencia de informaci\u00f3n<\/b><b><br \/>\n<\/b><\/p>\n<p>Los datos personales se procesan con cuidado y nuestra pol\u00edtica exige evitar cualquier transferencia de datos innecesaria a terceros o a lugares geogr\u00e1ficos que puedan exponer los datos a un riesgo. Archimede Solutions puede compartir los datos personales en los siguientes casos:<\/p>\n<ul  style=\"padding-left:40px\";\n><\/p>\n<li><strong>Con procesadores y socios de Archimede Solutions <\/strong><span>\u00a0<\/span>para sus servicios y actividades, como soluciones de pago en l\u00ednea, procesos de registro in situ o infraestructura de almacenamiento de datos. La lista de procesadores de datos est\u00e1 disponible mediante una simple solicitud al responsable de protecci\u00f3n de datos.<\/li>\n<li><strong>Cuando lo exija la ley <\/strong><span>\u00a0<\/span>o para fines leg\u00edtimos, como la protecci\u00f3n de los derechos legales y la seguridad de Arhimede Solutions, sus socios y los usuarios de sus servicios.<\/li>\n<li><strong>Para la elaboraci\u00f3n de informes y la informaci\u00f3n. <\/strong>Arhimede Solutions suele utilizar datos agregados y anonimizados cuando realiza informes sobre los participantes en sus eventos. Sin embargo, la informaci\u00f3n sobre sus miembros, empleados y participantes que asisten a las actividades de Archimede Solutions puede aparecer en informes p\u00fablicos, comunicados de prensa, fotograf\u00edas y a trav\u00e9s de otros medios de informaci\u00f3n.<\/li>\n<\/ul>\n<p style=\"text-align: justify;\"><b>Seguridad<\/b><b><br \/>\n<\/b><\/p>\n<p style=\"text-align: justify;\"><span style=\"font-weight: 400;\">Archimede Solutions <span> utiliza medidas f\u00edsicas, t\u00e9cnicas y administrativas para salvaguardar la informaci\u00f3n en su poder contra la p\u00e9rdida, el robo y el uso no autorizado, la divulgaci\u00f3n o la modificaci\u00f3n. Sin embargo, tenga en cuenta que no se puede garantizar que la transmisi\u00f3n o el almacenamiento de datos sean 100% seguros. Por ello, aunque Archimede Solutions se esfuerza por proteger la informaci\u00f3n que procesa, esto no debe tomarse como una garant\u00eda. Si detecta alg\u00fan punto d\u00e9bil en nuestra seguridad, le rogamos que nos lo comunique.<\/span><\/span><\/p>\n<p style=\"text-align: justify;\"><b>Derechos del interesado<\/b><b><br \/>\n<\/b><\/p>\n<p style=\"text-align: justify;\"><span style=\"font-weight: 400;\">Los usuarios tienen derechos sobre sus datos personales. Pueden ponerse en contacto con nuestro Responsable de Protecci\u00f3n de Datos para hacer valer sus derechos como Sujetos de Datos, incluyendo el derecho a acceder, rectificar, borrar sus datos personales; el derecho a retirar el consentimiento y a restringir u objetar el procesamiento de sus datos personales; y el derecho a la portabilidad de sus datos personales. Los interesados tambi\u00e9n tienen derecho a presentar una reclamaci\u00f3n ante una autoridad de control en caso de que se vulneren sus derechos.<\/span><\/p>\n<p style=\"text-align: justify;\"><b>Cambios en esta pol\u00edtica<\/b><b><br \/>\n<\/b><\/p>\n<p style=\"text-align: justify;\"><span style=\"font-weight: 400;\"><span>Archimede Solutions<\/span> puede revisar esta pol\u00edtica de privacidad de vez en cuando y hacer cambios a su entera discreci\u00f3n. <span>La versi\u00f3n m\u00e1s actualizada de la pol\u00edtica regir\u00e1 el uso que Archimede Solutions haga de la informaci\u00f3n procesada y estar\u00e1 disponible en el sitio web de Europrivacy: x<\/span>:\u00a0<\/span><a href=\"https:\/\/archimede.ch\/?lang=es\"><span style=\"text-decoration: underline;\"><span style=\"font-weight: 400;\">www.dev.archimede.ch<\/span><\/a><span style=\"font-weight: 400;\">. <span>Al continuar accediendo o utilizando los Servicios despu\u00e9s de que dichos cambios entren en vigor, usted acepta quedar obligado por la Pol\u00edtica de Privacidad revisada.<\/span><\/span><\/p>\n<p style=\"text-align: justify;\"><b>Responsable de la protecci\u00f3n de datos y contacto <\/b><b><br \/>\n<\/b><\/p>\n<p style=\"text-align: justify;\"><span style=\"font-weight: 400;\">Si tiene alguna pregunta sobre esta pol\u00edtica o sobre su privacidad en los Servicios, puede ponerse en contacto con nuestro Responsable de Protecci\u00f3n de Datos a trav\u00e9s de nuestro formulario de contacto.<\/span><\/p>\n<p>[\/et_pb_text][\/et_pb_column][\/et_pb_row][\/et_pb_section][et_pb_section fb_built=\u00bb1&#8243; admin_label=\u00bbFooter\u00bb _builder_version=\u00bb4.0.9&#8243; background_color=\u00bb#88c4dd\u00bb custom_padding=\u00bb10em||10em||true|false\u00bb top_divider_color=\u00bb#ffffff\u00bb top_divider_flip=\u00bbvertical\u00bb top_divider_arrangement=\u00bbabove_content\u00bb da_disable_devices=\u00bboff|off|off\u00bb saved_tabs=\u00bball\u00bb locked=\u00bboff\u00bb da_is_popup=\u00bboff\u00bb da_exit_intent=\u00bboff\u00bb da_has_close=\u00bbon\u00bb da_alt_close=\u00bboff\u00bb da_dark_close=\u00bboff\u00bb da_not_modal=\u00bbon\u00bb da_is_singular=\u00bboff\u00bb da_with_loader=\u00bboff\u00bb da_has_shadow=\u00bbon\u00bb][et_pb_row _builder_version=\u00bb4.9.2&#8243; custom_margin=\u00bb||||false|false\u00bb][et_pb_column type=\u00bb4_4&#8243; _builder_version=\u00bb4.3.4&#8243;][et_pb_text _builder_version=\u00bb4.3.4&#8243; text_text_color=\u00bb#b2b2b2&#8243; header_text_color=\u00bb#939393&#8243; background_color=\u00bb#ffffff\u00bb custom_margin=\u00bb||-3px|||\u00bb custom_padding=\u00bb35px||||false|false\u00bb]<\/p>\n<h1 style=\"text-align: center;\">No dude en contactarnos<\/h1>\n<p>[\/et_pb_text][et_pb_code _builder_version=\u00bb4.3.4&#8243; background_color=\u00bb#ffffff\u00bb custom_padding=\u00bb50px|28px|50px|28px|true|true\u00bb]\t\t<!-- style sheets -->\n\t\t<link type=\"text\/css\" rel=\"stylesheet\" href=\"https:\/\/archimede.ch\/wp-content\/plugins\/infotech-addons\/css\/shortcode-captcha_contact_form.css\">\n\n\t\t<!-- javascript -->\n\t\t<script type=\"text\/javascript\">\n\t\t\tvar url_plugin = \"https:\/\/archimede.ch\/wp-content\/plugins\/infotech-addons\";\n\t\t\tvar url_httpwwwdomain = \"https:\/\/archimede.ch\";\n\t\t\tvar language = \"english\";\n\t\t<\/script>\n\n\t\t\t\t\t\t<!-- -->\n\t\t\t\t<div class=\"captcha_contact_form\" token=\"5f5c3b7bbaef3ecfb351f5d9935bc8f139e5ddb7c21e6c17c23c5ea19d517c72\" >\n\t\t\t\t\t<div class=\"et_pb_with_border\">\n\t\t\t\t\t\t<div class=\"et-pb-contact-message form_message\"><\/div><!--end .et-pb-contact-message -->\n\t\t\t\t\t\t<div class=\"et_pb_contact\">\n\t\t\t\t\t\t\t<form id=\"contact\" class=\"et_pb_contact_form\">\n\t\t\t\t\t\t\t\t<p class=\"et_pb_contact_field et_pb_contact_field_0 et_pb_contact_field_half\" >\n\t\t\t\t\t\t\t\t\t<label for=\"et_pb_contact_name_0\" class=\"et_pb_contact_form_label\">Name<\/label>\n\t\t\t\t\t\t\t\t\t<input id=\"name\" class=\"input\" type=\"text\" placeholder=\"Name\">\n\t\t\t\t\t\t\t\t<\/p>\n\t\t\t\t\t\t\t\t<p class=\"et_pb_contact_field et_pb_contact_field_1 et_pb_contact_field_half et_pb_contact_field_last\" >\n\t\t\t\t\t\t\t\t\t<label for=\"et_pb_contact_email_0\" class=\"et_pb_contact_form_label\">Email<\/label>\n\t\t\t\t\t\t\t\t\t<input id=\"email\" class=\"input\" type=\"text\" placeholder=\"Email\">\n\t\t\t\t\t\t\t\t<\/p>\n\t\t\t\t\t\t\t\t<p class=\"et_pb_contact_field et_pb_contact_field_2 et_pb_contact_field_last\" >\n\t\t\t\t\t\t\t\t\t<label for=\"et_pb_contact_message_0\" class=\"et_pb_contact_form_label\">Message<\/label>\n\t\t\t\t\t\t\t\t\t<textarea id=\"message\" class=\"et_pb_contact_message input\" placeholder=\"Message\"><\/textarea>\n\t\t\t\t\t\t\t\t<\/p>\n\t\t\t\t\t\t\t\t<div id=\"mtcaptcha-1\" class='mtcaptcha'><\/div><!--end .mtcaptcha -->\n\t\t\t\t\t\t\t\t<div class=\"et_contact_bottom_container\">\n\t\t\t\t\t\t\t\t\t<button class=\"et_pb_contact_submit et_pb_button\" type=\"submit\">Submit<\/button>\n\t\t\t\t\t\t\t\t<\/div>\n\t\t\t\t\t\t\t\t<img decoding=\"async\" class=\"loader\" src=\"https:\/\/archimede.ch\/wp-content\/plugins\/infotech-addons\/images\/loader-squares_43x11.gif\" \/>\n\t\t\t\t\t\t\t\t\n\t\t\t\t\t\t\t<\/form><!--end #contact --> \n\t\t\t\t\t\t<\/div> <!-- .et_pb_contact -->\n\t\t\t\t\t<\/div><!--end .et_pb_with_border -->\n\t\t\t\t<\/div><!--end .captcha_contact_form -->\n\t\t\t\t\n\t\t\t\t<!-- javascript -->\n\t\t\t\t<script type=\"text\/javascript\" src=\"https:\/\/archimede.ch\/wp-content\/plugins\/infotech-addons\/js\/shortcode-captcha_contact_form_contact.js\"><\/script>\n\t\t\t\t\t\t<!-- javascript -->\n\t\t<script type=\"text\/javascript\">\n\t\t\t\/\/variables\n\t\t\tvar url_globalWPFolder = \"https:\/\/archimede.ch\";\n\t\t\t\/\/MTCaptcha\n\t\t\tvar mtcaptchaConfig = {\n\t\t\t\t\"sitekey\": \"MTPublic-diFSr0yxD\",\n\t\t\t\t\"renderQueue\": ['mtcaptcha-1', 'mtcaptcha-2'],\t\t\t};\n\t\t\t(function(){var mt_service = document.createElement('script');mt_service.async = true;mt_service.src = 'https:\/\/service.mtcaptcha.com\/mtcv1\/client\/mtcaptcha.min.js';(document.getElementsByTagName('head')[0] || document.getElementsByTagName('body')[0]).appendChild(mt_service);\n\t\t\tvar mt_service2 = document.createElement('script');mt_service2.async = true;mt_service2.src = 'https:\/\/service2.mtcaptcha.com\/mtcv1\/client\/mtcaptcha2.min.js';(document.getElementsByTagName('head')[0] || document.getElementsByTagName('body')[0]).appendChild(mt_service2);}) ();\n\n\t\t\tfunction load_css( ){\n\t\t\t\ttry {\n\t\t\t\t\t\/\/ Get HTML head element\n\t\t\t\t\tvar head = document.getElementsByTagName('HEAD')[0];\n\n\t\t\t\t\t\/\/ Create new link Element\n\t\t\t\t\tvar link = document.createElement('link');\n\n\t\t\t\t\t\/\/ set the attributes for link element \n\t\t\t\t\tlink.rel = 'stylesheet';\n\t\t\t\t\tlink.type = 'text\/css';\n\t\t\t\t\tlink.href = url_globalWPFolder+'\/wp-content\/themes\/Divi\/style-static.min.css';\n\n\t\t\t\t\t\/\/ Append link element to HTML head\n\t\t\t\t\thead.appendChild( link );\n\t\t\t\t}\/\/end try\n\t\t\t\tcatch( try_catch_error ){\n\t\t\t\t\tconsole.log( \"function load_css() error\" );\n\t\t\t\t\tconsole.log( try_catch_error.message );\n\t\t\t\t}\/\/end catch\n\t\t\t}\n\n\t\t\t\/\/on ready\n\t\t\tjQuery( document ).ready(function(){\n\t\t\t\tload_css();\n\t\t\t});\n\t\t<\/script>\n\t\t[\/et_pb_code][et_pb_code _builder_version=\u00bb4.3.4&#8243;][\/et_pb_code][\/et_pb_column][\/et_pb_row][\/et_pb_section]<\/p>\n","protected":false},"excerpt":{"rendered":"<p>Pol\u00edtica de privacidad &amp; y cookiesEsta Pol\u00edtica de Privacidad y Cookies describe c\u00f3mo Archimede Solutions, que es el Controlador de Datos de este sitio web, recoge y procesa los datos personales\u00a0Archimede Solutions respeta y se compromete a proteger su informaci\u00f3n personal. Nuestras pol\u00edticas de privacidad reflejan los principios y est\u00e1ndares globales actuales sobre el tratamiento [&hellip;]<\/p>\n","protected":false},"author":2,"featured_media":0,"parent":0,"menu_order":0,"comment_status":"closed","ping_status":"closed","template":"","meta":{"_et_pb_use_builder":"on","_et_pb_old_content":"","_et_gb_content_width":"","footnotes":""},"class_list":["post-1999","page","type-page","status-publish","hentry"],"yoast_head":"<!-- This site is optimized with the Yoast SEO Premium plugin v25.5 (Yoast SEO v27.4) - https:\/\/yoast.com\/product\/yoast-seo-premium-wordpress\/ -->\n<title>Pol\u00edtica de privacidad - Archimede Solutions<\/title>\n<meta name=\"description\" content=\"Archimede Solutions research and data protection services for the European General Data Protection Regulation and ICT technologies.\" \/>\n<meta name=\"robots\" content=\"index, follow, max-snippet:-1, max-image-preview:large, max-video-preview:-1\" \/>\n<link rel=\"canonical\" href=\"https:\/\/archimede.ch\/es\/politica-de-privacidad-y-cookies\" \/>\n<meta property=\"og:locale\" content=\"es_ES\" \/>\n<meta property=\"og:type\" content=\"article\" \/>\n<meta property=\"og:title\" content=\"Pol\u00edtica de privacidad\" \/>\n<meta property=\"og:description\" content=\"Archimede Solutions research and data protection services for the European General Data Protection Regulation and ICT technologies.\" \/>\n<meta property=\"og:url\" content=\"https:\/\/archimede.ch\/es\/politica-de-privacidad-y-cookies\" \/>\n<meta property=\"og:site_name\" content=\"Archimede Solutions\" \/>\n<meta property=\"article:modified_time\" content=\"2025-06-18T03:43:17+00:00\" \/>\n<meta name=\"twitter:card\" content=\"summary_large_image\" \/>\n<meta name=\"twitter:label1\" content=\"Tiempo de lectura\" \/>\n\t<meta name=\"twitter:data1\" content=\"5 minutos\" \/>\n<script type=\"application\/ld+json\" class=\"yoast-schema-graph\">{\"@context\":\"https:\\\/\\\/schema.org\",\"@graph\":[{\"@type\":\"WebPage\",\"@id\":\"https:\\\/\\\/archimede.ch\\\/es\\\/politica-de-privacidad-y-cookies\",\"url\":\"https:\\\/\\\/archimede.ch\\\/es\\\/politica-de-privacidad-y-cookies\",\"name\":\"Pol\u00edtica de privacidad - Archimede Solutions\",\"isPartOf\":{\"@id\":\"https:\\\/\\\/archimede.ch\\\/#website\"},\"datePublished\":\"2021-03-04T13:39:55+00:00\",\"dateModified\":\"2025-06-18T03:43:17+00:00\",\"description\":\"Archimede Solutions research and data protection services for the European General Data Protection Regulation and ICT technologies.\",\"breadcrumb\":{\"@id\":\"https:\\\/\\\/archimede.ch\\\/es\\\/politica-de-privacidad-y-cookies#breadcrumb\"},\"inLanguage\":\"es\",\"potentialAction\":[{\"@type\":\"ReadAction\",\"target\":[\"https:\\\/\\\/archimede.ch\\\/es\\\/politica-de-privacidad-y-cookies\"]}]},{\"@type\":\"BreadcrumbList\",\"@id\":\"https:\\\/\\\/archimede.ch\\\/es\\\/politica-de-privacidad-y-cookies#breadcrumb\",\"itemListElement\":[{\"@type\":\"ListItem\",\"position\":1,\"name\":\"Home\",\"item\":\"https:\\\/\\\/archimede.ch\\\/es\"},{\"@type\":\"ListItem\",\"position\":2,\"name\":\"Pol\u00edtica de privacidad\"}]},{\"@type\":\"WebSite\",\"@id\":\"https:\\\/\\\/archimede.ch\\\/#website\",\"url\":\"https:\\\/\\\/archimede.ch\\\/\",\"name\":\"Archimede Solutions\",\"description\":\"an\u00a0always innovating company in audit, certification and services\",\"publisher\":{\"@id\":\"https:\\\/\\\/archimede.ch\\\/#organization\"},\"potentialAction\":[{\"@type\":\"SearchAction\",\"target\":{\"@type\":\"EntryPoint\",\"urlTemplate\":\"https:\\\/\\\/archimede.ch\\\/?s={search_term_string}\"},\"query-input\":{\"@type\":\"PropertyValueSpecification\",\"valueRequired\":true,\"valueName\":\"search_term_string\"}}],\"inLanguage\":\"es\"},{\"@type\":\"Organization\",\"@id\":\"https:\\\/\\\/archimede.ch\\\/#organization\",\"name\":\"Archimede Solutions\",\"url\":\"https:\\\/\\\/archimede.ch\\\/\",\"logo\":{\"@type\":\"ImageObject\",\"inLanguage\":\"es\",\"@id\":\"https:\\\/\\\/archimede.ch\\\/#\\\/schema\\\/logo\\\/image\\\/\",\"url\":\"https:\\\/\\\/archimede.ch\\\/wp-content\\\/uploads\\\/2019\\\/12\\\/cropped-Fichier-6.png\",\"contentUrl\":\"https:\\\/\\\/archimede.ch\\\/wp-content\\\/uploads\\\/2019\\\/12\\\/cropped-Fichier-6.png\",\"width\":512,\"height\":512,\"caption\":\"Archimede Solutions\"},\"image\":{\"@id\":\"https:\\\/\\\/archimede.ch\\\/#\\\/schema\\\/logo\\\/image\\\/\"}}]}<\/script>\n<!-- \/ Yoast SEO Premium plugin. -->","yoast_head_json":{"title":"Pol\u00edtica de privacidad - Archimede Solutions","description":"Archimede Solutions research and data protection services for the European General Data Protection Regulation and ICT technologies.","robots":{"index":"index","follow":"follow","max-snippet":"max-snippet:-1","max-image-preview":"max-image-preview:large","max-video-preview":"max-video-preview:-1"},"canonical":"https:\/\/archimede.ch\/es\/politica-de-privacidad-y-cookies","og_locale":"es_ES","og_type":"article","og_title":"Pol\u00edtica de privacidad","og_description":"Archimede Solutions research and data protection services for the European General Data Protection Regulation and ICT technologies.","og_url":"https:\/\/archimede.ch\/es\/politica-de-privacidad-y-cookies","og_site_name":"Archimede Solutions","article_modified_time":"2025-06-18T03:43:17+00:00","twitter_card":"summary_large_image","twitter_misc":{"Tiempo de lectura":"5 minutos"},"schema":{"@context":"https:\/\/schema.org","@graph":[{"@type":"WebPage","@id":"https:\/\/archimede.ch\/es\/politica-de-privacidad-y-cookies","url":"https:\/\/archimede.ch\/es\/politica-de-privacidad-y-cookies","name":"Pol\u00edtica de privacidad - Archimede Solutions","isPartOf":{"@id":"https:\/\/archimede.ch\/#website"},"datePublished":"2021-03-04T13:39:55+00:00","dateModified":"2025-06-18T03:43:17+00:00","description":"Archimede Solutions research and data protection services for the European General Data Protection Regulation and ICT technologies.","breadcrumb":{"@id":"https:\/\/archimede.ch\/es\/politica-de-privacidad-y-cookies#breadcrumb"},"inLanguage":"es","potentialAction":[{"@type":"ReadAction","target":["https:\/\/archimede.ch\/es\/politica-de-privacidad-y-cookies"]}]},{"@type":"BreadcrumbList","@id":"https:\/\/archimede.ch\/es\/politica-de-privacidad-y-cookies#breadcrumb","itemListElement":[{"@type":"ListItem","position":1,"name":"Home","item":"https:\/\/archimede.ch\/es"},{"@type":"ListItem","position":2,"name":"Pol\u00edtica de privacidad"}]},{"@type":"WebSite","@id":"https:\/\/archimede.ch\/#website","url":"https:\/\/archimede.ch\/","name":"Archimede Solutions","description":"an\u00a0always innovating company in audit, certification and services","publisher":{"@id":"https:\/\/archimede.ch\/#organization"},"potentialAction":[{"@type":"SearchAction","target":{"@type":"EntryPoint","urlTemplate":"https:\/\/archimede.ch\/?s={search_term_string}"},"query-input":{"@type":"PropertyValueSpecification","valueRequired":true,"valueName":"search_term_string"}}],"inLanguage":"es"},{"@type":"Organization","@id":"https:\/\/archimede.ch\/#organization","name":"Archimede Solutions","url":"https:\/\/archimede.ch\/","logo":{"@type":"ImageObject","inLanguage":"es","@id":"https:\/\/archimede.ch\/#\/schema\/logo\/image\/","url":"https:\/\/archimede.ch\/wp-content\/uploads\/2019\/12\/cropped-Fichier-6.png","contentUrl":"https:\/\/archimede.ch\/wp-content\/uploads\/2019\/12\/cropped-Fichier-6.png","width":512,"height":512,"caption":"Archimede Solutions"},"image":{"@id":"https:\/\/archimede.ch\/#\/schema\/logo\/image\/"}}]}},"_links":{"self":[{"href":"https:\/\/archimede.ch\/es\/wp-json\/wp\/v2\/pages\/1999","targetHints":{"allow":["GET"]}}],"collection":[{"href":"https:\/\/archimede.ch\/es\/wp-json\/wp\/v2\/pages"}],"about":[{"href":"https:\/\/archimede.ch\/es\/wp-json\/wp\/v2\/types\/page"}],"author":[{"embeddable":true,"href":"https:\/\/archimede.ch\/es\/wp-json\/wp\/v2\/users\/2"}],"replies":[{"embeddable":true,"href":"https:\/\/archimede.ch\/es\/wp-json\/wp\/v2\/comments?post=1999"}],"version-history":[{"count":19,"href":"https:\/\/archimede.ch\/es\/wp-json\/wp\/v2\/pages\/1999\/revisions"}],"predecessor-version":[{"id":3578,"href":"https:\/\/archimede.ch\/es\/wp-json\/wp\/v2\/pages\/1999\/revisions\/3578"}],"wp:attachment":[{"href":"https:\/\/archimede.ch\/es\/wp-json\/wp\/v2\/media?parent=1999"}],"curies":[{"name":"wp","href":"https:\/\/api.w.org\/{rel}","templated":true}]}}