{"id":1990,"date":"2021-03-04T01:30:52","date_gmt":"2021-03-04T01:30:52","guid":{"rendered":"https:\/\/archimede.ch\/precio-y-costes\/"},"modified":"2025-06-18T05:41:46","modified_gmt":"2025-06-18T03:41:46","slug":"precio-y-costes","status":"publish","type":"page","link":"https:\/\/archimede.ch\/es\/precio-y-costes","title":{"rendered":"Precio y costes"},"content":{"rendered":"<p>[et_pb_section fb_built=\u00bb1&#8243; _builder_version=\u00bb4.0.9&#8243; background_image=\u00bbhttps:\/\/archimede.ch\/wp-content\/uploads\/2019\/12\/BG-content-22.jpg\u00bb parallax=\u00bbon\u00bb custom_margin=\u00bb||||false|false\u00bb custom_padding=\u00bb0em||12em||false|false\u00bb bottom_divider_style=\u00bbmountains2&#8243; bottom_divider_color=\u00bb#88C4DD\u00bb da_disable_devices=\u00bboff|off|off\u00bb collapsed=\u00bboff\u00bb da_is_popup=\u00bboff\u00bb da_exit_intent=\u00bboff\u00bb da_has_close=\u00bbon\u00bb da_alt_close=\u00bboff\u00bb da_dark_close=\u00bboff\u00bb da_not_modal=\u00bbon\u00bb da_is_singular=\u00bboff\u00bb da_with_loader=\u00bboff\u00bb da_has_shadow=\u00bbon\u00bb][et_pb_row column_structure=\u00bb1_4,3_4&#8243; _builder_version=\u00bb4.2.1&#8243;][et_pb_column type=\u00bb1_4&#8243; _builder_version=\u00bb4.0.9&#8243; custom_padding=\u00bb|22px||0px|false|false\u00bb border_width_right=\u00bb1px\u00bb border_color_right=\u00bb#e5e5e5&#8243;][et_pb_code disabled_on=\u00bbon|on|off\u00bb _builder_version=\u00bb4.9.3&#8243; custom_margin=\u00bb1em||||false|false\u00bb custom_padding=\u00bb||||false|false\u00bb hover_enabled=\u00bb0&#8243; saved_tabs=\u00bball\u00bb sticky_enabled=\u00bb0&#8243;]<\/p>\n<ul style=\"list-style: none;\"><!-- [et_pb_line_break_holder] -->\t<\/p>\n<li><a href=\"https:\/\/archimede.ch\/beneficios-de-la-certificacion\/?lang=es\">Beneficios de la certificaci\u00f3n<\/a><\/li>\n<p><!-- [et_pb_line_break_holder] -->\t<\/p>\n<li><a href=\"https:\/\/archimede.ch\/valores-y-principios\/?lang=es\">Valores y principios<\/a><\/li>\n<p><!-- [et_pb_line_break_holder] -->\t<\/p>\n<li><a href=\"https:\/\/archimede.ch\/precio-y-costes\/?lang=es\">Precio y costes<\/a><\/li>\n<p><!-- [et_pb_line_break_holder] -->\t<\/p>\n<li><a href=\"https:\/\/archimede.ch\/declaracion-de-independencia-e-imparcialidad\/?lang=es\">Declaraci\u00f3n de independencia e imparcialidad<\/a><\/li>\n<p><!-- [et_pb_line_break_holder] --> \t<\/p>\n<li><a href=\"https:\/\/archimede.ch\/comite-de-imparcialidad\/?lang=es\">Comit\u00e9 de Imparcialidad<\/a><\/li>\n<p> <!-- [et_pb_line_break_holder] -->\t<\/p>\n<li><a href=\"https:\/\/archimede.ch\/proceso-de-certificacion\/?lang=es\">Proceso de certificaci\u00f3n<\/a><\/li>\n<p><!-- [et_pb_line_break_holder] -->\t<\/p>\n<li><a href=\"https:\/\/archimede.ch\/reclamaciones-y-apelaciones\/?lang=es\">Reclamaciones y apelaciones<\/a><\/li>\n<p><!-- [et_pb_line_break_holder] -->\t<\/p>\n<li><a href=\"https:\/\/archimede.ch\/uso-de-marcas-de-conformidad-y-referencias-de-certificacion\/?lang=es\">Uso de marcas de conformidad y referencias de certificaci\u00f3n<\/a><\/li>\n<p><!-- [et_pb_line_break_holder] -->\t<\/p>\n<li><a href=\"https:\/\/archimede.ch\/registro-de-certificacion\/?lang=es\">Registro de certificaci\u00f3n<\/a><\/li>\n<p><!-- [et_pb_line_break_holder] -->\t<\/p>\n<li><a href=\"https:\/\/archimede.ch\/organigrama\/?lang=es\">Organigrama<\/a><\/li>\n<p><!-- [et_pb_line_break_holder] --><!-- \n\n<li><a href=\"https:\/\/archimede.ch\/actividades-de-investigacion\/?lang=es\">Actividades de investigaci\u00f3n<\/a><\/li>\n\n--><!-- [et_pb_line_break_holder] --><\/ul>\n<p><!-- [et_pb_line_break_holder] --><\/p>\n<style><!-- [et_pb_line_break_holder] -->\/* unvisited link *\/<!-- [et_pb_line_break_holder] -->a:link {<!-- [et_pb_line_break_holder] -->   color: rgb(131,131,131);<!-- [et_pb_line_break_holder] -->}<!-- [et_pb_line_break_holder] --><!-- [et_pb_line_break_holder] -->\/* mouse over link *\/<!-- [et_pb_line_break_holder] -->a:hover {<!-- [et_pb_line_break_holder] -->  color: #09CCCF;<!-- [et_pb_line_break_holder] -->}<!-- [et_pb_line_break_holder] --><!-- [et_pb_line_break_holder] -->\/* selected link *\/<!-- [et_pb_line_break_holder] -->a:active {<!-- [et_pb_line_break_holder] -->  color: #09CCCF;<!-- [et_pb_line_break_holder] -->  font-weight: 500;<!-- [et_pb_line_break_holder] -->}<!-- [et_pb_line_break_holder] -->  <\/style>\n<p>[\/et_pb_code][et_pb_code _builder_version=\u00bb4.0.9&#8243;][\/et_pb_code][\/et_pb_column][et_pb_column type=\u00bb3_4&#8243; _builder_version=\u00bb4.0.9&#8243;][et_pb_text _builder_version=\u00bb4.2.1&#8243; text_font=\u00bb||||||||\u00bb text_font_size=\u00bb16px\u00bb text_line_height=\u00bb2em\u00bb header_font=\u00bb||||||||\u00bb header_2_font=\u00bbMontserrat|300|||||||\u00bb header_2_font_size=\u00bb40px\u00bb header_2_line_height=\u00bb1.4em\u00bb header_5_font=\u00bb||||||||\u00bb header_5_text_color=\u00bb#7f8dff\u00bb header_5_line_height=\u00bb2em\u00bb text_orientation=\u00bbcenter\u00bb module_alignment=\u00bbcenter\u00bb header_2_font_size_tablet=\u00bb\u00bb header_2_font_size_phone=\u00bb30px\u00bb header_2_font_size_last_edited=\u00bbon|phone\u00bb locked=\u00bboff\u00bb]<\/p>\n<h2 style=\"text-align: left;\">Precio &amp;  y costes<\/h2>\n<p>[\/et_pb_text][et_pb_text _builder_version=\u00bb4.9.3&#8243;]<\/p>\n<p style=\"text-align: justify;\">El coste de las auditor\u00edas y la certificaci\u00f3n puede variar en funci\u00f3n de varios factores, como por ejemplo:<\/p>\n<p style=\"padding-left: 30px; text-align: justify;\">1)La categor\u00eda de la certificaci\u00f3n \u00a0<\/p>\n<p style=\"padding-left: 30px; text-align: justify;\">2)\tLa complejidad del objeto a certificar<\/p>\n<p style=\"padding-left: 30px; text-align: justify;\">3)\tEl alcance y el objetivo de evaluaci\u00f3n de la certificaci\u00f3n<\/p>\n<p style=\"padding-left: 30px; text-align: justify;\">4)\tEl n\u00famero de empleados a tiempo <span style=\"text-decoration: underline;\">completo<\/p>\n<p style=\"padding-left: 30px; text-align: justify;\">5)\tEl n\u00famero de centros\/oficinas y su ubicaci\u00f3n<\/p>\n<p style=\"padding-left: 30px; text-align: justify;\">6)\tLa necesidad de int\u00e9rpretes (si procede)<\/p>\n<p style=\"text-align: justify;\">Para los procesos de certificaci\u00f3n sencillos y regulares, se utilizan tablas de referencia para establecer la estimaci\u00f3n de costes. Sin embargo, para los casos m\u00e1s complejos, se puede aplicar un c\u00e1lculo m\u00e1s detallado. El c\u00e1lculo se basa en los costes por hora, que se facilitan junto con las ofertas. El coste final puede verse afectado por la solicitud de los clientes y\/o por las no conformidades identificadas que puedan requerir la adaptaci\u00f3n del proceso de certificaci\u00f3n.<\/p>\n<p>[\/et_pb_text][\/et_pb_column][\/et_pb_row][\/et_pb_section][et_pb_section fb_built=\u00bb1&#8243; admin_label=\u00bbFooter\u00bb _builder_version=\u00bb4.0.9&#8243; background_color=\u00bb#88c4dd\u00bb custom_padding=\u00bb10em||10em||true|false\u00bb top_divider_color=\u00bb#ffffff\u00bb top_divider_flip=\u00bbvertical\u00bb top_divider_arrangement=\u00bbabove_content\u00bb da_disable_devices=\u00bboff|off|off\u00bb saved_tabs=\u00bball\u00bb locked=\u00bboff\u00bb da_is_popup=\u00bboff\u00bb da_exit_intent=\u00bboff\u00bb da_has_close=\u00bbon\u00bb da_alt_close=\u00bboff\u00bb da_dark_close=\u00bboff\u00bb da_not_modal=\u00bbon\u00bb da_is_singular=\u00bboff\u00bb da_with_loader=\u00bboff\u00bb da_has_shadow=\u00bbon\u00bb][et_pb_row _builder_version=\u00bb4.9.2&#8243; custom_margin=\u00bb||||false|false\u00bb][et_pb_column type=\u00bb4_4&#8243; _builder_version=\u00bb4.3.4&#8243;][et_pb_text _builder_version=\u00bb4.3.4&#8243; text_text_color=\u00bb#b2b2b2&#8243; header_text_color=\u00bb#939393&#8243; background_color=\u00bb#ffffff\u00bb custom_margin=\u00bb||-3px|||\u00bb custom_padding=\u00bb35px||||false|false\u00bb]<\/p>\n<h1 style=\"text-align: center;\">No dude en contactarnos<\/h1>\n<p>[\/et_pb_text][et_pb_code _builder_version=\u00bb4.3.4&#8243; background_color=\u00bb#ffffff\u00bb custom_padding=\u00bb50px|28px|50px|28px|true|true\u00bb]\t\t<!-- style sheets -->\n\t\t<link type=\"text\/css\" rel=\"stylesheet\" href=\"https:\/\/archimede.ch\/wp-content\/plugins\/infotech-addons\/css\/shortcode-captcha_contact_form.css\">\n\n\t\t<!-- javascript -->\n\t\t<script type=\"text\/javascript\">\n\t\t\tvar url_plugin = \"https:\/\/archimede.ch\/wp-content\/plugins\/infotech-addons\";\n\t\t\tvar url_httpwwwdomain = \"https:\/\/archimede.ch\";\n\t\t\tvar language = \"english\";\n\t\t<\/script>\n\n\t\t\t\t\t\t<!-- -->\n\t\t\t\t<div class=\"captcha_contact_form\" token=\"de7eeb9066ec03771bf7f74a63fb6aa10717f7eaee81d513cfa81e2be5198b69\" >\n\t\t\t\t\t<div class=\"et_pb_with_border\">\n\t\t\t\t\t\t<div class=\"et-pb-contact-message form_message\"><\/div><!--end .et-pb-contact-message -->\n\t\t\t\t\t\t<div class=\"et_pb_contact\">\n\t\t\t\t\t\t\t<form id=\"contact\" class=\"et_pb_contact_form\">\n\t\t\t\t\t\t\t\t<p class=\"et_pb_contact_field et_pb_contact_field_0 et_pb_contact_field_half\" >\n\t\t\t\t\t\t\t\t\t<label for=\"et_pb_contact_name_0\" class=\"et_pb_contact_form_label\">Name<\/label>\n\t\t\t\t\t\t\t\t\t<input id=\"name\" class=\"input\" type=\"text\" placeholder=\"Name\">\n\t\t\t\t\t\t\t\t<\/p>\n\t\t\t\t\t\t\t\t<p class=\"et_pb_contact_field et_pb_contact_field_1 et_pb_contact_field_half et_pb_contact_field_last\" >\n\t\t\t\t\t\t\t\t\t<label for=\"et_pb_contact_email_0\" class=\"et_pb_contact_form_label\">Email<\/label>\n\t\t\t\t\t\t\t\t\t<input id=\"email\" class=\"input\" type=\"text\" placeholder=\"Email\">\n\t\t\t\t\t\t\t\t<\/p>\n\t\t\t\t\t\t\t\t<p class=\"et_pb_contact_field et_pb_contact_field_2 et_pb_contact_field_last\" >\n\t\t\t\t\t\t\t\t\t<label for=\"et_pb_contact_message_0\" class=\"et_pb_contact_form_label\">Message<\/label>\n\t\t\t\t\t\t\t\t\t<textarea id=\"message\" class=\"et_pb_contact_message input\" placeholder=\"Message\"><\/textarea>\n\t\t\t\t\t\t\t\t<\/p>\n\t\t\t\t\t\t\t\t<div id=\"mtcaptcha-1\" class='mtcaptcha'><\/div><!--end .mtcaptcha -->\n\t\t\t\t\t\t\t\t<div class=\"et_contact_bottom_container\">\n\t\t\t\t\t\t\t\t\t<button class=\"et_pb_contact_submit et_pb_button\" type=\"submit\">Submit<\/button>\n\t\t\t\t\t\t\t\t<\/div>\n\t\t\t\t\t\t\t\t<img decoding=\"async\" class=\"loader\" src=\"https:\/\/archimede.ch\/wp-content\/plugins\/infotech-addons\/images\/loader-squares_43x11.gif\" \/>\n\t\t\t\t\t\t\t\t\n\t\t\t\t\t\t\t<\/form><!--end #contact --> \n\t\t\t\t\t\t<\/div> <!-- .et_pb_contact -->\n\t\t\t\t\t<\/div><!--end .et_pb_with_border -->\n\t\t\t\t<\/div><!--end .captcha_contact_form -->\n\t\t\t\t\n\t\t\t\t<!-- javascript -->\n\t\t\t\t<script type=\"text\/javascript\" src=\"https:\/\/archimede.ch\/wp-content\/plugins\/infotech-addons\/js\/shortcode-captcha_contact_form_contact.js\"><\/script>\n\t\t\t\t\t\t<!-- javascript -->\n\t\t<script type=\"text\/javascript\">\n\t\t\t\/\/variables\n\t\t\tvar url_globalWPFolder = \"https:\/\/archimede.ch\";\n\t\t\t\/\/MTCaptcha\n\t\t\tvar mtcaptchaConfig = {\n\t\t\t\t\"sitekey\": \"MTPublic-diFSr0yxD\",\n\t\t\t\t\"renderQueue\": ['mtcaptcha-1', 'mtcaptcha-2'],\t\t\t};\n\t\t\t(function(){var mt_service = document.createElement('script');mt_service.async = true;mt_service.src = 'https:\/\/service.mtcaptcha.com\/mtcv1\/client\/mtcaptcha.min.js';(document.getElementsByTagName('head')[0] || document.getElementsByTagName('body')[0]).appendChild(mt_service);\n\t\t\tvar mt_service2 = document.createElement('script');mt_service2.async = true;mt_service2.src = 'https:\/\/service2.mtcaptcha.com\/mtcv1\/client\/mtcaptcha2.min.js';(document.getElementsByTagName('head')[0] || document.getElementsByTagName('body')[0]).appendChild(mt_service2);}) ();\n\n\t\t\tfunction load_css( ){\n\t\t\t\ttry {\n\t\t\t\t\t\/\/ Get HTML head element\n\t\t\t\t\tvar head = document.getElementsByTagName('HEAD')[0];\n\n\t\t\t\t\t\/\/ Create new link Element\n\t\t\t\t\tvar link = document.createElement('link');\n\n\t\t\t\t\t\/\/ set the attributes for link element \n\t\t\t\t\tlink.rel = 'stylesheet';\n\t\t\t\t\tlink.type = 'text\/css';\n\t\t\t\t\tlink.href = url_globalWPFolder+'\/wp-content\/themes\/Divi\/style-static.min.css';\n\n\t\t\t\t\t\/\/ Append link element to HTML head\n\t\t\t\t\thead.appendChild( link );\n\t\t\t\t}\/\/end try\n\t\t\t\tcatch( try_catch_error ){\n\t\t\t\t\tconsole.log( \"function load_css() error\" );\n\t\t\t\t\tconsole.log( try_catch_error.message );\n\t\t\t\t}\/\/end catch\n\t\t\t}\n\n\t\t\t\/\/on ready\n\t\t\tjQuery( document ).ready(function(){\n\t\t\t\tload_css();\n\t\t\t});\n\t\t<\/script>\n\t\t[\/et_pb_code][et_pb_code _builder_version=\u00bb4.3.4&#8243;][\/et_pb_code][\/et_pb_column][\/et_pb_row][\/et_pb_section]<\/p>\n","protected":false},"excerpt":{"rendered":"<p>Precio &amp; y costesEl coste de las auditor\u00edas y la certificaci\u00f3n puede variar en funci\u00f3n de varios factores, como por ejemplo: 1)La categor\u00eda de la certificaci\u00f3n \u00a0 2) La complejidad del objeto a certificar 3) El alcance y el objetivo de evaluaci\u00f3n de la certificaci\u00f3n 4) El n\u00famero de empleados a tiempo completo 5) El [&hellip;]<\/p>\n","protected":false},"author":2,"featured_media":0,"parent":0,"menu_order":0,"comment_status":"closed","ping_status":"closed","template":"","meta":{"_et_pb_use_builder":"on","_et_pb_old_content":"","_et_gb_content_width":"","footnotes":""},"class_list":["post-1990","page","type-page","status-publish","hentry"],"yoast_head":"<!-- This site is optimized with the Yoast SEO Premium plugin v27.5 (Yoast SEO v27.6) - https:\/\/yoast.com\/product\/yoast-seo-premium-wordpress\/ -->\n<title>Precio y costes - Archimede Solutions<\/title>\n<meta name=\"description\" content=\"Archimede Solutions research and data protection services for the European General Data Protection Regulation and ICT technologies.\" \/>\n<meta name=\"robots\" content=\"index, follow, max-snippet:-1, max-image-preview:large, max-video-preview:-1\" \/>\n<link rel=\"canonical\" href=\"https:\/\/archimede.ch\/es\/precio-y-costes\" \/>\n<meta property=\"og:locale\" content=\"es_ES\" \/>\n<meta property=\"og:type\" content=\"article\" \/>\n<meta property=\"og:title\" content=\"Precio y costes\" \/>\n<meta property=\"og:description\" content=\"Archimede Solutions research and data protection services for the European General Data Protection Regulation and ICT technologies.\" \/>\n<meta property=\"og:url\" content=\"https:\/\/archimede.ch\/es\/precio-y-costes\" \/>\n<meta property=\"og:site_name\" content=\"Archimede Solutions\" \/>\n<meta property=\"article:modified_time\" content=\"2025-06-18T03:41:46+00:00\" \/>\n<meta name=\"twitter:card\" content=\"summary_large_image\" \/>\n<meta name=\"twitter:label1\" content=\"Tiempo de lectura\" \/>\n\t<meta name=\"twitter:data1\" content=\"1 minuto\" \/>\n<script type=\"application\/ld+json\" class=\"yoast-schema-graph\">{\"@context\":\"https:\\\/\\\/schema.org\",\"@graph\":[{\"@type\":\"WebPage\",\"@id\":\"https:\\\/\\\/archimede.ch\\\/es\\\/precio-y-costes\",\"url\":\"https:\\\/\\\/archimede.ch\\\/es\\\/precio-y-costes\",\"name\":\"Precio y costes - Archimede Solutions\",\"isPartOf\":{\"@id\":\"https:\\\/\\\/archimede.ch\\\/#website\"},\"datePublished\":\"2021-03-04T01:30:52+00:00\",\"dateModified\":\"2025-06-18T03:41:46+00:00\",\"description\":\"Archimede Solutions research and data protection services for the European General Data Protection Regulation and ICT technologies.\",\"breadcrumb\":{\"@id\":\"https:\\\/\\\/archimede.ch\\\/es\\\/precio-y-costes#breadcrumb\"},\"inLanguage\":\"es\",\"potentialAction\":[{\"@type\":\"ReadAction\",\"target\":[\"https:\\\/\\\/archimede.ch\\\/es\\\/precio-y-costes\"]}]},{\"@type\":\"BreadcrumbList\",\"@id\":\"https:\\\/\\\/archimede.ch\\\/es\\\/precio-y-costes#breadcrumb\",\"itemListElement\":[{\"@type\":\"ListItem\",\"position\":1,\"name\":\"Home\",\"item\":\"https:\\\/\\\/archimede.ch\\\/es\"},{\"@type\":\"ListItem\",\"position\":2,\"name\":\"Precio y costes\"}]},{\"@type\":\"WebSite\",\"@id\":\"https:\\\/\\\/archimede.ch\\\/#website\",\"url\":\"https:\\\/\\\/archimede.ch\\\/\",\"name\":\"Archimede Solutions\",\"description\":\"an\u00a0always innovating company in audit, certification and services\",\"publisher\":{\"@id\":\"https:\\\/\\\/archimede.ch\\\/#organization\"},\"potentialAction\":[{\"@type\":\"SearchAction\",\"target\":{\"@type\":\"EntryPoint\",\"urlTemplate\":\"https:\\\/\\\/archimede.ch\\\/?s={search_term_string}\"},\"query-input\":{\"@type\":\"PropertyValueSpecification\",\"valueRequired\":true,\"valueName\":\"search_term_string\"}}],\"inLanguage\":\"es\"},{\"@type\":\"Organization\",\"@id\":\"https:\\\/\\\/archimede.ch\\\/#organization\",\"name\":\"Archimede Solutions\",\"url\":\"https:\\\/\\\/archimede.ch\\\/\",\"logo\":{\"@type\":\"ImageObject\",\"inLanguage\":\"es\",\"@id\":\"https:\\\/\\\/archimede.ch\\\/#\\\/schema\\\/logo\\\/image\\\/\",\"url\":\"https:\\\/\\\/archimede.ch\\\/wp-content\\\/uploads\\\/2019\\\/12\\\/cropped-Fichier-6.png\",\"contentUrl\":\"https:\\\/\\\/archimede.ch\\\/wp-content\\\/uploads\\\/2019\\\/12\\\/cropped-Fichier-6.png\",\"width\":512,\"height\":512,\"caption\":\"Archimede Solutions\"},\"image\":{\"@id\":\"https:\\\/\\\/archimede.ch\\\/#\\\/schema\\\/logo\\\/image\\\/\"}}]}<\/script>\n<!-- \/ Yoast SEO Premium plugin. -->","yoast_head_json":{"title":"Precio y costes - Archimede Solutions","description":"Archimede Solutions research and data protection services for the European General Data Protection Regulation and ICT technologies.","robots":{"index":"index","follow":"follow","max-snippet":"max-snippet:-1","max-image-preview":"max-image-preview:large","max-video-preview":"max-video-preview:-1"},"canonical":"https:\/\/archimede.ch\/es\/precio-y-costes","og_locale":"es_ES","og_type":"article","og_title":"Precio y costes","og_description":"Archimede Solutions research and data protection services for the European General Data Protection Regulation and ICT technologies.","og_url":"https:\/\/archimede.ch\/es\/precio-y-costes","og_site_name":"Archimede Solutions","article_modified_time":"2025-06-18T03:41:46+00:00","twitter_card":"summary_large_image","twitter_misc":{"Tiempo de lectura":"1 minuto"},"schema":{"@context":"https:\/\/schema.org","@graph":[{"@type":"WebPage","@id":"https:\/\/archimede.ch\/es\/precio-y-costes","url":"https:\/\/archimede.ch\/es\/precio-y-costes","name":"Precio y costes - Archimede Solutions","isPartOf":{"@id":"https:\/\/archimede.ch\/#website"},"datePublished":"2021-03-04T01:30:52+00:00","dateModified":"2025-06-18T03:41:46+00:00","description":"Archimede Solutions research and data protection services for the European General Data Protection Regulation and ICT technologies.","breadcrumb":{"@id":"https:\/\/archimede.ch\/es\/precio-y-costes#breadcrumb"},"inLanguage":"es","potentialAction":[{"@type":"ReadAction","target":["https:\/\/archimede.ch\/es\/precio-y-costes"]}]},{"@type":"BreadcrumbList","@id":"https:\/\/archimede.ch\/es\/precio-y-costes#breadcrumb","itemListElement":[{"@type":"ListItem","position":1,"name":"Home","item":"https:\/\/archimede.ch\/es"},{"@type":"ListItem","position":2,"name":"Precio y costes"}]},{"@type":"WebSite","@id":"https:\/\/archimede.ch\/#website","url":"https:\/\/archimede.ch\/","name":"Archimede Solutions","description":"an\u00a0always innovating company in audit, certification and services","publisher":{"@id":"https:\/\/archimede.ch\/#organization"},"potentialAction":[{"@type":"SearchAction","target":{"@type":"EntryPoint","urlTemplate":"https:\/\/archimede.ch\/?s={search_term_string}"},"query-input":{"@type":"PropertyValueSpecification","valueRequired":true,"valueName":"search_term_string"}}],"inLanguage":"es"},{"@type":"Organization","@id":"https:\/\/archimede.ch\/#organization","name":"Archimede Solutions","url":"https:\/\/archimede.ch\/","logo":{"@type":"ImageObject","inLanguage":"es","@id":"https:\/\/archimede.ch\/#\/schema\/logo\/image\/","url":"https:\/\/archimede.ch\/wp-content\/uploads\/2019\/12\/cropped-Fichier-6.png","contentUrl":"https:\/\/archimede.ch\/wp-content\/uploads\/2019\/12\/cropped-Fichier-6.png","width":512,"height":512,"caption":"Archimede Solutions"},"image":{"@id":"https:\/\/archimede.ch\/#\/schema\/logo\/image\/"}}]}},"_links":{"self":[{"href":"https:\/\/archimede.ch\/es\/wp-json\/wp\/v2\/pages\/1990","targetHints":{"allow":["GET"]}}],"collection":[{"href":"https:\/\/archimede.ch\/es\/wp-json\/wp\/v2\/pages"}],"about":[{"href":"https:\/\/archimede.ch\/es\/wp-json\/wp\/v2\/types\/page"}],"author":[{"embeddable":true,"href":"https:\/\/archimede.ch\/es\/wp-json\/wp\/v2\/users\/2"}],"replies":[{"embeddable":true,"href":"https:\/\/archimede.ch\/es\/wp-json\/wp\/v2\/comments?post=1990"}],"version-history":[{"count":11,"href":"https:\/\/archimede.ch\/es\/wp-json\/wp\/v2\/pages\/1990\/revisions"}],"predecessor-version":[{"id":3572,"href":"https:\/\/archimede.ch\/es\/wp-json\/wp\/v2\/pages\/1990\/revisions\/3572"}],"wp:attachment":[{"href":"https:\/\/archimede.ch\/es\/wp-json\/wp\/v2\/media?parent=1990"}],"curies":[{"name":"wp","href":"https:\/\/api.w.org\/{rel}","templated":true}]}}