{"id":1975,"date":"2021-03-04T00:24:28","date_gmt":"2021-03-04T00:24:28","guid":{"rendered":"https:\/\/archimede.ch\/lista-de-proyectos\/"},"modified":"2025-06-18T05:34:44","modified_gmt":"2025-06-18T03:34:44","slug":"lista-de-proyectos","status":"publish","type":"page","link":"https:\/\/archimede.ch\/es\/lista-de-proyectos","title":{"rendered":"Proyectos de investigaci\u00f3n europeos"},"content":{"rendered":"<p>[et_pb_section fb_built=\u00bb1&#8243; _builder_version=\u00bb4.0.9&#8243; background_image=\u00bbhttps:\/\/archimede.ch\/wp-content\/uploads\/2019\/12\/BG-content-22.jpg\u00bb parallax=\u00bbon\u00bb custom_margin=\u00bb||||false|false\u00bb custom_padding=\u00bb0em||12em||false|false\u00bb bottom_divider_style=\u00bbmountains2&#8243; bottom_divider_color=\u00bb#88C4DD\u00bb da_disable_devices=\u00bboff|off|off\u00bb collapsed=\u00bboff\u00bb da_is_popup=\u00bboff\u00bb da_exit_intent=\u00bboff\u00bb da_has_close=\u00bbon\u00bb da_alt_close=\u00bboff\u00bb da_dark_close=\u00bboff\u00bb da_not_modal=\u00bbon\u00bb da_is_singular=\u00bboff\u00bb da_with_loader=\u00bboff\u00bb da_has_shadow=\u00bbon\u00bb][et_pb_row _builder_version=\u00bb4.2.1&#8243; locked=\u00bboff\u00bb][et_pb_column type=\u00bb4_4&#8243; _builder_version=\u00bb4.0.9&#8243; custom_padding=\u00bb|22px||0px|false|false\u00bb border_width_right=\u00bb1px\u00bb border_color_right=\u00bb#e5e5e5&#8243;][et_pb_code _builder_version=\u00bb4.0.9&#8243;][\/et_pb_code][et_pb_text _builder_version=\u00bb4.3.4&#8243; text_font=\u00bb||||||||\u00bb text_font_size=\u00bb16px\u00bb text_line_height=\u00bb2em\u00bb header_font=\u00bb||||||||\u00bb header_2_font=\u00bbMontserrat|300|||||||\u00bb header_2_font_size=\u00bb40px\u00bb header_2_line_height=\u00bb1.4em\u00bb header_5_font=\u00bb||||||||\u00bb header_5_text_color=\u00bb#7f8dff\u00bb header_5_line_height=\u00bb2em\u00bb text_orientation=\u00bbcenter\u00bb module_alignment=\u00bbcenter\u00bb header_2_font_size_tablet=\u00bb\u00bb header_2_font_size_phone=\u00bb30px\u00bb header_2_font_size_last_edited=\u00bbon|phone\u00bb locked=\u00bboff\u00bb]<\/p>\n<h2 style=\"text-align: left;\">Proyectos de investigaci\u00f3n europeos <\/h2>\n<p>[\/et_pb_text][et_pb_image src=\u00bbhttps:\/\/archimede.ch\/wp-content\/uploads\/2020\/03\/dreamstime_xxl_164525355-scaled.jpg\u00bb _builder_version=\u00bb4.3.4&#8243;][\/et_pb_image][et_pb_text _builder_version=\u00bb4.3.4&#8243;]<\/p>\n<p style=\"text-align: justify;\">Archimede Solutions ha participado en actividades de investigaci\u00f3n desde sus inicios. La empresa participa activamente  en varios proyectos de investigaci\u00f3n europeos de<span>\u00a0<\/span><strong>Horizonte 2020<span>\u00a0<\/span><\/strong>sobre protecci\u00f3n de datos, privacidad y ciberseguridad, entre ellos:\n<\/p>\n<p>[\/et_pb_text][et_pb_blurb title=\u00bbCyberSec4Europe\u00bb image=\u00bbhttps:\/\/archimede.ch\/wp-content\/uploads\/2020\/02\/Groupe-2.jpg\u00bb icon_placement=\u00bbleft\u00bb image_max_width=\u00bb200px\u00bb content_max_width=\u00bb100%\u00bb _builder_version=\u00bb4.3.4&#8243; module_alignment=\u00bbcenter\u00bb]<\/p>\n<p style=\"text-align: justify;\">CyberSec4Europe tiene como objetivo apoyar el desarrollo de una red europea de competencias en ciberseguridad y desarrollar una hoja de ruta com\u00fan de investigaci\u00f3n e innovaci\u00f3n en ciberseguridad en Europa. <\/p>\n<p>[\/et_pb_blurb][et_pb_blurb title=\u00bbNGIOT\u00bb image=\u00bbhttps:\/\/archimede.ch\/wp-content\/uploads\/2020\/02\/Groupe-3.jpg\u00bb icon_placement=\u00bbleft\u00bb image_max_width=\u00bb200px\u00bb content_max_width=\u00bb100%\u00bb _builder_version=\u00bb4.3.4&#8243; module_alignment=\u00bbcenter\u00bb]<\/p>\n<p style=\"text-align: justify;\">NGIOT apoya a la Comisi\u00f3n Europea en la elaboraci\u00f3n de su futuro programa de investigaci\u00f3n Horizonte Europa. Archim\u00e8de Solutions se encarga de desarrollar un Observatorio sobre el Internet de las cosas, la seguridad y la protecci\u00f3n de datos.<\/p>\n<p>[\/et_pb_blurb][et_pb_blurb title=\u00bbPrivacy Flag\u00bb image=\u00bbhttps:\/\/archimede.ch\/wp-content\/uploads\/2020\/02\/Groupe-5.jpg\u00bb icon_placement=\u00bbleft\u00bb image_max_width=\u00bb200px\u00bb content_max_width=\u00bb100%\u00bb _builder_version=\u00bb4.3.4&#8243; module_alignment=\u00bbcenter\u00bb]<\/p>\n<p style=\"text-align: justify;\">Privacy Flag, sobre la certificaci\u00f3n de protecci\u00f3n de datos, con especial atenci\u00f3n a la normativa europea (RGPD) y protecci\u00f3n de datos de suiza y a la certificaci\u00f3n.<\/p>\n<p>[\/et_pb_blurb][et_pb_blurb title=\u00bbANASTACIA\u00bb image=\u00bbhttps:\/\/archimede.ch\/wp-content\/uploads\/2020\/02\/Groupe-1.jpg\u00bb icon_placement=\u00bbleft\u00bb image_max_width=\u00bb200px\u00bb content_max_width=\u00bb100%\u00bb _builder_version=\u00bb4.3.4&#8243; module_alignment=\u00bbcenter\u00bb]<\/p>\n<p style=\"text-align: justify;\">ANASTACIA, sobre ciberseguridad y protecci\u00f3n de datos con el desarrollo de un Sello Din\u00e1mico de Seguridad y Privacidad (DSPS). El DSPS proporciona una herramienta que se apalanca en la IA y la Blockchain para supervisar en tiempo real la conformidad de la red de TIC con el RGPD. <\/span><\/p>\n<p>[\/et_pb_blurb][et_pb_blurb title=\u00bbSAINT\u00bb image=\u00bbhttps:\/\/archimede.ch\/wp-content\/uploads\/2020\/02\/Groupe-6.jpg\u00bb icon_placement=\u00bbleft\u00bb image_max_width=\u00bb200px\u00bb content_max_width=\u00bb100%\u00bb _builder_version=\u00bb4.3.4&#8243; module_alignment=\u00bbcenter\u00bb]<\/p>\n<p>SAINT, sobre la ciberdelincuencia con un enfoque hol\u00edstico que combina tecnolog\u00eda y modelos econ\u00f3micos sist\u00e9micos para contrarrestar los ciberataques y las amenazas.<\/span><\/p>\n<p>[\/et_pb_blurb][et_pb_blurb title=\u00bbCreate-IoT\u00bb image=\u00bbhttps:\/\/archimede.ch\/wp-content\/uploads\/2020\/02\/Groupe-4.jpg\u00bb icon_placement=\u00bbleft\u00bb image_max_width=\u00bb200px\u00bb content_max_width=\u00bb100%\u00bb _builder_version=\u00bb4.3.4&#8243; module_alignment=\u00bbcenter\u00bb]<\/p>\n<p>Create-IoT, sobre la coordinaci\u00f3n de la protecci\u00f3n de datos para los pilotos europeos a gran escala del Internet de las cosas. Archimede Solutions coordin\u00f3 y presidi\u00f3 el AG5 sobre protecci\u00f3n de datos y el cl\u00faster sobre seguridad y protecci\u00f3n de datos del IoT <\/p>\n<p>[\/et_pb_blurb][et_pb_blurb title=\u00bbU4IoT\u00bb image=\u00bbhttps:\/\/archimede.ch\/wp-content\/uploads\/2020\/02\/Groupe-7.jpg\u00bb icon_placement=\u00bbleft\u00bb image_max_width=\u00bb200px\u00bb content_max_width=\u00bb100%\u00bb _builder_version=\u00bb4.3.4&#8243; module_alignment=\u00bbcenter\u00bb]<\/p>\n<p style=\"text-align: justify;\">U4IoT est\u00e1 desarrollando herramientas para supervisar y garantizar el respeto y el cumplimiento del RGPD para los pilotos europeos a gran escala (LSP) sobre el Internet de las cosas: ciudades inteligentes, wearables, transporte inteligente, agricultura inteligente y casas inteligentes. Los cinco LSP re\u00fanen a m\u00e1s de 300 empresas y centros de investigaci\u00f3n europeos.<\/p>\n<p>[\/et_pb_blurb][et_pb_text _builder_version=\u00bb4.3.4&#8243;]<\/p>\n<p style=\"text-align: center;\"><em>Llevar la protecci\u00f3n de datos por dise\u00f1o de la investigaci\u00f3n a la industria <\/em><\/p>\n<p>[\/et_pb_text][et_pb_image src=\u00bbhttps:\/\/archimede.ch\/wp-content\/uploads\/2020\/02\/Logo-H2020.jpg\u00bb align=\u00bbcenter\u00bb _builder_version=\u00bb4.2.1&#8243;][\/et_pb_image][\/et_pb_column][\/et_pb_row][\/et_pb_section][et_pb_section fb_built=\u00bb1&#8243; admin_label=\u00bbFooter\u00bb _builder_version=\u00bb4.0.9&#8243; background_color=\u00bb#88c4dd\u00bb custom_padding=\u00bb10em||10em||true|false\u00bb top_divider_color=\u00bb#ffffff\u00bb top_divider_flip=\u00bbvertical\u00bb top_divider_arrangement=\u00bbabove_content\u00bb da_disable_devices=\u00bboff|off|off\u00bb global_module=\u00bb832&#8243; saved_tabs=\u00bball\u00bb locked=\u00bboff\u00bb da_is_popup=\u00bboff\u00bb da_exit_intent=\u00bboff\u00bb da_has_close=\u00bbon\u00bb da_alt_close=\u00bboff\u00bb da_dark_close=\u00bboff\u00bb da_not_modal=\u00bbon\u00bb da_is_singular=\u00bboff\u00bb da_with_loader=\u00bboff\u00bb da_has_shadow=\u00bbon\u00bb][et_pb_row _builder_version=\u00bb4.9.2&#8243; custom_margin=\u00bb||||false|false\u00bb][et_pb_column type=\u00bb4_4&#8243; _builder_version=\u00bb4.3.4&#8243;][et_pb_text _builder_version=\u00bb4.3.4&#8243; text_text_color=\u00bb#b2b2b2&#8243; header_text_color=\u00bb#939393&#8243; background_color=\u00bb#ffffff\u00bb custom_margin=\u00bb||-3px|||\u00bb custom_padding=\u00bb35px||||false|false\u00bb]<\/p>\n<h1 style=\"text-align: center;\">No dude en contactarnos<\/h1>\n<p>[\/et_pb_text][et_pb_code _builder_version=\u00bb4.3.4&#8243; background_color=\u00bb#ffffff\u00bb custom_padding=\u00bb50px|28px|50px|28px|true|true\u00bb]\t\t<!-- style sheets -->\n\t\t<link type=\"text\/css\" rel=\"stylesheet\" href=\"https:\/\/archimede.ch\/wp-content\/plugins\/infotech-addons\/css\/shortcode-captcha_contact_form.css\">\n\n\t\t<!-- javascript -->\n\t\t<script type=\"text\/javascript\">\n\t\t\tvar url_plugin = \"https:\/\/archimede.ch\/wp-content\/plugins\/infotech-addons\";\n\t\t\tvar url_httpwwwdomain = \"https:\/\/archimede.ch\";\n\t\t\tvar language = \"english\";\n\t\t<\/script>\n\n\t\t\t\t\t\t<!-- -->\n\t\t\t\t<div class=\"captcha_contact_form\" token=\"5da0ea296a70168ae72cdafcff4e29faf07b8a502bcedb4361e584c8259f1dc3\" >\n\t\t\t\t\t<div class=\"et_pb_with_border\">\n\t\t\t\t\t\t<div class=\"et-pb-contact-message form_message\"><\/div><!--end .et-pb-contact-message -->\n\t\t\t\t\t\t<div class=\"et_pb_contact\">\n\t\t\t\t\t\t\t<form id=\"contact\" class=\"et_pb_contact_form\">\n\t\t\t\t\t\t\t\t<p class=\"et_pb_contact_field et_pb_contact_field_0 et_pb_contact_field_half\" >\n\t\t\t\t\t\t\t\t\t<label for=\"et_pb_contact_name_0\" class=\"et_pb_contact_form_label\">Name<\/label>\n\t\t\t\t\t\t\t\t\t<input id=\"name\" class=\"input\" type=\"text\" placeholder=\"Name\">\n\t\t\t\t\t\t\t\t<\/p>\n\t\t\t\t\t\t\t\t<p class=\"et_pb_contact_field et_pb_contact_field_1 et_pb_contact_field_half et_pb_contact_field_last\" >\n\t\t\t\t\t\t\t\t\t<label for=\"et_pb_contact_email_0\" class=\"et_pb_contact_form_label\">Email<\/label>\n\t\t\t\t\t\t\t\t\t<input id=\"email\" class=\"input\" type=\"text\" placeholder=\"Email\">\n\t\t\t\t\t\t\t\t<\/p>\n\t\t\t\t\t\t\t\t<p class=\"et_pb_contact_field et_pb_contact_field_2 et_pb_contact_field_last\" >\n\t\t\t\t\t\t\t\t\t<label for=\"et_pb_contact_message_0\" class=\"et_pb_contact_form_label\">Message<\/label>\n\t\t\t\t\t\t\t\t\t<textarea id=\"message\" class=\"et_pb_contact_message input\" placeholder=\"Message\"><\/textarea>\n\t\t\t\t\t\t\t\t<\/p>\n\t\t\t\t\t\t\t\t<div id=\"mtcaptcha-1\" class='mtcaptcha'><\/div><!--end .mtcaptcha -->\n\t\t\t\t\t\t\t\t<div class=\"et_contact_bottom_container\">\n\t\t\t\t\t\t\t\t\t<button class=\"et_pb_contact_submit et_pb_button\" type=\"submit\">Submit<\/button>\n\t\t\t\t\t\t\t\t<\/div>\n\t\t\t\t\t\t\t\t<img decoding=\"async\" class=\"loader\" src=\"https:\/\/archimede.ch\/wp-content\/plugins\/infotech-addons\/images\/loader-squares_43x11.gif\" \/>\n\t\t\t\t\t\t\t\t\n\t\t\t\t\t\t\t<\/form><!--end #contact --> \n\t\t\t\t\t\t<\/div> <!-- .et_pb_contact -->\n\t\t\t\t\t<\/div><!--end .et_pb_with_border -->\n\t\t\t\t<\/div><!--end .captcha_contact_form -->\n\t\t\t\t\n\t\t\t\t<!-- javascript -->\n\t\t\t\t<script type=\"text\/javascript\" src=\"https:\/\/archimede.ch\/wp-content\/plugins\/infotech-addons\/js\/shortcode-captcha_contact_form_contact.js\"><\/script>\n\t\t\t\t\t\t<!-- javascript -->\n\t\t<script type=\"text\/javascript\">\n\t\t\t\/\/variables\n\t\t\tvar url_globalWPFolder = \"https:\/\/archimede.ch\";\n\t\t\t\/\/MTCaptcha\n\t\t\tvar mtcaptchaConfig = {\n\t\t\t\t\"sitekey\": \"MTPublic-diFSr0yxD\",\n\t\t\t\t\"renderQueue\": ['mtcaptcha-1', 'mtcaptcha-2'],\t\t\t};\n\t\t\t(function(){var mt_service = document.createElement('script');mt_service.async = true;mt_service.src = 'https:\/\/service.mtcaptcha.com\/mtcv1\/client\/mtcaptcha.min.js';(document.getElementsByTagName('head')[0] || document.getElementsByTagName('body')[0]).appendChild(mt_service);\n\t\t\tvar mt_service2 = document.createElement('script');mt_service2.async = true;mt_service2.src = 'https:\/\/service2.mtcaptcha.com\/mtcv1\/client\/mtcaptcha2.min.js';(document.getElementsByTagName('head')[0] || document.getElementsByTagName('body')[0]).appendChild(mt_service2);}) ();\n\n\t\t\tfunction load_css( ){\n\t\t\t\ttry {\n\t\t\t\t\t\/\/ Get HTML head element\n\t\t\t\t\tvar head = document.getElementsByTagName('HEAD')[0];\n\n\t\t\t\t\t\/\/ Create new link Element\n\t\t\t\t\tvar link = document.createElement('link');\n\n\t\t\t\t\t\/\/ set the attributes for link element \n\t\t\t\t\tlink.rel = 'stylesheet';\n\t\t\t\t\tlink.type = 'text\/css';\n\t\t\t\t\tlink.href = url_globalWPFolder+'\/wp-content\/themes\/Divi\/style-static.min.css';\n\n\t\t\t\t\t\/\/ Append link element to HTML head\n\t\t\t\t\thead.appendChild( link );\n\t\t\t\t}\/\/end try\n\t\t\t\tcatch( try_catch_error ){\n\t\t\t\t\tconsole.log( \"function load_css() error\" );\n\t\t\t\t\tconsole.log( try_catch_error.message );\n\t\t\t\t}\/\/end catch\n\t\t\t}\n\n\t\t\t\/\/on ready\n\t\t\tjQuery( document ).ready(function(){\n\t\t\t\tload_css();\n\t\t\t});\n\t\t<\/script>\n\t\t[\/et_pb_code][et_pb_code _builder_version=\u00bb4.3.4&#8243;][\/et_pb_code][\/et_pb_column][\/et_pb_row][\/et_pb_section]<\/p>\n","protected":false},"excerpt":{"rendered":"<p>Proyectos de investigaci\u00f3n europeos Archimede Solutions ha participado en actividades de investigaci\u00f3n desde sus inicios. La empresa participa activamente en varios proyectos de investigaci\u00f3n europeos de\u00a0Horizonte 2020\u00a0sobre protecci\u00f3n de datos, privacidad y ciberseguridad, entre ellos: CyberSec4Europe tiene como objetivo apoyar el desarrollo de una red europea de competencias en ciberseguridad y desarrollar una hoja de [&hellip;]<\/p>\n","protected":false},"author":2,"featured_media":0,"parent":0,"menu_order":0,"comment_status":"closed","ping_status":"closed","template":"","meta":{"_et_pb_use_builder":"on","_et_pb_old_content":"","_et_gb_content_width":"","footnotes":""},"class_list":["post-1975","page","type-page","status-publish","hentry"],"yoast_head":"<!-- This site is optimized with the Yoast SEO Premium plugin v25.5 (Yoast SEO v27.4) - https:\/\/yoast.com\/product\/yoast-seo-premium-wordpress\/ -->\n<title>Proyectos de investigaci\u00f3n europeos - Archimede Solutions<\/title>\n<meta name=\"description\" content=\"Archimede Solutions research and data protection services for the European General Data Protection Regulation and ICT technologies.\" \/>\n<meta name=\"robots\" content=\"index, follow, max-snippet:-1, max-image-preview:large, max-video-preview:-1\" \/>\n<link rel=\"canonical\" href=\"https:\/\/archimede.ch\/es\/lista-de-proyectos\" \/>\n<meta property=\"og:locale\" content=\"es_ES\" \/>\n<meta property=\"og:type\" content=\"article\" \/>\n<meta property=\"og:title\" content=\"Proyectos de investigaci\u00f3n europeos\" \/>\n<meta property=\"og:description\" content=\"Archimede Solutions research and data protection services for the European General Data Protection Regulation and ICT technologies.\" \/>\n<meta property=\"og:url\" content=\"https:\/\/archimede.ch\/es\/lista-de-proyectos\" \/>\n<meta property=\"og:site_name\" content=\"Archimede Solutions\" \/>\n<meta property=\"article:modified_time\" content=\"2025-06-18T03:34:44+00:00\" \/>\n<meta name=\"twitter:card\" content=\"summary_large_image\" \/>\n<meta name=\"twitter:label1\" content=\"Tiempo de lectura\" \/>\n\t<meta name=\"twitter:data1\" content=\"4 minutos\" \/>\n<script type=\"application\/ld+json\" class=\"yoast-schema-graph\">{\"@context\":\"https:\\\/\\\/schema.org\",\"@graph\":[{\"@type\":\"WebPage\",\"@id\":\"https:\\\/\\\/archimede.ch\\\/es\\\/lista-de-proyectos\",\"url\":\"https:\\\/\\\/archimede.ch\\\/es\\\/lista-de-proyectos\",\"name\":\"Proyectos de investigaci\u00f3n europeos - Archimede Solutions\",\"isPartOf\":{\"@id\":\"https:\\\/\\\/archimede.ch\\\/#website\"},\"datePublished\":\"2021-03-04T00:24:28+00:00\",\"dateModified\":\"2025-06-18T03:34:44+00:00\",\"description\":\"Archimede Solutions research and data protection services for the European General Data Protection Regulation and ICT technologies.\",\"breadcrumb\":{\"@id\":\"https:\\\/\\\/archimede.ch\\\/es\\\/lista-de-proyectos#breadcrumb\"},\"inLanguage\":\"es\",\"potentialAction\":[{\"@type\":\"ReadAction\",\"target\":[\"https:\\\/\\\/archimede.ch\\\/es\\\/lista-de-proyectos\"]}]},{\"@type\":\"BreadcrumbList\",\"@id\":\"https:\\\/\\\/archimede.ch\\\/es\\\/lista-de-proyectos#breadcrumb\",\"itemListElement\":[{\"@type\":\"ListItem\",\"position\":1,\"name\":\"Home\",\"item\":\"https:\\\/\\\/archimede.ch\\\/es\"},{\"@type\":\"ListItem\",\"position\":2,\"name\":\"Proyectos de investigaci\u00f3n europeos\"}]},{\"@type\":\"WebSite\",\"@id\":\"https:\\\/\\\/archimede.ch\\\/#website\",\"url\":\"https:\\\/\\\/archimede.ch\\\/\",\"name\":\"Archimede Solutions\",\"description\":\"an\u00a0always innovating company in audit, certification and services\",\"publisher\":{\"@id\":\"https:\\\/\\\/archimede.ch\\\/#organization\"},\"potentialAction\":[{\"@type\":\"SearchAction\",\"target\":{\"@type\":\"EntryPoint\",\"urlTemplate\":\"https:\\\/\\\/archimede.ch\\\/?s={search_term_string}\"},\"query-input\":{\"@type\":\"PropertyValueSpecification\",\"valueRequired\":true,\"valueName\":\"search_term_string\"}}],\"inLanguage\":\"es\"},{\"@type\":\"Organization\",\"@id\":\"https:\\\/\\\/archimede.ch\\\/#organization\",\"name\":\"Archimede Solutions\",\"url\":\"https:\\\/\\\/archimede.ch\\\/\",\"logo\":{\"@type\":\"ImageObject\",\"inLanguage\":\"es\",\"@id\":\"https:\\\/\\\/archimede.ch\\\/#\\\/schema\\\/logo\\\/image\\\/\",\"url\":\"https:\\\/\\\/archimede.ch\\\/wp-content\\\/uploads\\\/2019\\\/12\\\/cropped-Fichier-6.png\",\"contentUrl\":\"https:\\\/\\\/archimede.ch\\\/wp-content\\\/uploads\\\/2019\\\/12\\\/cropped-Fichier-6.png\",\"width\":512,\"height\":512,\"caption\":\"Archimede Solutions\"},\"image\":{\"@id\":\"https:\\\/\\\/archimede.ch\\\/#\\\/schema\\\/logo\\\/image\\\/\"}}]}<\/script>\n<!-- \/ Yoast SEO Premium plugin. -->","yoast_head_json":{"title":"Proyectos de investigaci\u00f3n europeos - Archimede Solutions","description":"Archimede Solutions research and data protection services for the European General Data Protection Regulation and ICT technologies.","robots":{"index":"index","follow":"follow","max-snippet":"max-snippet:-1","max-image-preview":"max-image-preview:large","max-video-preview":"max-video-preview:-1"},"canonical":"https:\/\/archimede.ch\/es\/lista-de-proyectos","og_locale":"es_ES","og_type":"article","og_title":"Proyectos de investigaci\u00f3n europeos","og_description":"Archimede Solutions research and data protection services for the European General Data Protection Regulation and ICT technologies.","og_url":"https:\/\/archimede.ch\/es\/lista-de-proyectos","og_site_name":"Archimede Solutions","article_modified_time":"2025-06-18T03:34:44+00:00","twitter_card":"summary_large_image","twitter_misc":{"Tiempo de lectura":"4 minutos"},"schema":{"@context":"https:\/\/schema.org","@graph":[{"@type":"WebPage","@id":"https:\/\/archimede.ch\/es\/lista-de-proyectos","url":"https:\/\/archimede.ch\/es\/lista-de-proyectos","name":"Proyectos de investigaci\u00f3n europeos - Archimede Solutions","isPartOf":{"@id":"https:\/\/archimede.ch\/#website"},"datePublished":"2021-03-04T00:24:28+00:00","dateModified":"2025-06-18T03:34:44+00:00","description":"Archimede Solutions research and data protection services for the European General Data Protection Regulation and ICT technologies.","breadcrumb":{"@id":"https:\/\/archimede.ch\/es\/lista-de-proyectos#breadcrumb"},"inLanguage":"es","potentialAction":[{"@type":"ReadAction","target":["https:\/\/archimede.ch\/es\/lista-de-proyectos"]}]},{"@type":"BreadcrumbList","@id":"https:\/\/archimede.ch\/es\/lista-de-proyectos#breadcrumb","itemListElement":[{"@type":"ListItem","position":1,"name":"Home","item":"https:\/\/archimede.ch\/es"},{"@type":"ListItem","position":2,"name":"Proyectos de investigaci\u00f3n europeos"}]},{"@type":"WebSite","@id":"https:\/\/archimede.ch\/#website","url":"https:\/\/archimede.ch\/","name":"Archimede Solutions","description":"an\u00a0always innovating company in audit, certification and services","publisher":{"@id":"https:\/\/archimede.ch\/#organization"},"potentialAction":[{"@type":"SearchAction","target":{"@type":"EntryPoint","urlTemplate":"https:\/\/archimede.ch\/?s={search_term_string}"},"query-input":{"@type":"PropertyValueSpecification","valueRequired":true,"valueName":"search_term_string"}}],"inLanguage":"es"},{"@type":"Organization","@id":"https:\/\/archimede.ch\/#organization","name":"Archimede Solutions","url":"https:\/\/archimede.ch\/","logo":{"@type":"ImageObject","inLanguage":"es","@id":"https:\/\/archimede.ch\/#\/schema\/logo\/image\/","url":"https:\/\/archimede.ch\/wp-content\/uploads\/2019\/12\/cropped-Fichier-6.png","contentUrl":"https:\/\/archimede.ch\/wp-content\/uploads\/2019\/12\/cropped-Fichier-6.png","width":512,"height":512,"caption":"Archimede Solutions"},"image":{"@id":"https:\/\/archimede.ch\/#\/schema\/logo\/image\/"}}]}},"_links":{"self":[{"href":"https:\/\/archimede.ch\/es\/wp-json\/wp\/v2\/pages\/1975","targetHints":{"allow":["GET"]}}],"collection":[{"href":"https:\/\/archimede.ch\/es\/wp-json\/wp\/v2\/pages"}],"about":[{"href":"https:\/\/archimede.ch\/es\/wp-json\/wp\/v2\/types\/page"}],"author":[{"embeddable":true,"href":"https:\/\/archimede.ch\/es\/wp-json\/wp\/v2\/users\/2"}],"replies":[{"embeddable":true,"href":"https:\/\/archimede.ch\/es\/wp-json\/wp\/v2\/comments?post=1975"}],"version-history":[{"count":12,"href":"https:\/\/archimede.ch\/es\/wp-json\/wp\/v2\/pages\/1975\/revisions"}],"predecessor-version":[{"id":3548,"href":"https:\/\/archimede.ch\/es\/wp-json\/wp\/v2\/pages\/1975\/revisions\/3548"}],"wp:attachment":[{"href":"https:\/\/archimede.ch\/es\/wp-json\/wp\/v2\/media?parent=1975"}],"curies":[{"name":"wp","href":"https:\/\/api.w.org\/{rel}","templated":true}]}}