{"id":1969,"date":"2021-03-04T00:09:21","date_gmt":"2021-03-04T00:09:21","guid":{"rendered":"https:\/\/archimede.ch\/certificacion-de-europrivacy-y-gap-analisis\/"},"modified":"2025-06-18T05:28:09","modified_gmt":"2025-06-18T03:28:09","slug":"certificacion-de-europrivacy-y-gap-analisis","status":"publish","type":"page","link":"https:\/\/archimede.ch\/es\/certificacion-de-europrivacy-y-gap-analisis","title":{"rendered":"Certificaci\u00f3n de Europrivacy y Gap An\u00e1lisis"},"content":{"rendered":"<p>[et_pb_section fb_built=\u00bb1&#8243; _builder_version=\u00bb4.0.9&#8243; background_image=\u00bbhttps:\/\/archimede.ch\/wp-content\/uploads\/2019\/12\/BG-content-22.jpg\u00bb parallax=\u00bbon\u00bb custom_margin=\u00bb||||false|false\u00bb custom_padding=\u00bb0em||5em||false|false\u00bb bottom_divider_style=\u00bbmountains2&#8243; bottom_divider_color=\u00bb#88C4DD\u00bb da_disable_devices=\u00bboff|off|off\u00bb collapsed=\u00bboff\u00bb global_colors_info=\u00bb{}\u00bb da_is_popup=\u00bboff\u00bb da_exit_intent=\u00bboff\u00bb da_has_close=\u00bbon\u00bb da_alt_close=\u00bboff\u00bb da_dark_close=\u00bboff\u00bb da_not_modal=\u00bbon\u00bb da_is_singular=\u00bboff\u00bb da_with_loader=\u00bboff\u00bb da_has_shadow=\u00bbon\u00bb][et_pb_row _builder_version=\u00bb4.3.4&#8243; global_colors_info=\u00bb{}\u00bb][et_pb_column type=\u00bb4_4&#8243; _builder_version=\u00bb4.0.9&#8243; custom_padding=\u00bb|22px||0px|false|false\u00bb border_width_right=\u00bb1px\u00bb border_color_right=\u00bb#e5e5e5&#8243; global_colors_info=\u00bb{}\u00bb][et_pb_code _builder_version=\u00bb4.0.9&#8243; global_colors_info=\u00bb{}\u00bb][\/et_pb_code][et_pb_text _builder_version=\u00bb4.2.1&#8243; text_font=\u00bb||||||||\u00bb text_line_height=\u00bb2em\u00bb header_font=\u00bb||||||||\u00bb header_2_font=\u00bbMontserrat|300|||||||\u00bb header_2_font_size=\u00bb40px\u00bb header_2_line_height=\u00bb1.4em\u00bb header_5_font=\u00bb||||||||\u00bb header_5_text_color=\u00bb#7f8dff\u00bb header_5_line_height=\u00bb2em\u00bb text_orientation=\u00bbcenter\u00bb module_alignment=\u00bbcenter\u00bb header_2_font_size_tablet=\u00bb\u00bb header_2_font_size_phone=\u00bb30px\u00bb header_2_font_size_last_edited=\u00bbon|phone\u00bb locked=\u00bboff\u00bb global_colors_info=\u00bb{}\u00bb]<\/p>\n<h2 style=\"text-align: left;\">Certificaci\u00f3n Europrivacy y Gap An\u00e1lisis<\/h2>\n<p>[\/et_pb_text][et_pb_image src=\u00bbhttps:\/\/archimede.ch\/wp-content\/uploads\/2020\/03\/dreamstime_xl_124747841-scaled-e1585660020293.jpg\u00bb _builder_version=\u00bb4.3.4&#8243; global_colors_info=\u00bb{}\u00bb][\/et_pb_image][et_pb_text _builder_version=\u00bb4.9.3&#8243; custom_padding=\u00bb0px|||||\u00bb global_colors_info=\u00bb{}\u00bb]<\/p>\n<div class=\"item1\">\n<h2 class=\"inner-header aos-init aos-animate\" data-aos=\"fade-right\" data-aos-delay=\"150\">AUDITAR Y CERTIFICAR EL CUMPLIMIENTO DE LA PROTECCI\u00d3N DE DATOS CON EUROPRIVACY<\/h2>\n<div class=\"inner-header aos-init aos-animate\" data-aos=\"fade-right\" data-aos-delay=\"150\">Europrivacy es el esquema de certificaci\u00f3n de referencia para certificar el cumplimiento del tratamiento de datos con el Reglamento General de Protecci\u00f3n de Datos (RGPD) europeo y las normativas nacionales y sectoriales complementarias de protecci\u00f3n de datos. Archimede Solutions ha participado en el desarrollo de Europrivacy desde su concepci\u00f3n. Somos un socio cualificado y oficial de Europrivacy y miembro del Comit\u00e9 Internacional de Expertos de Europrivacy.<br \/>Europrivacy le permite:<\/div>\n<h2 style=\"padding-left: 30px;\"><strong style=\"font-size: 14px;\"><span style=\"font-size: large;\">1 &#8211; Identificar y reducir los riesgos legales y financieros<br \/>2 &#8211; Evaluar, validar y demostrar el cumplimiento del GDPR<br \/>3 &#8211; Construir confianza<br \/>4 &#8211; Desarrollar ventajas competitivas<br \/>5 &#8211; Mejorar la reputaci\u00f3n y el acceso al mercado<br \/>6 &#8211; Facilitar las transferencias transfronterizas de datos<br \/>7 &#8211; Convertir el esfuerzo de cumplimiento en un activo<br \/>8 &#8211; Benef\u00edciese de las continuas actualizaciones de la normativa<\/span><\/strong><\/h2>\n<h2>12 buenas razones para elegir Europrivacy<\/h2>\n<h2 style=\"padding-left: 30px;\"><strong style=\"font-size: 14px;\"><span style=\"font-size: large;\">1 &#8211; Europeo y RGPD por dise\u00f1o <\/span><\/strong><span style=\"font-size: large;\">(desarrollado por el programa de investigaci\u00f3n europeo).<\/span><strong style=\"font-size: 14px;\"><span style=\"font-size: large;\"><br \/>2 &#8211; Se actualiza continuamente <\/span><\/strong><span style=\"font-size: large;\">para adaptarse a la evoluci\u00f3n de la normativa y la jurisprudencia.<\/span><strong style=\"font-size: 14px;\"><span style=\"font-size: large;\"><br \/>3 &#8211; Ampliable a las obligaciones nacionales y sectoriales complementarias<\/span><\/strong><span style=\"font-size: large;\">, incluida la Ley Federal de Protecci\u00f3n de Datos de Suiza.<\/span><strong style=\"font-size: 14px;\"><span style=\"font-size: large;\"><br \/>4 &#8211; Aplicable a las tecnolog\u00edas emergentes.<br \/>5 &#8211; Alta fiabilidad <\/span><\/strong><span style=\"font-size: large;\">gracias a la evaluaci\u00f3n sistem\u00e1tica.<\/span><strong style=\"font-size: 14px;\"><span style=\"font-size: large;\"><br \/>6 &#8211; Eficiente <\/span><\/strong><span style=\"font-size: large;\">en t\u00e9rminos de tiempo y costes gracias a su innovadora metodolog\u00eda.<\/span><strong style=\"font-size: 14px;\"><span style=\"font-size: large;\"><br \/>7 &#8211; Conforme a la norma ISO <\/span><\/strong><span style=\"font-size: large;\">y f\u00e1cilmente combinable con la norma ISO\/IEC 27001.<\/span><strong style=\"font-size: 14px;\"><span style=\"font-size: large;\"><br \/>8 &#8211; Universal <\/span><\/strong><span style=\"font-size: large;\">y aplicable a casi todas las actividades de tratamiento de datos.<\/span><strong style=\"font-size: 14px;\"><span style=\"font-size: large;\"><br \/>9 &#8211; Independiente <\/span><\/strong><span style=\"font-size: large;\">y gestionado por un consejo internacional de expertos.<\/span><strong style=\"font-size: 14px;\"><span style=\"font-size: large;\"><br \/>10 &#8211; Recursos, herramientas y apoyo en l\u00ednea.<br \/>11 &#8211; Ecosistema global <\/span><\/strong><span style=\"font-size: large;\">de socios y expertos cualificados.<\/span><strong style=\"font-size: 14px;\"><span style=\"font-size: large;\"><br \/>12 &#8211; Arraigada en la investigaci\u00f3n y la innovaci\u00f3n.<\/span><\/strong><\/h2>\n<h2>Su camino inteligente hacia la certificaci\u00f3n GDPR<\/h2>\n<h2 style=\"padding-left: 30px;\"><strong style=\"font-size: 14px;\"><span style=\"font-size: large;\">1 &#8211; Usted selecciona las actividades prioritarias de tratamiento de datos que deben certificarse y se pone en contacto con nosotros.<br \/>2 &#8211; Le ayudamos con el Pack de Bienvenida de Europrivacy y preparamos su tratamiento de datos para la certificaci\u00f3n.<br \/>3 &#8211; Le ayudamos a establecer una estrategia y un plan de certificaci\u00f3n.<\/span><br \/><\/strong><\/h2>\n<\/div>\n<div class=\"item1\">\n<p><span style=\"font-size: 14px;\"><a href=\"https:\/\/europrivacy.org\/es\">Europrivacy<\/a> est\u00e1 gestionado por el\u00a0<\/span>Centro Europeo de Certification y Privacidad (ECCP) <span style=\"font-size: 14px; text-align: justify;\">\u00a0situado en Luxemburgo con el apoyo de un Consejo Internacional de Expertos en protecci\u00f3n de datos <\/span><span style=\"font-size: 14px; text-align: justify;\">\u00a0 y ciberseguridad.\u00a0<\/span><\/p>\n<p><span style=\"font-size: 14px; text-align: justify;\"><img loading=\"lazy\" decoding=\"async\" class=\"wp-image-1546 alignnone size-full\" style=\"display: block; margin-left: auto; margin-right: auto;\" src=\"https:\/\/archimede.ch\/wp-content\/uploads\/2020\/03\/EP-logo-300-x-300.png\" alt=\"\" width=\"216\" height=\"216\" srcset=\"https:\/\/archimede.ch\/wp-content\/uploads\/2020\/03\/EP-logo-300-x-300.png 288w, https:\/\/archimede.ch\/wp-content\/uploads\/2020\/03\/EP-logo-300-x-300-150x150.png 150w\" sizes=\"(max-width: 216px) 100vw, 216px\" \/><\/span><\/p>\n<\/div>\n<p>[\/et_pb_text][\/et_pb_column][\/et_pb_row][\/et_pb_section][et_pb_section fb_built=\u00bb1&#8243; admin_label=\u00bbFooter\u00bb _builder_version=\u00bb4.0.9&#8243; background_color=\u00bb#88c4dd\u00bb custom_padding=\u00bb0em||0em||true|false\u00bb top_divider_color=\u00bb#ffffff\u00bb top_divider_flip=\u00bbvertical\u00bb top_divider_arrangement=\u00bbabove_content\u00bb da_disable_devices=\u00bboff|off|off\u00bb global_module=\u00bb832&#8243; saved_tabs=\u00bball\u00bb locked=\u00bboff\u00bb global_colors_info=\u00bb{}\u00bb da_is_popup=\u00bboff\u00bb da_exit_intent=\u00bboff\u00bb da_has_close=\u00bbon\u00bb da_alt_close=\u00bboff\u00bb da_dark_close=\u00bboff\u00bb da_not_modal=\u00bbon\u00bb da_is_singular=\u00bboff\u00bb da_with_loader=\u00bboff\u00bb da_has_shadow=\u00bbon\u00bb][et_pb_row _builder_version=\u00bb4.9.7&#8243; custom_margin=\u00bb||||false|false\u00bb global_colors_info=\u00bb{}\u00bb][et_pb_column type=\u00bb4_4&#8243; _builder_version=\u00bb4.3.4&#8243; global_colors_info=\u00bb{}\u00bb][et_pb_text _builder_version=\u00bb4.3.4&#8243; text_text_color=\u00bb#b2b2b2&#8243; header_text_color=\u00bb#939393&#8243; background_color=\u00bb#ffffff\u00bb custom_margin=\u00bb||-3px|||\u00bb custom_padding=\u00bb35px||||false|false\u00bb global_colors_info=\u00bb{}\u00bb]<\/p>\n<h1 style=\"text-align: center;\">P\u00f3ngase en contacto con nosotros<\/h1>\n<p>[\/et_pb_text][et_pb_code _builder_version=\u00bb4.10.4&#8243; background_color=\u00bb#ffffff\u00bb custom_padding=\u00bb50px|28px|50px|28px|true|true\u00bb global_colors_info=\u00bb{}\u00bb]<pee>\t\t<!-- style sheets -->\n\t\t<link type=\"text\/css\" rel=\"stylesheet\" href=\"https:\/\/archimede.ch\/wp-content\/plugins\/infotech-addons\/css\/shortcode-captcha_contact_form.css\">\n\n\t\t<!-- javascript -->\n\t\t<script type=\"text\/javascript\">\n\t\t\tvar url_plugin = \"https:\/\/archimede.ch\/wp-content\/plugins\/infotech-addons\";\n\t\t\tvar url_httpwwwdomain = \"https:\/\/archimede.ch\";\n\t\t\tvar language = \"english\";\n\t\t<\/script>\n\n\t\t\t\t\t\t<!-- -->\n\t\t\t\t<div class=\"captcha_contact_form\" token=\"62ad851f574c8e2a376bc53ddda3d818be28ffbb130c320848b33ee4671c28d0\" >\n\t\t\t\t\t<div class=\"et_pb_with_border\">\n\t\t\t\t\t\t<div class=\"et-pb-contact-message form_message\"><\/div><!--end .et-pb-contact-message -->\n\t\t\t\t\t\t<div class=\"et_pb_contact\">\n\t\t\t\t\t\t\t<form id=\"contact\" class=\"et_pb_contact_form\">\n\t\t\t\t\t\t\t\t<p class=\"et_pb_contact_field et_pb_contact_field_0 et_pb_contact_field_half\" >\n\t\t\t\t\t\t\t\t\t<label for=\"et_pb_contact_name_0\" class=\"et_pb_contact_form_label\">Name<\/label>\n\t\t\t\t\t\t\t\t\t<input id=\"name\" class=\"input\" type=\"text\" placeholder=\"Name\">\n\t\t\t\t\t\t\t\t<\/p>\n\t\t\t\t\t\t\t\t<p class=\"et_pb_contact_field et_pb_contact_field_1 et_pb_contact_field_half et_pb_contact_field_last\" >\n\t\t\t\t\t\t\t\t\t<label for=\"et_pb_contact_email_0\" class=\"et_pb_contact_form_label\">Email<\/label>\n\t\t\t\t\t\t\t\t\t<input id=\"email\" class=\"input\" type=\"text\" placeholder=\"Email\">\n\t\t\t\t\t\t\t\t<\/p>\n\t\t\t\t\t\t\t\t<p class=\"et_pb_contact_field et_pb_contact_field_2 et_pb_contact_field_last\" >\n\t\t\t\t\t\t\t\t\t<label for=\"et_pb_contact_message_0\" class=\"et_pb_contact_form_label\">Message<\/label>\n\t\t\t\t\t\t\t\t\t<textarea id=\"message\" class=\"et_pb_contact_message input\" placeholder=\"Message\"><\/textarea>\n\t\t\t\t\t\t\t\t<\/p>\n\t\t\t\t\t\t\t\t<div id=\"mtcaptcha-1\" class='mtcaptcha'><\/div><!--end .mtcaptcha -->\n\t\t\t\t\t\t\t\t<div class=\"et_contact_bottom_container\">\n\t\t\t\t\t\t\t\t\t<button class=\"et_pb_contact_submit et_pb_button\" type=\"submit\">Submit<\/button>\n\t\t\t\t\t\t\t\t<\/div>\n\t\t\t\t\t\t\t\t<img decoding=\"async\" class=\"loader\" src=\"https:\/\/archimede.ch\/wp-content\/plugins\/infotech-addons\/images\/loader-squares_43x11.gif\" \/>\n\t\t\t\t\t\t\t\t\n\t\t\t\t\t\t\t<\/form><!--end #contact --> \n\t\t\t\t\t\t<\/div> <!-- .et_pb_contact -->\n\t\t\t\t\t<\/div><!--end .et_pb_with_border -->\n\t\t\t\t<\/div><!--end .captcha_contact_form -->\n\t\t\t\t\n\t\t\t\t<!-- javascript -->\n\t\t\t\t<script type=\"text\/javascript\" src=\"https:\/\/archimede.ch\/wp-content\/plugins\/infotech-addons\/js\/shortcode-captcha_contact_form_contact.js\"><\/script>\n\t\t\t\t\t\t<!-- javascript -->\n\t\t<script type=\"text\/javascript\">\n\t\t\t\/\/variables\n\t\t\tvar url_globalWPFolder = \"https:\/\/archimede.ch\";\n\t\t\t\/\/MTCaptcha\n\t\t\tvar mtcaptchaConfig = {\n\t\t\t\t\"sitekey\": \"MTPublic-diFSr0yxD\",\n\t\t\t\t\"renderQueue\": ['mtcaptcha-1', 'mtcaptcha-2'],\t\t\t};\n\t\t\t(function(){var mt_service = document.createElement('script');mt_service.async = true;mt_service.src = 'https:\/\/service.mtcaptcha.com\/mtcv1\/client\/mtcaptcha.min.js';(document.getElementsByTagName('head')[0] || document.getElementsByTagName('body')[0]).appendChild(mt_service);\n\t\t\tvar mt_service2 = document.createElement('script');mt_service2.async = true;mt_service2.src = 'https:\/\/service2.mtcaptcha.com\/mtcv1\/client\/mtcaptcha2.min.js';(document.getElementsByTagName('head')[0] || document.getElementsByTagName('body')[0]).appendChild(mt_service2);}) ();\n\n\t\t\tfunction load_css( ){\n\t\t\t\ttry {\n\t\t\t\t\t\/\/ Get HTML head element\n\t\t\t\t\tvar head = document.getElementsByTagName('HEAD')[0];\n\n\t\t\t\t\t\/\/ Create new link Element\n\t\t\t\t\tvar link = document.createElement('link');\n\n\t\t\t\t\t\/\/ set the attributes for link element \n\t\t\t\t\tlink.rel = 'stylesheet';\n\t\t\t\t\tlink.type = 'text\/css';\n\t\t\t\t\tlink.href = url_globalWPFolder+'\/wp-content\/themes\/Divi\/style-static.min.css';\n\n\t\t\t\t\t\/\/ Append link element to HTML head\n\t\t\t\t\thead.appendChild( link );\n\t\t\t\t}\/\/end try\n\t\t\t\tcatch( try_catch_error ){\n\t\t\t\t\tconsole.log( \"function load_css() error\" );\n\t\t\t\t\tconsole.log( try_catch_error.message );\n\t\t\t\t}\/\/end catch\n\t\t\t}\n\n\t\t\t\/\/on ready\n\t\t\tjQuery( document ).ready(function(){\n\t\t\t\tload_css();\n\t\t\t});\n\t\t<\/script>\n\t\t<\/pee>[\/et_pb_code][et_pb_code _builder_version=\u00bb4.3.4&#8243; global_colors_info=\u00bb{}\u00bb][\/et_pb_code][\/et_pb_column][\/et_pb_row][\/et_pb_section]<\/p>\n","protected":false},"excerpt":{"rendered":"<p>Certificaci\u00f3n Europrivacy y Gap An\u00e1lisis AUDITAR Y CERTIFICAR EL CUMPLIMIENTO DE LA PROTECCI\u00d3N DE DATOS CON EUROPRIVACY Europrivacy es el esquema de certificaci\u00f3n de referencia para certificar el cumplimiento del tratamiento de datos con el Reglamento General de Protecci\u00f3n de Datos (RGPD) europeo y las normativas nacionales y sectoriales complementarias de protecci\u00f3n de datos. Archimede [&hellip;]<\/p>\n","protected":false},"author":2,"featured_media":0,"parent":0,"menu_order":0,"comment_status":"closed","ping_status":"closed","template":"","meta":{"_et_pb_use_builder":"on","_et_pb_old_content":"","_et_gb_content_width":"","footnotes":""},"class_list":["post-1969","page","type-page","status-publish","hentry"],"yoast_head":"<!-- This site is optimized with the Yoast SEO Premium plugin v25.5 (Yoast SEO v27.4) - https:\/\/yoast.com\/product\/yoast-seo-premium-wordpress\/ -->\n<title>Certificaci\u00f3n de Europrivacy y Gap An\u00e1lisis - Archimede Solutions<\/title>\n<meta name=\"description\" content=\"Archimede Solutions research and data protection services for the European General Data Protection Regulation and ICT technologies.\" \/>\n<meta name=\"robots\" content=\"index, follow, max-snippet:-1, max-image-preview:large, max-video-preview:-1\" \/>\n<link rel=\"canonical\" href=\"https:\/\/archimede.ch\/es\/certificacion-de-europrivacy-y-gap-analisis\" \/>\n<meta property=\"og:locale\" content=\"es_ES\" \/>\n<meta property=\"og:type\" content=\"article\" \/>\n<meta property=\"og:title\" content=\"Certificaci\u00f3n de Europrivacy y Gap An\u00e1lisis\" \/>\n<meta property=\"og:description\" content=\"Archimede Solutions research and data protection services for the European General Data Protection Regulation and ICT technologies.\" \/>\n<meta property=\"og:url\" content=\"https:\/\/archimede.ch\/es\/certificacion-de-europrivacy-y-gap-analisis\" \/>\n<meta property=\"og:site_name\" content=\"Archimede Solutions\" \/>\n<meta property=\"article:modified_time\" content=\"2025-06-18T03:28:09+00:00\" \/>\n<meta property=\"og:image\" content=\"https:\/\/archimede.ch\/wp-content\/uploads\/2020\/03\/EP-logo-300-x-300.png\" \/>\n\t<meta property=\"og:image:width\" content=\"288\" \/>\n\t<meta property=\"og:image:height\" content=\"288\" \/>\n\t<meta property=\"og:image:type\" content=\"image\/png\" \/>\n<meta name=\"twitter:card\" content=\"summary_large_image\" \/>\n<meta name=\"twitter:label1\" content=\"Tiempo de lectura\" \/>\n\t<meta name=\"twitter:data1\" content=\"3 minutos\" \/>\n<script type=\"application\/ld+json\" class=\"yoast-schema-graph\">{\"@context\":\"https:\\\/\\\/schema.org\",\"@graph\":[{\"@type\":\"WebPage\",\"@id\":\"https:\\\/\\\/archimede.ch\\\/es\\\/certificacion-de-europrivacy-y-gap-analisis\",\"url\":\"https:\\\/\\\/archimede.ch\\\/es\\\/certificacion-de-europrivacy-y-gap-analisis\",\"name\":\"Certificaci\u00f3n de Europrivacy y Gap An\u00e1lisis - Archimede Solutions\",\"isPartOf\":{\"@id\":\"https:\\\/\\\/archimede.ch\\\/#website\"},\"primaryImageOfPage\":{\"@id\":\"https:\\\/\\\/archimede.ch\\\/es\\\/certificacion-de-europrivacy-y-gap-analisis#primaryimage\"},\"image\":{\"@id\":\"https:\\\/\\\/archimede.ch\\\/es\\\/certificacion-de-europrivacy-y-gap-analisis#primaryimage\"},\"thumbnailUrl\":\"https:\\\/\\\/archimede.ch\\\/wp-content\\\/uploads\\\/2020\\\/03\\\/EP-logo-300-x-300.png\",\"datePublished\":\"2021-03-04T00:09:21+00:00\",\"dateModified\":\"2025-06-18T03:28:09+00:00\",\"description\":\"Archimede Solutions research and data protection services for the European General Data Protection Regulation and ICT technologies.\",\"breadcrumb\":{\"@id\":\"https:\\\/\\\/archimede.ch\\\/es\\\/certificacion-de-europrivacy-y-gap-analisis#breadcrumb\"},\"inLanguage\":\"es\",\"potentialAction\":[{\"@type\":\"ReadAction\",\"target\":[\"https:\\\/\\\/archimede.ch\\\/es\\\/certificacion-de-europrivacy-y-gap-analisis\"]}]},{\"@type\":\"ImageObject\",\"inLanguage\":\"es\",\"@id\":\"https:\\\/\\\/archimede.ch\\\/es\\\/certificacion-de-europrivacy-y-gap-analisis#primaryimage\",\"url\":\"https:\\\/\\\/archimede.ch\\\/wp-content\\\/uploads\\\/2020\\\/03\\\/EP-logo-300-x-300.png\",\"contentUrl\":\"https:\\\/\\\/archimede.ch\\\/wp-content\\\/uploads\\\/2020\\\/03\\\/EP-logo-300-x-300.png\"},{\"@type\":\"BreadcrumbList\",\"@id\":\"https:\\\/\\\/archimede.ch\\\/es\\\/certificacion-de-europrivacy-y-gap-analisis#breadcrumb\",\"itemListElement\":[{\"@type\":\"ListItem\",\"position\":1,\"name\":\"Home\",\"item\":\"https:\\\/\\\/archimede.ch\\\/es\"},{\"@type\":\"ListItem\",\"position\":2,\"name\":\"Certificaci\u00f3n de Europrivacy y Gap An\u00e1lisis\"}]},{\"@type\":\"WebSite\",\"@id\":\"https:\\\/\\\/archimede.ch\\\/#website\",\"url\":\"https:\\\/\\\/archimede.ch\\\/\",\"name\":\"Archimede Solutions\",\"description\":\"an\u00a0always innovating company in audit, certification and services\",\"publisher\":{\"@id\":\"https:\\\/\\\/archimede.ch\\\/#organization\"},\"potentialAction\":[{\"@type\":\"SearchAction\",\"target\":{\"@type\":\"EntryPoint\",\"urlTemplate\":\"https:\\\/\\\/archimede.ch\\\/?s={search_term_string}\"},\"query-input\":{\"@type\":\"PropertyValueSpecification\",\"valueRequired\":true,\"valueName\":\"search_term_string\"}}],\"inLanguage\":\"es\"},{\"@type\":\"Organization\",\"@id\":\"https:\\\/\\\/archimede.ch\\\/#organization\",\"name\":\"Archimede Solutions\",\"url\":\"https:\\\/\\\/archimede.ch\\\/\",\"logo\":{\"@type\":\"ImageObject\",\"inLanguage\":\"es\",\"@id\":\"https:\\\/\\\/archimede.ch\\\/#\\\/schema\\\/logo\\\/image\\\/\",\"url\":\"https:\\\/\\\/archimede.ch\\\/wp-content\\\/uploads\\\/2019\\\/12\\\/cropped-Fichier-6.png\",\"contentUrl\":\"https:\\\/\\\/archimede.ch\\\/wp-content\\\/uploads\\\/2019\\\/12\\\/cropped-Fichier-6.png\",\"width\":512,\"height\":512,\"caption\":\"Archimede Solutions\"},\"image\":{\"@id\":\"https:\\\/\\\/archimede.ch\\\/#\\\/schema\\\/logo\\\/image\\\/\"}}]}<\/script>\n<!-- \/ Yoast SEO Premium plugin. -->","yoast_head_json":{"title":"Certificaci\u00f3n de Europrivacy y Gap An\u00e1lisis - Archimede Solutions","description":"Archimede Solutions research and data protection services for the European General Data Protection Regulation and ICT technologies.","robots":{"index":"index","follow":"follow","max-snippet":"max-snippet:-1","max-image-preview":"max-image-preview:large","max-video-preview":"max-video-preview:-1"},"canonical":"https:\/\/archimede.ch\/es\/certificacion-de-europrivacy-y-gap-analisis","og_locale":"es_ES","og_type":"article","og_title":"Certificaci\u00f3n de Europrivacy y Gap An\u00e1lisis","og_description":"Archimede Solutions research and data protection services for the European General Data Protection Regulation and ICT technologies.","og_url":"https:\/\/archimede.ch\/es\/certificacion-de-europrivacy-y-gap-analisis","og_site_name":"Archimede Solutions","article_modified_time":"2025-06-18T03:28:09+00:00","og_image":[{"width":288,"height":288,"url":"https:\/\/archimede.ch\/wp-content\/uploads\/2020\/03\/EP-logo-300-x-300.png","type":"image\/png"}],"twitter_card":"summary_large_image","twitter_misc":{"Tiempo de lectura":"3 minutos"},"schema":{"@context":"https:\/\/schema.org","@graph":[{"@type":"WebPage","@id":"https:\/\/archimede.ch\/es\/certificacion-de-europrivacy-y-gap-analisis","url":"https:\/\/archimede.ch\/es\/certificacion-de-europrivacy-y-gap-analisis","name":"Certificaci\u00f3n de Europrivacy y Gap An\u00e1lisis - Archimede Solutions","isPartOf":{"@id":"https:\/\/archimede.ch\/#website"},"primaryImageOfPage":{"@id":"https:\/\/archimede.ch\/es\/certificacion-de-europrivacy-y-gap-analisis#primaryimage"},"image":{"@id":"https:\/\/archimede.ch\/es\/certificacion-de-europrivacy-y-gap-analisis#primaryimage"},"thumbnailUrl":"https:\/\/archimede.ch\/wp-content\/uploads\/2020\/03\/EP-logo-300-x-300.png","datePublished":"2021-03-04T00:09:21+00:00","dateModified":"2025-06-18T03:28:09+00:00","description":"Archimede Solutions research and data protection services for the European General Data Protection Regulation and ICT technologies.","breadcrumb":{"@id":"https:\/\/archimede.ch\/es\/certificacion-de-europrivacy-y-gap-analisis#breadcrumb"},"inLanguage":"es","potentialAction":[{"@type":"ReadAction","target":["https:\/\/archimede.ch\/es\/certificacion-de-europrivacy-y-gap-analisis"]}]},{"@type":"ImageObject","inLanguage":"es","@id":"https:\/\/archimede.ch\/es\/certificacion-de-europrivacy-y-gap-analisis#primaryimage","url":"https:\/\/archimede.ch\/wp-content\/uploads\/2020\/03\/EP-logo-300-x-300.png","contentUrl":"https:\/\/archimede.ch\/wp-content\/uploads\/2020\/03\/EP-logo-300-x-300.png"},{"@type":"BreadcrumbList","@id":"https:\/\/archimede.ch\/es\/certificacion-de-europrivacy-y-gap-analisis#breadcrumb","itemListElement":[{"@type":"ListItem","position":1,"name":"Home","item":"https:\/\/archimede.ch\/es"},{"@type":"ListItem","position":2,"name":"Certificaci\u00f3n de Europrivacy y Gap An\u00e1lisis"}]},{"@type":"WebSite","@id":"https:\/\/archimede.ch\/#website","url":"https:\/\/archimede.ch\/","name":"Archimede Solutions","description":"an\u00a0always innovating company in audit, certification and services","publisher":{"@id":"https:\/\/archimede.ch\/#organization"},"potentialAction":[{"@type":"SearchAction","target":{"@type":"EntryPoint","urlTemplate":"https:\/\/archimede.ch\/?s={search_term_string}"},"query-input":{"@type":"PropertyValueSpecification","valueRequired":true,"valueName":"search_term_string"}}],"inLanguage":"es"},{"@type":"Organization","@id":"https:\/\/archimede.ch\/#organization","name":"Archimede Solutions","url":"https:\/\/archimede.ch\/","logo":{"@type":"ImageObject","inLanguage":"es","@id":"https:\/\/archimede.ch\/#\/schema\/logo\/image\/","url":"https:\/\/archimede.ch\/wp-content\/uploads\/2019\/12\/cropped-Fichier-6.png","contentUrl":"https:\/\/archimede.ch\/wp-content\/uploads\/2019\/12\/cropped-Fichier-6.png","width":512,"height":512,"caption":"Archimede Solutions"},"image":{"@id":"https:\/\/archimede.ch\/#\/schema\/logo\/image\/"}}]}},"_links":{"self":[{"href":"https:\/\/archimede.ch\/es\/wp-json\/wp\/v2\/pages\/1969","targetHints":{"allow":["GET"]}}],"collection":[{"href":"https:\/\/archimede.ch\/es\/wp-json\/wp\/v2\/pages"}],"about":[{"href":"https:\/\/archimede.ch\/es\/wp-json\/wp\/v2\/types\/page"}],"author":[{"embeddable":true,"href":"https:\/\/archimede.ch\/es\/wp-json\/wp\/v2\/users\/2"}],"replies":[{"embeddable":true,"href":"https:\/\/archimede.ch\/es\/wp-json\/wp\/v2\/comments?post=1969"}],"version-history":[{"count":19,"href":"https:\/\/archimede.ch\/es\/wp-json\/wp\/v2\/pages\/1969\/revisions"}],"predecessor-version":[{"id":3522,"href":"https:\/\/archimede.ch\/es\/wp-json\/wp\/v2\/pages\/1969\/revisions\/3522"}],"wp:attachment":[{"href":"https:\/\/archimede.ch\/es\/wp-json\/wp\/v2\/media?parent=1969"}],"curies":[{"name":"wp","href":"https:\/\/api.w.org\/{rel}","templated":true}]}}