{"id":1960,"date":"2021-03-03T23:41:56","date_gmt":"2021-03-03T23:41:56","guid":{"rendered":"https:\/\/archimede.ch\/servicios-de-proteccion-de-datos-personales\/"},"modified":"2025-06-18T05:24:56","modified_gmt":"2025-06-18T03:24:56","slug":"servicios-de-proteccion-de-datos-personales","status":"publish","type":"page","link":"https:\/\/archimede.ch\/es\/servicios-de-proteccion-de-datos-personales","title":{"rendered":"Servicios de protecci\u00f3n de datos personales"},"content":{"rendered":"<p>[et_pb_section fb_built=\u00bb1&#8243; _builder_version=\u00bb4.0.9&#8243; background_image=\u00bbhttps:\/\/archimede.ch\/wp-content\/uploads\/2019\/12\/BG-content-22.jpg\u00bb parallax=\u00bbon\u00bb custom_margin=\u00bb||||false|false\u00bb custom_padding=\u00bb0em||12em||false|false\u00bb bottom_divider_style=\u00bbmountains2&#8243; bottom_divider_color=\u00bb#88C4DD\u00bb da_disable_devices=\u00bboff|off|off\u00bb collapsed=\u00bboff\u00bb da_is_popup=\u00bboff\u00bb da_exit_intent=\u00bboff\u00bb da_has_close=\u00bbon\u00bb da_alt_close=\u00bboff\u00bb da_dark_close=\u00bboff\u00bb da_not_modal=\u00bbon\u00bb da_is_singular=\u00bboff\u00bb da_with_loader=\u00bboff\u00bb da_has_shadow=\u00bbon\u00bb][et_pb_row _builder_version=\u00bb4.3.4&#8243;][et_pb_column type=\u00bb4_4&#8243; _builder_version=\u00bb4.3.4&#8243; custom_padding=\u00bb|22px||0px|false|false\u00bb border_color_all=\u00bbrgba(0,0,0,0)\u00bb border_width_right=\u00bb1px\u00bb border_color_right=\u00bb#e5e5e5&#8243;][et_pb_code _builder_version=\u00bb4.0.9&#8243;][\/et_pb_code][et_pb_text _builder_version=\u00bb4.2.1&#8243; text_font=\u00bb||||||||\u00bb text_font_size=\u00bb16px\u00bb text_line_height=\u00bb2em\u00bb header_font=\u00bb||||||||\u00bb header_2_font=\u00bbMontserrat|300|||||||\u00bb header_2_font_size=\u00bb40px\u00bb header_2_line_height=\u00bb1.4em\u00bb header_5_font=\u00bb||||||||\u00bb header_5_text_color=\u00bb#7f8dff\u00bb header_5_line_height=\u00bb2em\u00bb text_orientation=\u00bbcenter\u00bb module_alignment=\u00bbcenter\u00bb header_2_font_size_tablet=\u00bb\u00bb header_2_font_size_phone=\u00bb30px\u00bb header_2_font_size_last_edited=\u00bbon|phone\u00bb locked=\u00bboff\u00bb]<\/p>\n<h2 style=\"text-align: left;\">GDPR &amp; Servicios de protecci\u00f3n de datos personales <\/h2>\n<p>[\/et_pb_text][et_pb_text _builder_version=\u00bb4.9.3&#8243; custom_padding=\u00bb2px|||||\u00bb hover_enabled=\u00bb0&#8243; sticky_enabled=\u00bb0&#8243;]<\/p>\n<p style=\"text-align: justify;\">Archimede Solutions cuenta con m\u00e1s de diez a\u00f1os de experiencia en la protecci\u00f3n de datos y ha dirigido la investigaci\u00f3n y los servicios de protecci\u00f3n de datos a trav\u00e9s de varios proyectos de investigaci\u00f3n europeos, desde ciudades inteligentes y la participaci\u00f3n de los usuarios finales, hasta eSalud, los veh\u00edculos conectados, la inteligencia artificial y la red el\u00e9ctrica inteligente.  Archimede Solutions copreside el cl\u00faster europeo sobre seguridad y privacidad del IoT y es responsable de la protecci\u00f3n de datos en varios proyectos de investigaci\u00f3n internacionales. Desempe\u00f1\u00f3 un papel destacado en el desarrollo del esquema de certificaci\u00f3n de Europrivacy sobre la conformidad con el RGPD, as\u00ed como en el desarrollo de tecnolog\u00edas y metodolog\u00edas innovadoras, como la Evaluaci\u00f3n Sist\u00e9mica de Riesgos de Ciberseguridad (CSAR). <\/p>\n<p style=\"text-align: justify;\">Archimede Solutions propone su experiencia y servicio a empresas y proyectos de investigaci\u00f3n en Europa y fuera de ella, entre otros:<\/p>\n<h2 style=\"text-align: justify;\">Servicios de protecci\u00f3n de datos personales <\/h2>\n<ul>\n<li style=\"text-align: justify;\">\n<h4><a href=\"https:\/\/archimede.ch\/servicio-de-opd-para-proyectos\/?lang=es\"><span style=\"color: #0c71c3;\"><span style=\"text-decoration: underline;\">Servicios del Delegado de Protecci\u00f3n de Datos (DPD)<span style=\"color: #0000cc ;\">(GDPR Art. 37-39)<\/span><\/span><\/a><\/h4>\n<\/li>\n<li style=\"text-align: justify;\">\n<h4><a href=\"https:\/\/archimede.ch\/servicio-de-opd-para-proyectos\/?lang=es\"><\/a><a href=\"https:\/\/archimede.ch\/evaluacion-del-impacto-de-la-proteccion-de-datos\/?lang=es\"><span style=\"color: #0c71c3;\"><span style=\"text-decoration: underline;\">Evaluaci\u00f3n del impacto de la protecci\u00f3n de datos (EIPD) y an\u00e1lisis de riesgos<span style=\"color: #0000cc ;\"> (RGPD Art. 35)<\/span><\/span> <\/a><\/h4>\n<\/li>\n<li style=\"text-align: justify;\">\n<h4><a href=\"https:\/\/archimede.ch\/evaluacion-del-impacto-de-la-proteccion-de-datos\/?lang=es\"><span style=\"color: #0c71c3;\"><span style=\"text-decoration: underline;\">Plan de gesti\u00f3n de datos <span style=\"color: #0000cc ;\">(PGD)<\/a><\/h4>\n<\/li>\n<li style=\"text-align: justify;\">\n<h4>Privacidad \/ Protecci\u00f3n de Datos por (RGPD Art. 25)<\/h4>\n<\/li>\n<li style=\"text-align: justify;\">\n<h4>Auditor\u00edas de protecci\u00f3n de datos\u00a0(RGPD Art. 32)<\/h4>\n<\/li>\n<li style=\"text-align: justify;\">\n<h4><a href=\"https:\/\/archimede.ch\/evaluacion-del-impacto-de-la-proteccion-de-datos\/?lang=es\"><\/a><a href=\"https:\/\/archimede.ch\/certificacion-de-europrivacy-y-gap-analisis\/?lang=es\"><span style=\"color: #0c71c3;\"><span style=\"text-decoration: underline;\">Europrivacy Evaluaci\u00f3n de la conformidad y certificaci\u00f3n<span style=\"color: #0000cc ;\"> (RGPD Art. 42)<\/span><\/span> <\/a><\/h4>\n<\/li>\n<li>\n<h4><a href=\"https:\/\/archimede.ch\/pacto-de-privacidad\/?lang=es\"><span style=\"color: #0c71c3;\"><span style=\"text-decoration: underline;\">Privacy Pact-  Compromiso con el RGPD por parte de terceros y socios <span style=\"color: #0000cc ;\">(RGPD Art. 28)<\/span><\/span> <\/a><\/h4>\n<\/li>\n<li>\n<h4><a href=\"https:\/\/archimede.ch\/juego-de-proteccion-de-datos\/?lang=es\"><span style=\"color: #0c71c3;\"><span style=\"text-decoration: underline;\">Juego de la protecci\u00f3n de datos- Concienciaci\u00f3n de investigadores y empleados <span style=\"color: #0000cc ;\">\u00a0(RGPD Art. 39)<\/span><\/span> <\/a><\/h4>\n<\/li>\n<li>\n<h4>Evaluaci\u00f3n sist\u00e9mica de riesgos de ciberseguridad (CSAR) <a href=\"https:\/\/archimede.ch\/evaluacion-del-impacto-de-la-proteccion-de-datos\/?lang=es\">\u00a0<\/a><a href=\"https:\/\/archimede.ch\/evaluacion-del-impacto-de-la-proteccion-de-datos\/?lang=es\"><\/a><a href=\"https:\/\/archimede.ch\/evaluacion-del-impacto-de-la-proteccion-de-datos\/?lang=es\"><span style=\"color: #0c71c3;\"><span style=\"text-decoration: underline;\"> <span style=\"color: #0000cc ;\">(RGPD Art. 32)<\/a><\/h4>\n<\/li>\n<li>\n<h4>Pruebas y validaci\u00f3n con los usuarios finales de manera que se cumpla con la protecci\u00f3n de datos (GDPR Art. 25)<\/h4>\n<\/li>\n<li>\n<h4>Gesti\u00f3n de acceso a datos abiertos y servidor CKAN<\/h4>\n<\/li>\n<\/ul>\n<p>No dude en ponerse <strong><a href=\"https:\/\/archimede.ch\/contacto\/?lang=es\"> <span style=\"text-decoration: underline;\">en contacto con nosotros<\/a><\/strong> para obtener m\u00e1s informaci\u00f3n.<\/p>\n<p style=\"text-align: justify;\">\n<p>[\/et_pb_text][et_pb_image src=\u00bbhttps:\/\/archimede.ch\/wp-content\/uploads\/2020\/03\/dreamstime_xxl_111874587-scaled-e1585661391241.jpg\u00bb _builder_version=\u00bb4.3.4&#8243;][\/et_pb_image][et_pb_text _builder_version=\u00bb4.3.4&#8243;]<\/p>\n<p style=\"text-align: center;\"><em>Crear confianza y seguridad<\/em><\/p>\n<p>[\/et_pb_text][\/et_pb_column][\/et_pb_row][\/et_pb_section][et_pb_section fb_built=\u00bb1&#8243; admin_label=\u00bbFooter\u00bb _builder_version=\u00bb4.0.9&#8243; background_color=\u00bb#88c4dd\u00bb custom_padding=\u00bb10em||10em||true|false\u00bb top_divider_color=\u00bb#ffffff\u00bb top_divider_flip=\u00bbvertical\u00bb top_divider_arrangement=\u00bbabove_content\u00bb da_disable_devices=\u00bboff|off|off\u00bb saved_tabs=\u00bball\u00bb locked=\u00bboff\u00bb da_is_popup=\u00bboff\u00bb da_exit_intent=\u00bboff\u00bb da_has_close=\u00bbon\u00bb da_alt_close=\u00bboff\u00bb da_dark_close=\u00bboff\u00bb da_not_modal=\u00bbon\u00bb da_is_singular=\u00bboff\u00bb da_with_loader=\u00bboff\u00bb da_has_shadow=\u00bbon\u00bb][et_pb_row _builder_version=\u00bb4.3.4&#8243; custom_margin=\u00bb|auto||283px||\u00bb][et_pb_column type=\u00bb4_4&#8243; _builder_version=\u00bb4.3.4&#8243;][et_pb_text _builder_version=\u00bb4.3.4&#8243; text_text_color=\u00bb#b2b2b2&#8243; header_text_color=\u00bb#939393&#8243; background_color=\u00bb#ffffff\u00bb custom_margin=\u00bb||-3px|||\u00bb custom_padding=\u00bb35px||||false|false\u00bb]<\/p>\n<h1 style=\"text-align: center;\">No dude en contactarnos<\/h1>\n<p>[\/et_pb_text][et_pb_code _builder_version=\u00bb4.3.4&#8243; background_color=\u00bb#ffffff\u00bb custom_padding=\u00bb50px|28px|50px|28px|true|true\u00bb]\t\t<!-- style sheets -->\n\t\t<link type=\"text\/css\" rel=\"stylesheet\" href=\"https:\/\/archimede.ch\/wp-content\/plugins\/infotech-addons\/css\/shortcode-captcha_contact_form.css\">\n\n\t\t<!-- javascript -->\n\t\t<script type=\"text\/javascript\">\n\t\t\tvar url_plugin = \"https:\/\/archimede.ch\/wp-content\/plugins\/infotech-addons\";\n\t\t\tvar url_httpwwwdomain = \"https:\/\/archimede.ch\";\n\t\t\tvar language = \"english\";\n\t\t<\/script>\n\n\t\t\t\t\t\t<!-- -->\n\t\t\t\t<div class=\"captcha_contact_form\" token=\"48500c707477c615f76f2a3193dee29f5f09db97e85e01a72d177aea3f7daf40\" >\n\t\t\t\t\t<div class=\"et_pb_with_border\">\n\t\t\t\t\t\t<div class=\"et-pb-contact-message form_message\"><\/div><!--end .et-pb-contact-message -->\n\t\t\t\t\t\t<div class=\"et_pb_contact\">\n\t\t\t\t\t\t\t<form id=\"contact\" class=\"et_pb_contact_form\">\n\t\t\t\t\t\t\t\t<p class=\"et_pb_contact_field et_pb_contact_field_0 et_pb_contact_field_half\" >\n\t\t\t\t\t\t\t\t\t<label for=\"et_pb_contact_name_0\" class=\"et_pb_contact_form_label\">Name<\/label>\n\t\t\t\t\t\t\t\t\t<input id=\"name\" class=\"input\" type=\"text\" placeholder=\"Name\">\n\t\t\t\t\t\t\t\t<\/p>\n\t\t\t\t\t\t\t\t<p class=\"et_pb_contact_field et_pb_contact_field_1 et_pb_contact_field_half et_pb_contact_field_last\" >\n\t\t\t\t\t\t\t\t\t<label for=\"et_pb_contact_email_0\" class=\"et_pb_contact_form_label\">Email<\/label>\n\t\t\t\t\t\t\t\t\t<input id=\"email\" class=\"input\" type=\"text\" placeholder=\"Email\">\n\t\t\t\t\t\t\t\t<\/p>\n\t\t\t\t\t\t\t\t<p class=\"et_pb_contact_field et_pb_contact_field_2 et_pb_contact_field_last\" >\n\t\t\t\t\t\t\t\t\t<label for=\"et_pb_contact_message_0\" class=\"et_pb_contact_form_label\">Message<\/label>\n\t\t\t\t\t\t\t\t\t<textarea id=\"message\" class=\"et_pb_contact_message input\" placeholder=\"Message\"><\/textarea>\n\t\t\t\t\t\t\t\t<\/p>\n\t\t\t\t\t\t\t\t<div id=\"mtcaptcha-1\" class='mtcaptcha'><\/div><!--end .mtcaptcha -->\n\t\t\t\t\t\t\t\t<div class=\"et_contact_bottom_container\">\n\t\t\t\t\t\t\t\t\t<button class=\"et_pb_contact_submit et_pb_button\" type=\"submit\">Submit<\/button>\n\t\t\t\t\t\t\t\t<\/div>\n\t\t\t\t\t\t\t\t<img decoding=\"async\" class=\"loader\" src=\"https:\/\/archimede.ch\/wp-content\/plugins\/infotech-addons\/images\/loader-squares_43x11.gif\" \/>\n\t\t\t\t\t\t\t\t\n\t\t\t\t\t\t\t<\/form><!--end #contact --> \n\t\t\t\t\t\t<\/div> <!-- .et_pb_contact -->\n\t\t\t\t\t<\/div><!--end .et_pb_with_border -->\n\t\t\t\t<\/div><!--end .captcha_contact_form -->\n\t\t\t\t\n\t\t\t\t<!-- javascript -->\n\t\t\t\t<script type=\"text\/javascript\" src=\"https:\/\/archimede.ch\/wp-content\/plugins\/infotech-addons\/js\/shortcode-captcha_contact_form_contact.js\"><\/script>\n\t\t\t\t\t\t<!-- javascript -->\n\t\t<script type=\"text\/javascript\">\n\t\t\t\/\/variables\n\t\t\tvar url_globalWPFolder = \"https:\/\/archimede.ch\";\n\t\t\t\/\/MTCaptcha\n\t\t\tvar mtcaptchaConfig = {\n\t\t\t\t\"sitekey\": \"MTPublic-diFSr0yxD\",\n\t\t\t\t\"renderQueue\": ['mtcaptcha-1', 'mtcaptcha-2'],\t\t\t};\n\t\t\t(function(){var mt_service = document.createElement('script');mt_service.async = true;mt_service.src = 'https:\/\/service.mtcaptcha.com\/mtcv1\/client\/mtcaptcha.min.js';(document.getElementsByTagName('head')[0] || document.getElementsByTagName('body')[0]).appendChild(mt_service);\n\t\t\tvar mt_service2 = document.createElement('script');mt_service2.async = true;mt_service2.src = 'https:\/\/service2.mtcaptcha.com\/mtcv1\/client\/mtcaptcha2.min.js';(document.getElementsByTagName('head')[0] || document.getElementsByTagName('body')[0]).appendChild(mt_service2);}) ();\n\n\t\t\tfunction load_css( ){\n\t\t\t\ttry {\n\t\t\t\t\t\/\/ Get HTML head element\n\t\t\t\t\tvar head = document.getElementsByTagName('HEAD')[0];\n\n\t\t\t\t\t\/\/ Create new link Element\n\t\t\t\t\tvar link = document.createElement('link');\n\n\t\t\t\t\t\/\/ set the attributes for link element \n\t\t\t\t\tlink.rel = 'stylesheet';\n\t\t\t\t\tlink.type = 'text\/css';\n\t\t\t\t\tlink.href = url_globalWPFolder+'\/wp-content\/themes\/Divi\/style-static.min.css';\n\n\t\t\t\t\t\/\/ Append link element to HTML head\n\t\t\t\t\thead.appendChild( link );\n\t\t\t\t}\/\/end try\n\t\t\t\tcatch( try_catch_error ){\n\t\t\t\t\tconsole.log( \"function load_css() error\" );\n\t\t\t\t\tconsole.log( try_catch_error.message );\n\t\t\t\t}\/\/end catch\n\t\t\t}\n\n\t\t\t\/\/on ready\n\t\t\tjQuery( document ).ready(function(){\n\t\t\t\tload_css();\n\t\t\t});\n\t\t<\/script>\n\t\t[\/et_pb_code][et_pb_code _builder_version=\u00bb4.3.4&#8243;][\/et_pb_code][\/et_pb_column][\/et_pb_row][\/et_pb_section]<\/p>\n","protected":false},"excerpt":{"rendered":"<p>GDPR &amp; Servicios de protecci\u00f3n de datos personales Archimede Solutions cuenta con m\u00e1s de diez a\u00f1os de experiencia en la protecci\u00f3n de datos y ha dirigido la investigaci\u00f3n y los servicios de protecci\u00f3n de datos a trav\u00e9s de varios proyectos de investigaci\u00f3n europeos, desde ciudades inteligentes y la participaci\u00f3n de los usuarios finales, hasta eSalud, [&hellip;]<\/p>\n","protected":false},"author":2,"featured_media":0,"parent":0,"menu_order":0,"comment_status":"closed","ping_status":"closed","template":"","meta":{"_et_pb_use_builder":"on","_et_pb_old_content":"","_et_gb_content_width":"","footnotes":""},"class_list":["post-1960","page","type-page","status-publish","hentry"],"yoast_head":"<!-- This site is optimized with the Yoast SEO Premium plugin v25.5 (Yoast SEO v27.4) - https:\/\/yoast.com\/product\/yoast-seo-premium-wordpress\/ -->\n<title>Servicios de protecci\u00f3n de datos personales - Archimede Solutions<\/title>\n<meta name=\"description\" content=\"Archimede Solutions research and data protection services for the European General Data Protection Regulation and ICT technologies.\" \/>\n<meta name=\"robots\" content=\"index, follow, max-snippet:-1, max-image-preview:large, max-video-preview:-1\" \/>\n<link rel=\"canonical\" href=\"https:\/\/archimede.ch\/es\/servicios-de-proteccion-de-datos-personales\" \/>\n<meta property=\"og:locale\" content=\"es_ES\" \/>\n<meta property=\"og:type\" content=\"article\" \/>\n<meta property=\"og:title\" content=\"Servicios de protecci\u00f3n de datos personales\" \/>\n<meta property=\"og:description\" content=\"Archimede Solutions research and data protection services for the European General Data Protection Regulation and ICT technologies.\" \/>\n<meta property=\"og:url\" content=\"https:\/\/archimede.ch\/es\/servicios-de-proteccion-de-datos-personales\" \/>\n<meta property=\"og:site_name\" content=\"Archimede Solutions\" \/>\n<meta property=\"article:modified_time\" content=\"2025-06-18T03:24:56+00:00\" \/>\n<meta name=\"twitter:card\" content=\"summary_large_image\" \/>\n<meta name=\"twitter:label1\" content=\"Tiempo de lectura\" \/>\n\t<meta name=\"twitter:data1\" content=\"2 minutos\" \/>\n<script type=\"application\/ld+json\" class=\"yoast-schema-graph\">{\"@context\":\"https:\\\/\\\/schema.org\",\"@graph\":[{\"@type\":\"WebPage\",\"@id\":\"https:\\\/\\\/archimede.ch\\\/es\\\/servicios-de-proteccion-de-datos-personales\",\"url\":\"https:\\\/\\\/archimede.ch\\\/es\\\/servicios-de-proteccion-de-datos-personales\",\"name\":\"Servicios de protecci\u00f3n de datos personales - Archimede Solutions\",\"isPartOf\":{\"@id\":\"https:\\\/\\\/archimede.ch\\\/#website\"},\"datePublished\":\"2021-03-03T23:41:56+00:00\",\"dateModified\":\"2025-06-18T03:24:56+00:00\",\"description\":\"Archimede Solutions research and data protection services for the European General Data Protection Regulation and ICT technologies.\",\"breadcrumb\":{\"@id\":\"https:\\\/\\\/archimede.ch\\\/es\\\/servicios-de-proteccion-de-datos-personales#breadcrumb\"},\"inLanguage\":\"es\",\"potentialAction\":[{\"@type\":\"ReadAction\",\"target\":[\"https:\\\/\\\/archimede.ch\\\/es\\\/servicios-de-proteccion-de-datos-personales\"]}]},{\"@type\":\"BreadcrumbList\",\"@id\":\"https:\\\/\\\/archimede.ch\\\/es\\\/servicios-de-proteccion-de-datos-personales#breadcrumb\",\"itemListElement\":[{\"@type\":\"ListItem\",\"position\":1,\"name\":\"Home\",\"item\":\"https:\\\/\\\/archimede.ch\\\/es\"},{\"@type\":\"ListItem\",\"position\":2,\"name\":\"Servicios de protecci\u00f3n de datos personales\"}]},{\"@type\":\"WebSite\",\"@id\":\"https:\\\/\\\/archimede.ch\\\/#website\",\"url\":\"https:\\\/\\\/archimede.ch\\\/\",\"name\":\"Archimede Solutions\",\"description\":\"an\u00a0always innovating company in audit, certification and services\",\"publisher\":{\"@id\":\"https:\\\/\\\/archimede.ch\\\/#organization\"},\"potentialAction\":[{\"@type\":\"SearchAction\",\"target\":{\"@type\":\"EntryPoint\",\"urlTemplate\":\"https:\\\/\\\/archimede.ch\\\/?s={search_term_string}\"},\"query-input\":{\"@type\":\"PropertyValueSpecification\",\"valueRequired\":true,\"valueName\":\"search_term_string\"}}],\"inLanguage\":\"es\"},{\"@type\":\"Organization\",\"@id\":\"https:\\\/\\\/archimede.ch\\\/#organization\",\"name\":\"Archimede Solutions\",\"url\":\"https:\\\/\\\/archimede.ch\\\/\",\"logo\":{\"@type\":\"ImageObject\",\"inLanguage\":\"es\",\"@id\":\"https:\\\/\\\/archimede.ch\\\/#\\\/schema\\\/logo\\\/image\\\/\",\"url\":\"https:\\\/\\\/archimede.ch\\\/wp-content\\\/uploads\\\/2019\\\/12\\\/cropped-Fichier-6.png\",\"contentUrl\":\"https:\\\/\\\/archimede.ch\\\/wp-content\\\/uploads\\\/2019\\\/12\\\/cropped-Fichier-6.png\",\"width\":512,\"height\":512,\"caption\":\"Archimede Solutions\"},\"image\":{\"@id\":\"https:\\\/\\\/archimede.ch\\\/#\\\/schema\\\/logo\\\/image\\\/\"}}]}<\/script>\n<!-- \/ Yoast SEO Premium plugin. -->","yoast_head_json":{"title":"Servicios de protecci\u00f3n de datos personales - Archimede Solutions","description":"Archimede Solutions research and data protection services for the European General Data Protection Regulation and ICT technologies.","robots":{"index":"index","follow":"follow","max-snippet":"max-snippet:-1","max-image-preview":"max-image-preview:large","max-video-preview":"max-video-preview:-1"},"canonical":"https:\/\/archimede.ch\/es\/servicios-de-proteccion-de-datos-personales","og_locale":"es_ES","og_type":"article","og_title":"Servicios de protecci\u00f3n de datos personales","og_description":"Archimede Solutions research and data protection services for the European General Data Protection Regulation and ICT technologies.","og_url":"https:\/\/archimede.ch\/es\/servicios-de-proteccion-de-datos-personales","og_site_name":"Archimede Solutions","article_modified_time":"2025-06-18T03:24:56+00:00","twitter_card":"summary_large_image","twitter_misc":{"Tiempo de lectura":"2 minutos"},"schema":{"@context":"https:\/\/schema.org","@graph":[{"@type":"WebPage","@id":"https:\/\/archimede.ch\/es\/servicios-de-proteccion-de-datos-personales","url":"https:\/\/archimede.ch\/es\/servicios-de-proteccion-de-datos-personales","name":"Servicios de protecci\u00f3n de datos personales - Archimede Solutions","isPartOf":{"@id":"https:\/\/archimede.ch\/#website"},"datePublished":"2021-03-03T23:41:56+00:00","dateModified":"2025-06-18T03:24:56+00:00","description":"Archimede Solutions research and data protection services for the European General Data Protection Regulation and ICT technologies.","breadcrumb":{"@id":"https:\/\/archimede.ch\/es\/servicios-de-proteccion-de-datos-personales#breadcrumb"},"inLanguage":"es","potentialAction":[{"@type":"ReadAction","target":["https:\/\/archimede.ch\/es\/servicios-de-proteccion-de-datos-personales"]}]},{"@type":"BreadcrumbList","@id":"https:\/\/archimede.ch\/es\/servicios-de-proteccion-de-datos-personales#breadcrumb","itemListElement":[{"@type":"ListItem","position":1,"name":"Home","item":"https:\/\/archimede.ch\/es"},{"@type":"ListItem","position":2,"name":"Servicios de protecci\u00f3n de datos personales"}]},{"@type":"WebSite","@id":"https:\/\/archimede.ch\/#website","url":"https:\/\/archimede.ch\/","name":"Archimede Solutions","description":"an\u00a0always innovating company in audit, certification and services","publisher":{"@id":"https:\/\/archimede.ch\/#organization"},"potentialAction":[{"@type":"SearchAction","target":{"@type":"EntryPoint","urlTemplate":"https:\/\/archimede.ch\/?s={search_term_string}"},"query-input":{"@type":"PropertyValueSpecification","valueRequired":true,"valueName":"search_term_string"}}],"inLanguage":"es"},{"@type":"Organization","@id":"https:\/\/archimede.ch\/#organization","name":"Archimede Solutions","url":"https:\/\/archimede.ch\/","logo":{"@type":"ImageObject","inLanguage":"es","@id":"https:\/\/archimede.ch\/#\/schema\/logo\/image\/","url":"https:\/\/archimede.ch\/wp-content\/uploads\/2019\/12\/cropped-Fichier-6.png","contentUrl":"https:\/\/archimede.ch\/wp-content\/uploads\/2019\/12\/cropped-Fichier-6.png","width":512,"height":512,"caption":"Archimede Solutions"},"image":{"@id":"https:\/\/archimede.ch\/#\/schema\/logo\/image\/"}}]}},"_links":{"self":[{"href":"https:\/\/archimede.ch\/es\/wp-json\/wp\/v2\/pages\/1960","targetHints":{"allow":["GET"]}}],"collection":[{"href":"https:\/\/archimede.ch\/es\/wp-json\/wp\/v2\/pages"}],"about":[{"href":"https:\/\/archimede.ch\/es\/wp-json\/wp\/v2\/types\/page"}],"author":[{"embeddable":true,"href":"https:\/\/archimede.ch\/es\/wp-json\/wp\/v2\/users\/2"}],"replies":[{"embeddable":true,"href":"https:\/\/archimede.ch\/es\/wp-json\/wp\/v2\/comments?post=1960"}],"version-history":[{"count":16,"href":"https:\/\/archimede.ch\/es\/wp-json\/wp\/v2\/pages\/1960\/revisions"}],"predecessor-version":[{"id":3510,"href":"https:\/\/archimede.ch\/es\/wp-json\/wp\/v2\/pages\/1960\/revisions\/3510"}],"wp:attachment":[{"href":"https:\/\/archimede.ch\/es\/wp-json\/wp\/v2\/media?parent=1960"}],"curies":[{"name":"wp","href":"https:\/\/api.w.org\/{rel}","templated":true}]}}