{"id":1939,"date":"2021-03-03T22:23:17","date_gmt":"2021-03-03T22:23:17","guid":{"rendered":"https:\/\/archimede.ch\/registro-de-certificacion\/"},"modified":"2025-06-18T00:41:19","modified_gmt":"2025-06-17T22:41:19","slug":"registro-de-certificacion","status":"publish","type":"page","link":"https:\/\/archimede.ch\/es\/registro-de-certificacion","title":{"rendered":"Registro de certificaci\u00f3n"},"content":{"rendered":"<p>[et_pb_section fb_built=\u00bb1&#8243; _builder_version=\u00bb4.0.9&#8243; background_image=\u00bbhttps:\/\/archimede.ch\/wp-content\/uploads\/2019\/12\/BG-content-22.jpg\u00bb parallax=\u00bbon\u00bb custom_margin=\u00bb||||false|false\u00bb custom_padding=\u00bb8em||12em||false|false\u00bb bottom_divider_style=\u00bbmountains2&#8243; bottom_divider_color=\u00bb#88C4DD\u00bb da_disable_devices=\u00bboff|off|off\u00bb collapsed=\u00bboff\u00bb da_is_popup=\u00bboff\u00bb da_exit_intent=\u00bboff\u00bb da_has_close=\u00bbon\u00bb da_alt_close=\u00bboff\u00bb da_dark_close=\u00bboff\u00bb da_not_modal=\u00bbon\u00bb da_is_singular=\u00bboff\u00bb da_with_loader=\u00bboff\u00bb da_has_shadow=\u00bbon\u00bb][et_pb_row column_structure=\u00bb1_4,3_4&#8243; _builder_version=\u00bb4.2.1&#8243;][et_pb_column type=\u00bb1_4&#8243; _builder_version=\u00bb4.0.9&#8243; custom_padding=\u00bb|22px||0px|false|false\u00bb border_width_right=\u00bb1px\u00bb border_color_right=\u00bb#e5e5e5&#8243;][et_pb_code disabled_on=\u00bbon|on|off\u00bb _builder_version=\u00bb4.9.3&#8243; custom_margin=\u00bb1em||||false|false\u00bb custom_padding=\u00bb||||false|false\u00bb saved_tabs=\u00bball\u00bb]<\/p>\n<ul style=\"list-style: none;\"><!-- [et_pb_line_break_holder] -->\t<\/p>\n<li><a href=\"https:\/\/archimede.ch\/beneficios-de-la-certificacion\/?lang=es\">Beneficios de la certificaci\u00f3n<\/a><\/li>\n<p><!-- [et_pb_line_break_holder] -->\t<\/p>\n<li><a href=\"https:\/\/archimede.ch\/valores-y-principios\/?lang=es\">Valores y principios<\/a><\/li>\n<p><!-- [et_pb_line_break_holder] -->\t<\/p>\n<li><a href=\"https:\/\/archimede.ch\/precio-y-costes\/?lang=es\">Precio y costes<\/a><\/li>\n<p><!-- [et_pb_line_break_holder] -->\t<\/p>\n<li><a href=\"https:\/\/archimede.ch\/declaracion-de-independencia-e-imparcialidad\/?lang=es\">Declaraci\u00f3n de independencia e imparcialidad<\/a><\/li>\n<p><!-- [et_pb_line_break_holder] --> \t<\/p>\n<li><a href=\"https:\/\/archimede.ch\/comite-de-imparcialidad\/?lang=es\">Comit\u00e9 de Imparcialidad<\/a><\/li>\n<p> <!-- [et_pb_line_break_holder] -->\t<\/p>\n<li><a href=\"https:\/\/archimede.ch\/proceso-de-certificacion\/?lang=es\">Proceso de certificaci\u00f3n<\/a><\/li>\n<p><!-- [et_pb_line_break_holder] -->\t<\/p>\n<li><a href=\"https:\/\/archimede.ch\/reclamaciones-y-apelaciones\/?lang=es\">Reclamaciones y apelaciones<\/a><\/li>\n<p><!-- [et_pb_line_break_holder] -->\t<\/p>\n<li><a href=\"https:\/\/archimede.ch\/uso-de-marcas-de-conformidad-y-referencias-de-certificacion\/?lang=es\">Uso de marcas de conformidad y referencias de certificaci\u00f3n<\/a><\/li>\n<p><!-- [et_pb_line_break_holder] -->\t<\/p>\n<li><a href=\"https:\/\/archimede.ch\/registro-de-certificacion\/?lang=es\">Registro de certificaci\u00f3n<\/a><\/li>\n<p><!-- [et_pb_line_break_holder] -->\t<\/p>\n<li><a href=\"https:\/\/archimede.ch\/organigrama\/?lang=es\">Organigrama<\/a><\/li>\n<p><!-- [et_pb_line_break_holder] --><!-- \n\n<li><a href=\"https:\/\/archimede.ch\/actividades-de-investigacion\/?lang=es\">Actividades de investigaci\u00f3n<\/a><\/li>\n\n--><!-- [et_pb_line_break_holder] --><\/ul>\n<p><!-- [et_pb_line_break_holder] --><\/p>\n<style><!-- [et_pb_line_break_holder] -->\/* unvisited link *\/<!-- [et_pb_line_break_holder] -->a:link {<!-- [et_pb_line_break_holder] -->   color: rgb(131,131,131);<!-- [et_pb_line_break_holder] -->}<!-- [et_pb_line_break_holder] --><!-- [et_pb_line_break_holder] -->\/* mouse over link *\/<!-- [et_pb_line_break_holder] -->a:hover {<!-- [et_pb_line_break_holder] -->  color: #09CCCF;<!-- [et_pb_line_break_holder] -->}<!-- [et_pb_line_break_holder] --><!-- [et_pb_line_break_holder] -->\/* selected link *\/<!-- [et_pb_line_break_holder] -->a:active {<!-- [et_pb_line_break_holder] -->  color: #09CCCF;<!-- [et_pb_line_break_holder] -->  font-weight: 500;<!-- [et_pb_line_break_holder] -->}<!-- [et_pb_line_break_holder] -->  <\/style>\n<p>[\/et_pb_code][et_pb_code _builder_version=\u00bb4.0.9&#8243;][\/et_pb_code][\/et_pb_column][et_pb_column type=\u00bb3_4&#8243; _builder_version=\u00bb4.0.9&#8243;][et_pb_text _builder_version=\u00bb4.2.1&#8243; text_font=\u00bb||||||||\u00bb text_font_size=\u00bb16px\u00bb text_line_height=\u00bb2em\u00bb header_font=\u00bb||||||||\u00bb header_2_font=\u00bbMontserrat|300|||||||\u00bb header_2_font_size=\u00bb40px\u00bb header_2_line_height=\u00bb1.4em\u00bb header_5_font=\u00bb||||||||\u00bb header_5_text_color=\u00bb#7f8dff\u00bb header_5_line_height=\u00bb2em\u00bb text_orientation=\u00bbcenter\u00bb module_alignment=\u00bbcenter\u00bb header_2_font_size_tablet=\u00bb\u00bb header_2_font_size_phone=\u00bb30px\u00bb header_2_font_size_last_edited=\u00bbon|phone\u00bb locked=\u00bboff\u00bb]<\/p>\n<h2 style=\"text-align: left;\">Registro de certificaci\u00f3n<\/h2>\n<p>[\/et_pb_text][et_pb_text _builder_version=\u00bb4.2.1&#8243;]<\/p>\n<p class=\"art-postheader\"><span>Los procesos de certificaci\u00f3n exitosos se inscriben en un registro en l\u00ednea, con detalles sobre el o los certificados entregados. Para comprobar la autenticidad de un certificado, puede utilizar el siguiente formulario de b\u00fasqueda:<\/span><\/p>\n<p>[\/et_pb_text][et_pb_contact_form captcha=\u00bboff\u00bb email=\u00bbadmin@archimede.ch\u00bb custom_message=\u00bbRegistro de certificaci\u00f3n\u00bb _builder_version=\u00bb4.3.4&#8243;][et_pb_contact_field field_id=\u00bbCertificate_ID_number\u00bb field_title=\u00bbN\u00famero de identificaci\u00f3n del certificado\u00bb fullwidth_field=\u00bbon\u00bb _builder_version=\u00bb4.2.1&#8243;][\/et_pb_contact_field][et_pb_contact_field field_id=\u00bbCompany_Name\u00bb field_title=\u00bbNombre de la empresa\u00bb required_mark=\u00bboff\u00bb fullwidth_field=\u00bbon\u00bb _builder_version=\u00bb4.2.1&#8243;][\/et_pb_contact_field][\/et_pb_contact_form][\/et_pb_column][\/et_pb_row][\/et_pb_section][et_pb_section fb_built=\u00bb1&#8243; admin_label=\u00bbFooter\u00bb _builder_version=\u00bb4.0.9&#8243; background_color=\u00bb#88c4dd\u00bb custom_padding=\u00bb10em||10em||true|false\u00bb top_divider_color=\u00bb#ffffff\u00bb top_divider_flip=\u00bbvertical\u00bb top_divider_arrangement=\u00bbabove_content\u00bb da_disable_devices=\u00bboff|off|off\u00bb saved_tabs=\u00bball\u00bb locked=\u00bboff\u00bb da_is_popup=\u00bboff\u00bb da_exit_intent=\u00bboff\u00bb da_has_close=\u00bbon\u00bb da_alt_close=\u00bboff\u00bb da_dark_close=\u00bboff\u00bb da_not_modal=\u00bbon\u00bb da_is_singular=\u00bboff\u00bb da_with_loader=\u00bboff\u00bb da_has_shadow=\u00bbon\u00bb][et_pb_row _builder_version=\u00bb4.9.2&#8243; custom_margin=\u00bb||||false|false\u00bb][et_pb_column type=\u00bb4_4&#8243; _builder_version=\u00bb4.3.4&#8243;][et_pb_text _builder_version=\u00bb4.3.4&#8243; text_text_color=\u00bb#b2b2b2&#8243; header_text_color=\u00bb#939393&#8243; background_color=\u00bb#ffffff\u00bb custom_margin=\u00bb||-3px|||\u00bb custom_padding=\u00bb35px||||false|false\u00bb]<\/p>\n<h1 style=\"text-align: center;\">No dude en contactarnos<\/h1>\n<p>[\/et_pb_text][et_pb_code _builder_version=\u00bb4.3.4&#8243; background_color=\u00bb#ffffff\u00bb custom_padding=\u00bb50px|28px|50px|28px|true|true\u00bb]\t\t<!-- style sheets -->\n\t\t<link type=\"text\/css\" rel=\"stylesheet\" href=\"https:\/\/archimede.ch\/wp-content\/plugins\/infotech-addons\/css\/shortcode-captcha_contact_form.css\">\n\n\t\t<!-- javascript -->\n\t\t<script type=\"text\/javascript\">\n\t\t\tvar url_plugin = \"https:\/\/archimede.ch\/wp-content\/plugins\/infotech-addons\";\n\t\t\tvar url_httpwwwdomain = \"https:\/\/archimede.ch\";\n\t\t\tvar language = \"english\";\n\t\t<\/script>\n\n\t\t\t\t\t\t<!-- -->\n\t\t\t\t<div class=\"captcha_contact_form\" token=\"992a5ebb68432e9a5c798d94c85209daef13bf169e3f4d5e6f4422bccb0911f2\" >\n\t\t\t\t\t<div class=\"et_pb_with_border\">\n\t\t\t\t\t\t<div class=\"et-pb-contact-message form_message\"><\/div><!--end .et-pb-contact-message -->\n\t\t\t\t\t\t<div class=\"et_pb_contact\">\n\t\t\t\t\t\t\t<form id=\"contact\" class=\"et_pb_contact_form\">\n\t\t\t\t\t\t\t\t<p class=\"et_pb_contact_field et_pb_contact_field_0 et_pb_contact_field_half\" >\n\t\t\t\t\t\t\t\t\t<label for=\"et_pb_contact_name_0\" class=\"et_pb_contact_form_label\">Name<\/label>\n\t\t\t\t\t\t\t\t\t<input id=\"name\" class=\"input\" type=\"text\" placeholder=\"Name\">\n\t\t\t\t\t\t\t\t<\/p>\n\t\t\t\t\t\t\t\t<p class=\"et_pb_contact_field et_pb_contact_field_1 et_pb_contact_field_half et_pb_contact_field_last\" >\n\t\t\t\t\t\t\t\t\t<label for=\"et_pb_contact_email_0\" class=\"et_pb_contact_form_label\">Email<\/label>\n\t\t\t\t\t\t\t\t\t<input id=\"email\" class=\"input\" type=\"text\" placeholder=\"Email\">\n\t\t\t\t\t\t\t\t<\/p>\n\t\t\t\t\t\t\t\t<p class=\"et_pb_contact_field et_pb_contact_field_2 et_pb_contact_field_last\" >\n\t\t\t\t\t\t\t\t\t<label for=\"et_pb_contact_message_0\" class=\"et_pb_contact_form_label\">Message<\/label>\n\t\t\t\t\t\t\t\t\t<textarea id=\"message\" class=\"et_pb_contact_message input\" placeholder=\"Message\"><\/textarea>\n\t\t\t\t\t\t\t\t<\/p>\n\t\t\t\t\t\t\t\t<div id=\"mtcaptcha-1\" class='mtcaptcha'><\/div><!--end .mtcaptcha -->\n\t\t\t\t\t\t\t\t<div class=\"et_contact_bottom_container\">\n\t\t\t\t\t\t\t\t\t<button class=\"et_pb_contact_submit et_pb_button\" type=\"submit\">Submit<\/button>\n\t\t\t\t\t\t\t\t<\/div>\n\t\t\t\t\t\t\t\t<img decoding=\"async\" class=\"loader\" src=\"https:\/\/archimede.ch\/wp-content\/plugins\/infotech-addons\/images\/loader-squares_43x11.gif\" \/>\n\t\t\t\t\t\t\t\t\n\t\t\t\t\t\t\t<\/form><!--end #contact --> \n\t\t\t\t\t\t<\/div> <!-- .et_pb_contact -->\n\t\t\t\t\t<\/div><!--end .et_pb_with_border -->\n\t\t\t\t<\/div><!--end .captcha_contact_form -->\n\t\t\t\t\n\t\t\t\t<!-- javascript -->\n\t\t\t\t<script type=\"text\/javascript\" src=\"https:\/\/archimede.ch\/wp-content\/plugins\/infotech-addons\/js\/shortcode-captcha_contact_form_contact.js\"><\/script>\n\t\t\t\t\t\t<!-- javascript -->\n\t\t<script type=\"text\/javascript\">\n\t\t\t\/\/variables\n\t\t\tvar url_globalWPFolder = \"https:\/\/archimede.ch\";\n\t\t\t\/\/MTCaptcha\n\t\t\tvar mtcaptchaConfig = {\n\t\t\t\t\"sitekey\": \"MTPublic-diFSr0yxD\",\n\t\t\t\t\"renderQueue\": ['mtcaptcha-1', 'mtcaptcha-2'],\t\t\t};\n\t\t\t(function(){var mt_service = document.createElement('script');mt_service.async = true;mt_service.src = 'https:\/\/service.mtcaptcha.com\/mtcv1\/client\/mtcaptcha.min.js';(document.getElementsByTagName('head')[0] || document.getElementsByTagName('body')[0]).appendChild(mt_service);\n\t\t\tvar mt_service2 = document.createElement('script');mt_service2.async = true;mt_service2.src = 'https:\/\/service2.mtcaptcha.com\/mtcv1\/client\/mtcaptcha2.min.js';(document.getElementsByTagName('head')[0] || document.getElementsByTagName('body')[0]).appendChild(mt_service2);}) ();\n\n\t\t\tfunction load_css( ){\n\t\t\t\ttry {\n\t\t\t\t\t\/\/ Get HTML head element\n\t\t\t\t\tvar head = document.getElementsByTagName('HEAD')[0];\n\n\t\t\t\t\t\/\/ Create new link Element\n\t\t\t\t\tvar link = document.createElement('link');\n\n\t\t\t\t\t\/\/ set the attributes for link element \n\t\t\t\t\tlink.rel = 'stylesheet';\n\t\t\t\t\tlink.type = 'text\/css';\n\t\t\t\t\tlink.href = url_globalWPFolder+'\/wp-content\/themes\/Divi\/style-static.min.css';\n\n\t\t\t\t\t\/\/ Append link element to HTML head\n\t\t\t\t\thead.appendChild( link );\n\t\t\t\t}\/\/end try\n\t\t\t\tcatch( try_catch_error ){\n\t\t\t\t\tconsole.log( \"function load_css() error\" );\n\t\t\t\t\tconsole.log( try_catch_error.message );\n\t\t\t\t}\/\/end catch\n\t\t\t}\n\n\t\t\t\/\/on ready\n\t\t\tjQuery( document ).ready(function(){\n\t\t\t\tload_css();\n\t\t\t});\n\t\t<\/script>\n\t\t[\/et_pb_code][et_pb_code _builder_version=\u00bb4.3.4&#8243;][\/et_pb_code][\/et_pb_column][\/et_pb_row][\/et_pb_section]<\/p>\n","protected":false},"excerpt":{"rendered":"<p>Registro de certificaci\u00f3nLos procesos de certificaci\u00f3n exitosos se inscriben en un registro en l\u00ednea, con detalles sobre el o los certificados entregados. Para comprobar la autenticidad de un certificado, puede utilizar el siguiente formulario de b\u00fasqueda:No dude en contactarnos\t\t<!-- style sheets -->\n\t\t<link type=\"text\/css\" rel=\"stylesheet\" href=\"https:\/\/archimede.ch\/wp-content\/plugins\/infotech-addons\/css\/shortcode-captcha_contact_form.css\">\n\n\t\t<!-- javascript -->\n\t\t<script type=\"text\/javascript\">\n\t\t\tvar url_plugin = \"https:\/\/archimede.ch\/wp-content\/plugins\/infotech-addons\";\n\t\t\tvar url_httpwwwdomain = \"https:\/\/archimede.ch\";\n\t\t\tvar language = \"english\";\n\t\t<\/script>\n\n\t\t\t\t\t\t<!-- -->\n\t\t\t\t<div class=\"captcha_contact_form\" token=\"b527a9764169139b04ae71677e27d9375b080e924ddc9c55b72ba999161107ae\" >\n\t\t\t\t\t<div class=\"et_pb_with_border\">\n\t\t\t\t\t\t<div class=\"et-pb-contact-message form_message\"><\/div><!--end .et-pb-contact-message -->\n\t\t\t\t\t\t<div class=\"et_pb_contact\">\n\t\t\t\t\t\t\t<form id=\"contact\" class=\"et_pb_contact_form\">\n\t\t\t\t\t\t\t\t<p class=\"et_pb_contact_field et_pb_contact_field_0 et_pb_contact_field_half\" >\n\t\t\t\t\t\t\t\t\t<label for=\"et_pb_contact_name_0\" class=\"et_pb_contact_form_label\">Name<\/label>\n\t\t\t\t\t\t\t\t\t<input id=\"name\" class=\"input\" type=\"text\" placeholder=\"Name\">\n\t\t\t\t\t\t\t\t<\/p>\n\t\t\t\t\t\t\t\t<p class=\"et_pb_contact_field et_pb_contact_field_1 et_pb_contact_field_half et_pb_contact_field_last\" >\n\t\t\t\t\t\t\t\t\t<label for=\"et_pb_contact_email_0\" class=\"et_pb_contact_form_label\">Email<\/label>\n\t\t\t\t\t\t\t\t\t<input id=\"email\" class=\"input\" type=\"text\" placeholder=\"Email\">\n\t\t\t\t\t\t\t\t<\/p>\n\t\t\t\t\t\t\t\t<p class=\"et_pb_contact_field et_pb_contact_field_2 et_pb_contact_field_last\" >\n\t\t\t\t\t\t\t\t\t<label for=\"et_pb_contact_message_0\" class=\"et_pb_contact_form_label\">Message<\/label>\n\t\t\t\t\t\t\t\t\t<textarea id=\"message\" class=\"et_pb_contact_message input\" placeholder=\"Message\"><\/textarea>\n\t\t\t\t\t\t\t\t<\/p>\n\t\t\t\t\t\t\t\t<div id=\"mtcaptcha-1\" class='mtcaptcha'><\/div><!--end .mtcaptcha -->\n\t\t\t\t\t\t\t\t<div class=\"et_contact_bottom_container\">\n\t\t\t\t\t\t\t\t\t<button class=\"et_pb_contact_submit et_pb_button\" type=\"submit\">Submit<\/button>\n\t\t\t\t\t\t\t\t<\/div>\n\t\t\t\t\t\t\t\t<img decoding=\"async\" class=\"loader\" src=\"https:\/\/archimede.ch\/wp-content\/plugins\/infotech-addons\/images\/loader-squares_43x11.gif\" \/>\n\t\t\t\t\t\t\t\t\n\t\t\t\t\t\t\t<\/form><!--end #contact --> \n\t\t\t\t\t\t<\/div> <!-- .et_pb_contact -->\n\t\t\t\t\t<\/div><!--end .et_pb_with_border -->\n\t\t\t\t<\/div><!--end .captcha_contact_form -->\n\t\t\t\t\n\t\t\t\t<!-- javascript -->\n\t\t\t\t<script type=\"text\/javascript\" src=\"https:\/\/archimede.ch\/wp-content\/plugins\/infotech-addons\/js\/shortcode-captcha_contact_form_contact.js\"><\/script>\n\t\t\t\t\t\t<!-- javascript -->\n\t\t<script type=\"text\/javascript\">\n\t\t\t\/\/variables\n\t\t\tvar url_globalWPFolder = \"https:\/\/archimede.ch\";\n\t\t\t\/\/MTCaptcha\n\t\t\tvar mtcaptchaConfig = {\n\t\t\t\t\"sitekey\": \"MTPublic-diFSr0yxD\",\n\t\t\t\t\"renderQueue\": ['mtcaptcha-1', 'mtcaptcha-2'],\t\t\t};\n\t\t\t(function(){var mt_service = document.createElement('script');mt_service.async = true;mt_service.src = 'https:\/\/service.mtcaptcha.com\/mtcv1\/client\/mtcaptcha.min.js';(document.getElementsByTagName('head')[0] || document.getElementsByTagName('body')[0]).appendChild(mt_service);\n\t\t\tvar mt_service2 = document.createElement('script');mt_service2.async = true;mt_service2.src = 'https:\/\/service2.mtcaptcha.com\/mtcv1\/client\/mtcaptcha2.min.js';(document.getElementsByTagName('head')[0] || document.getElementsByTagName('body')[0]).appendChild(mt_service2);}) ();\n\n\t\t\tfunction load_css( ){\n\t\t\t\ttry {\n\t\t\t\t\t\/\/ Get HTML head element\n\t\t\t\t\tvar head = document.getElementsByTagName('HEAD')[0];\n\n\t\t\t\t\t\/\/ Create new link Element\n\t\t\t\t\tvar link = document.createElement('link');\n\n\t\t\t\t\t\/\/ set the attributes for link element \n\t\t\t\t\tlink.rel = 'stylesheet';\n\t\t\t\t\tlink.type = 'text\/css';\n\t\t\t\t\tlink.href = url_globalWPFolder+'\/wp-content\/themes\/Divi\/style-static.min.css';\n\n\t\t\t\t\t\/\/ Append link element to HTML head\n\t\t\t\t\thead.appendChild( link );\n\t\t\t\t}\/\/end try\n\t\t\t\tcatch( try_catch_error ){\n\t\t\t\t\tconsole.log( \"function load_css() error\" );\n\t\t\t\t\tconsole.log( try_catch_error.message );\n\t\t\t\t}\/\/end catch\n\t\t\t}\n\n\t\t\t\/\/on ready\n\t\t\tjQuery( document ).ready(function(){\n\t\t\t\tload_css();\n\t\t\t});\n\t\t<\/script>\n\t\t<\/p>\n","protected":false},"author":2,"featured_media":0,"parent":0,"menu_order":0,"comment_status":"closed","ping_status":"closed","template":"","meta":{"_et_pb_use_builder":"on","_et_pb_old_content":"","_et_gb_content_width":"","footnotes":""},"class_list":["post-1939","page","type-page","status-publish","hentry"],"yoast_head":"<!-- This site is optimized with the Yoast SEO Premium plugin v25.5 (Yoast SEO v27.4) - https:\/\/yoast.com\/product\/yoast-seo-premium-wordpress\/ -->\n<title>Registro de certificaci\u00f3n - Archimede Solutions<\/title>\n<meta name=\"description\" content=\"Archimede Solutions research and data protection services for the European General Data Protection Regulation and ICT technologies.\" \/>\n<meta name=\"robots\" content=\"index, follow, max-snippet:-1, max-image-preview:large, max-video-preview:-1\" \/>\n<link rel=\"canonical\" href=\"https:\/\/archimede.ch\/es\/registro-de-certificacion\" \/>\n<meta property=\"og:locale\" content=\"es_ES\" \/>\n<meta property=\"og:type\" content=\"article\" \/>\n<meta property=\"og:title\" content=\"Registro de certificaci\u00f3n\" \/>\n<meta property=\"og:description\" content=\"Archimede Solutions research and data protection services for the European General Data Protection Regulation and ICT technologies.\" \/>\n<meta property=\"og:url\" content=\"https:\/\/archimede.ch\/es\/registro-de-certificacion\" \/>\n<meta property=\"og:site_name\" content=\"Archimede Solutions\" \/>\n<meta property=\"article:modified_time\" content=\"2025-06-17T22:41:19+00:00\" \/>\n<meta name=\"twitter:card\" content=\"summary_large_image\" \/>\n<meta name=\"twitter:label1\" content=\"Tiempo de lectura\" \/>\n\t<meta name=\"twitter:data1\" content=\"1 minuto\" \/>\n<script type=\"application\/ld+json\" class=\"yoast-schema-graph\">{\"@context\":\"https:\\\/\\\/schema.org\",\"@graph\":[{\"@type\":\"WebPage\",\"@id\":\"https:\\\/\\\/archimede.ch\\\/es\\\/registro-de-certificacion\",\"url\":\"https:\\\/\\\/archimede.ch\\\/es\\\/registro-de-certificacion\",\"name\":\"Registro de certificaci\u00f3n - Archimede Solutions\",\"isPartOf\":{\"@id\":\"https:\\\/\\\/archimede.ch\\\/#website\"},\"datePublished\":\"2021-03-03T22:23:17+00:00\",\"dateModified\":\"2025-06-17T22:41:19+00:00\",\"description\":\"Archimede Solutions research and data protection services for the European General Data Protection Regulation and ICT technologies.\",\"breadcrumb\":{\"@id\":\"https:\\\/\\\/archimede.ch\\\/es\\\/registro-de-certificacion#breadcrumb\"},\"inLanguage\":\"es\",\"potentialAction\":[{\"@type\":\"ReadAction\",\"target\":[\"https:\\\/\\\/archimede.ch\\\/es\\\/registro-de-certificacion\"]}]},{\"@type\":\"BreadcrumbList\",\"@id\":\"https:\\\/\\\/archimede.ch\\\/es\\\/registro-de-certificacion#breadcrumb\",\"itemListElement\":[{\"@type\":\"ListItem\",\"position\":1,\"name\":\"Home\",\"item\":\"https:\\\/\\\/archimede.ch\\\/es\"},{\"@type\":\"ListItem\",\"position\":2,\"name\":\"Registro de certificaci\u00f3n\"}]},{\"@type\":\"WebSite\",\"@id\":\"https:\\\/\\\/archimede.ch\\\/#website\",\"url\":\"https:\\\/\\\/archimede.ch\\\/\",\"name\":\"Archimede Solutions\",\"description\":\"an\u00a0always innovating company in audit, certification and services\",\"publisher\":{\"@id\":\"https:\\\/\\\/archimede.ch\\\/#organization\"},\"potentialAction\":[{\"@type\":\"SearchAction\",\"target\":{\"@type\":\"EntryPoint\",\"urlTemplate\":\"https:\\\/\\\/archimede.ch\\\/?s={search_term_string}\"},\"query-input\":{\"@type\":\"PropertyValueSpecification\",\"valueRequired\":true,\"valueName\":\"search_term_string\"}}],\"inLanguage\":\"es\"},{\"@type\":\"Organization\",\"@id\":\"https:\\\/\\\/archimede.ch\\\/#organization\",\"name\":\"Archimede Solutions\",\"url\":\"https:\\\/\\\/archimede.ch\\\/\",\"logo\":{\"@type\":\"ImageObject\",\"inLanguage\":\"es\",\"@id\":\"https:\\\/\\\/archimede.ch\\\/#\\\/schema\\\/logo\\\/image\\\/\",\"url\":\"https:\\\/\\\/archimede.ch\\\/wp-content\\\/uploads\\\/2019\\\/12\\\/cropped-Fichier-6.png\",\"contentUrl\":\"https:\\\/\\\/archimede.ch\\\/wp-content\\\/uploads\\\/2019\\\/12\\\/cropped-Fichier-6.png\",\"width\":512,\"height\":512,\"caption\":\"Archimede Solutions\"},\"image\":{\"@id\":\"https:\\\/\\\/archimede.ch\\\/#\\\/schema\\\/logo\\\/image\\\/\"}}]}<\/script>\n<!-- \/ Yoast SEO Premium plugin. -->","yoast_head_json":{"title":"Registro de certificaci\u00f3n - Archimede Solutions","description":"Archimede Solutions research and data protection services for the European General Data Protection Regulation and ICT technologies.","robots":{"index":"index","follow":"follow","max-snippet":"max-snippet:-1","max-image-preview":"max-image-preview:large","max-video-preview":"max-video-preview:-1"},"canonical":"https:\/\/archimede.ch\/es\/registro-de-certificacion","og_locale":"es_ES","og_type":"article","og_title":"Registro de certificaci\u00f3n","og_description":"Archimede Solutions research and data protection services for the European General Data Protection Regulation and ICT technologies.","og_url":"https:\/\/archimede.ch\/es\/registro-de-certificacion","og_site_name":"Archimede Solutions","article_modified_time":"2025-06-17T22:41:19+00:00","twitter_card":"summary_large_image","twitter_misc":{"Tiempo de lectura":"1 minuto"},"schema":{"@context":"https:\/\/schema.org","@graph":[{"@type":"WebPage","@id":"https:\/\/archimede.ch\/es\/registro-de-certificacion","url":"https:\/\/archimede.ch\/es\/registro-de-certificacion","name":"Registro de certificaci\u00f3n - Archimede Solutions","isPartOf":{"@id":"https:\/\/archimede.ch\/#website"},"datePublished":"2021-03-03T22:23:17+00:00","dateModified":"2025-06-17T22:41:19+00:00","description":"Archimede Solutions research and data protection services for the European General Data Protection Regulation and ICT technologies.","breadcrumb":{"@id":"https:\/\/archimede.ch\/es\/registro-de-certificacion#breadcrumb"},"inLanguage":"es","potentialAction":[{"@type":"ReadAction","target":["https:\/\/archimede.ch\/es\/registro-de-certificacion"]}]},{"@type":"BreadcrumbList","@id":"https:\/\/archimede.ch\/es\/registro-de-certificacion#breadcrumb","itemListElement":[{"@type":"ListItem","position":1,"name":"Home","item":"https:\/\/archimede.ch\/es"},{"@type":"ListItem","position":2,"name":"Registro de certificaci\u00f3n"}]},{"@type":"WebSite","@id":"https:\/\/archimede.ch\/#website","url":"https:\/\/archimede.ch\/","name":"Archimede Solutions","description":"an\u00a0always innovating company in audit, certification and services","publisher":{"@id":"https:\/\/archimede.ch\/#organization"},"potentialAction":[{"@type":"SearchAction","target":{"@type":"EntryPoint","urlTemplate":"https:\/\/archimede.ch\/?s={search_term_string}"},"query-input":{"@type":"PropertyValueSpecification","valueRequired":true,"valueName":"search_term_string"}}],"inLanguage":"es"},{"@type":"Organization","@id":"https:\/\/archimede.ch\/#organization","name":"Archimede Solutions","url":"https:\/\/archimede.ch\/","logo":{"@type":"ImageObject","inLanguage":"es","@id":"https:\/\/archimede.ch\/#\/schema\/logo\/image\/","url":"https:\/\/archimede.ch\/wp-content\/uploads\/2019\/12\/cropped-Fichier-6.png","contentUrl":"https:\/\/archimede.ch\/wp-content\/uploads\/2019\/12\/cropped-Fichier-6.png","width":512,"height":512,"caption":"Archimede Solutions"},"image":{"@id":"https:\/\/archimede.ch\/#\/schema\/logo\/image\/"}}]}},"_links":{"self":[{"href":"https:\/\/archimede.ch\/es\/wp-json\/wp\/v2\/pages\/1939","targetHints":{"allow":["GET"]}}],"collection":[{"href":"https:\/\/archimede.ch\/es\/wp-json\/wp\/v2\/pages"}],"about":[{"href":"https:\/\/archimede.ch\/es\/wp-json\/wp\/v2\/types\/page"}],"author":[{"embeddable":true,"href":"https:\/\/archimede.ch\/es\/wp-json\/wp\/v2\/users\/2"}],"replies":[{"embeddable":true,"href":"https:\/\/archimede.ch\/es\/wp-json\/wp\/v2\/comments?post=1939"}],"version-history":[{"count":13,"href":"https:\/\/archimede.ch\/es\/wp-json\/wp\/v2\/pages\/1939\/revisions"}],"predecessor-version":[{"id":3473,"href":"https:\/\/archimede.ch\/es\/wp-json\/wp\/v2\/pages\/1939\/revisions\/3473"}],"wp:attachment":[{"href":"https:\/\/archimede.ch\/es\/wp-json\/wp\/v2\/media?parent=1939"}],"curies":[{"name":"wp","href":"https:\/\/api.w.org\/{rel}","templated":true}]}}